{"id":26245,"date":"2023-06-07T16:00:32","date_gmt":"2023-06-07T16:00:32","guid":{"rendered":"https:\/\/durigutti.com\/olivares\/"},"modified":"2025-06-25T21:20:12","modified_gmt":"2025-06-25T21:20:12","slug":"olivais","status":"publish","type":"page","link":"https:\/\/durigutti.com\/pt-br\/olivais\/","title":{"rendered":"Olivais"},"content":{"rendered":"<div class=\"wpb-content-wrapper\"><p>[vc_row content_text_aligment=&#8221;center&#8221; css=&#8221;.vc_custom_1723877202813{background-color: #1d1d1d !important;background-position: center !important;background-repeat: no-repeat !important;background-size: cover !important;}&#8221;][vc_column offset=&#8221;vc_hidden-sm vc_hidden-xs&#8221;][vc_empty_space height=&#8221;30px&#8221;][vc_row_inner content_text_aligment=&#8221;center&#8221; css=&#8221;.vc_custom_1723876673970{background-color: #1d1d1d !important;background-position: center !important;background-repeat: no-repeat !important;background-size: cover !important;}&#8221;][vc_column_inner width=&#8221;1\/4&#8243;][\/vc_column_inner][vc_column_inner width=&#8221;1\/2&#8243;]<div class=\"eltdf-section-title-holder\" style=\"text-align: center\">\n\t\t\t<h3 class=\"eltdf-st-title\" style=\"color: #ffffff\">\n\t\t\t<span>CAMINHO DOS OLIVAIS<\/span>\n\t\t<\/h3>\n                    <div class=\"eltdf-st-separator clearfix\">\n                <div class=\"eltdf-separator\" style=\"border-color: #d16d25\"><\/div>\n            <\/div>\n        \t\t\t<\/div>[vc_empty_space height=&#8221;30px&#8221;][\/vc_column_inner][vc_column_inner width=&#8221;1\/4&#8243;][\/vc_column_inner][\/vc_row_inner][\/vc_column][\/vc_row][vc_row content_text_aligment=&#8221;center&#8221; css=&#8221;.vc_custom_1723877202813{background-color: #1d1d1d !important;background-position: center !important;background-repeat: no-repeat !important;background-size: cover !important;}&#8221;][vc_column offset=&#8221;vc_hidden-lg vc_hidden-md&#8221;][vc_row_inner content_text_aligment=&#8221;center&#8221; css=&#8221;.vc_custom_1723876673970{background-color: #1d1d1d !important;background-position: center !important;background-repeat: no-repeat !important;background-size: cover !important;}&#8221;][vc_column_inner width=&#8221;1\/2&#8243;]<a itemprop=\"url\" href=\"https:\/\/durigutti.com\/olivares\/\" target=\"_self\" style=\"color: #ffffff;background-color: #d16d25;border-color: #d16d25;font-size: 12px;font-weight: 300;margin: 0 20px 0 20px\" class=\"eltdf-btn eltdf-btn-small eltdf-btn-solid eltdf-btn-custom-hover-bg eltdf-btn-custom-border-hover eltdf-btn-custom-hover-color\" data-hover-color=\"#d16d25\" data-hover-bg-color=\"#ffffff\" data-hover-border-color=\"#d16d25\" >\n    <span class=\"eltdf-btn-text\">ESP<\/span>\n    <\/a>[\/vc_column_inner][vc_column_inner width=&#8221;1\/2&#8243;]<a itemprop=\"url\" href=\"https:\/\/durigutti.com\/en\/olive-tree\/\" target=\"_self\" style=\"color: #ffffff;background-color: #d16d25;border-color: #d16d25;font-size: 12px;font-weight: 300;margin: 0 20px 0 20px\" class=\"eltdf-btn eltdf-btn-small eltdf-btn-solid eltdf-btn-custom-hover-bg eltdf-btn-custom-border-hover eltdf-btn-custom-hover-color\" data-hover-color=\"#d16d25\" data-hover-bg-color=\"#ffffff\" data-hover-border-color=\"#d16d25\" >\n    <span class=\"eltdf-btn-text\">ENG<\/span>\n    <\/a>[\/vc_column_inner][\/vc_row_inner][vc_row_inner content_text_aligment=&#8221;center&#8221; css=&#8221;.vc_custom_1723876673970{background-color: #1d1d1d !important;background-position: center !important;background-repeat: no-repeat !important;background-size: cover !important;}&#8221;][vc_column_inner width=&#8221;1\/4&#8243;][\/vc_column_inner][vc_column_inner width=&#8221;1\/2&#8243;]<div class=\"eltdf-section-title-holder\" style=\"text-align: center\">\n\t\t\t<h3 class=\"eltdf-st-title\" style=\"color: #ffffff\">\n\t\t\t<span>CAMINHO DOS OLIVAIS<\/span>\n\t\t<\/h3>\n                    <div class=\"eltdf-st-separator clearfix\">\n                <div class=\"eltdf-separator\" style=\"border-color: #d16d25\"><\/div>\n            <\/div>\n        \t\t\t<\/div>[vc_empty_space height=&#8221;30px&#8221;][\/vc_column_inner][vc_column_inner width=&#8221;1\/4&#8243;][\/vc_column_inner][\/vc_row_inner][\/vc_column][\/vc_row][vc_row row_content_width=&#8221;grid&#8221; css=&#8221;.vc_custom_1723879201123{margin-right: 3% !important;margin-left: 3% !important;}&#8221;][vc_column width=&#8221;1\/2&#8243; offset=&#8221;vc_hidden-sm vc_hidden-xs&#8221;][vc_empty_space height=&#8221;50px&#8221;][vc_column_text css=&#8221;.vc_custom_1750882734106{padding-right: 20px !important;}&#8221;]<\/p>\n<p style=\"text-align: center;\"><span style=\"color: #333333;\">Na Finca Victoria, a sustentabilidade n\u00e3o \u00e9 apenas uma meta empresarial, \u00e9 uma forma de vida e uma necessidade para o futuro. Como parte do nosso compromisso com a preserva\u00e7\u00e3o do ambiente e do legado hist\u00f3rico-cultural, colocamos em pr\u00e1tica diferentes programas de recupera\u00e7\u00e3o. Um deles deu origem ao nosso Caminho dos Olivais, um percurso por diferentes \u00e1reas da finca para apreciar centenas de oliveiras antigas resgatadas de outras propriedades de Mendoza.<\/span><\/p>\n<p style=\"text-align: center;\"><span style=\"color: #333333;\">Essas oliveiras com mais de 80 anos, que seriam transformadas em lenha, ganharam uma nova vida na Finca Victoria. Com elas, produzimos nosso pr\u00f3prio azeite de oliva e seus frutos tamb\u00e9m abastecem nosso restaurante, <strong>5 SUELOS \u2013 COCINA DE FINCA<\/strong>, com produtos Km0 como azeitonas em conserva e pratos frescos.<\/span><\/p>\n<p style=\"text-align: center;\"><span style=\"color: #333333;\">Hoje temos mais de 370 oliveiras recuperadas das variedades Arbequina, Frantoio e Arauco, que integram nosso passeio interpretativo, e nosso programa continua a receber novas \u00e1rvores todos os anos.<\/span><\/p>\n<p>[\/vc_column_text][vc_empty_space height=&#8221;30px&#8221;][\/vc_column][vc_column width=&#8221;1\/2&#8243; offset=&#8221;vc_hidden-sm vc_hidden-xs&#8221;]<div class=\"eltdf-image-gallery\">\n\t<div class=\"eltdf-ig-slider \" data-number-of-visible-items=\"1\" data-autoplay=\"3\" data-animation=\"slide\" data-navigation=\"no\" data-pagination=\"yes\">\n\t\t\t\t\t\t<a class=\"eltdf-ig-lightbox\" href=\"https:\/\/durigutti.com\/wp-content\/uploads\/2024\/08\/DFW_5suelos_olivares03.jpg\" data-rel=\"prettyPhoto[single_pretty_photo]\" title=\"DFW_5suelos_olivares03\">\n\t\t\t\t\t\t\t\t\t\t\t\t<img decoding=\"async\" width=\"900\" height=\"900\" src=\"https:\/\/durigutti.com\/wp-content\/uploads\/2024\/08\/DFW_5suelos_olivares03.jpg\" class=\"attachment-full size-full\" alt=\"\" srcset=\"https:\/\/durigutti.com\/wp-content\/uploads\/2024\/08\/DFW_5suelos_olivares03.jpg 900w, https:\/\/durigutti.com\/wp-content\/uploads\/2024\/08\/DFW_5suelos_olivares03-300x300.jpg 300w, https:\/\/durigutti.com\/wp-content\/uploads\/2024\/08\/DFW_5suelos_olivares03-150x150.jpg 150w, https:\/\/durigutti.com\/wp-content\/uploads\/2024\/08\/DFW_5suelos_olivares03-768x768.jpg 768w, https:\/\/durigutti.com\/wp-content\/uploads\/2024\/08\/DFW_5suelos_olivares03-550x550.jpg 550w\" sizes=\"(max-width: 900px) 100vw, 900px\" \/>\t\t\t\t\t\t\t\t\t\t\t<div class=\"eltdf-image-gallery-overlay\"><\/div>\n\t\t\t\t<\/a>\n\t\t\t\t\t\t\t<a class=\"eltdf-ig-lightbox\" href=\"https:\/\/durigutti.com\/wp-content\/uploads\/2024\/08\/DFW_5suelos_olivares02.jpg\" data-rel=\"prettyPhoto[single_pretty_photo]\" title=\"DFW_5suelos_olivares02\">\n\t\t\t\t\t\t\t\t\t\t\t\t<img decoding=\"async\" width=\"900\" height=\"900\" src=\"https:\/\/durigutti.com\/wp-content\/uploads\/2024\/08\/DFW_5suelos_olivares02.jpg\" class=\"attachment-full size-full\" alt=\"\" srcset=\"https:\/\/durigutti.com\/wp-content\/uploads\/2024\/08\/DFW_5suelos_olivares02.jpg 900w, https:\/\/durigutti.com\/wp-content\/uploads\/2024\/08\/DFW_5suelos_olivares02-300x300.jpg 300w, https:\/\/durigutti.com\/wp-content\/uploads\/2024\/08\/DFW_5suelos_olivares02-150x150.jpg 150w, https:\/\/durigutti.com\/wp-content\/uploads\/2024\/08\/DFW_5suelos_olivares02-768x768.jpg 768w, https:\/\/durigutti.com\/wp-content\/uploads\/2024\/08\/DFW_5suelos_olivares02-550x550.jpg 550w\" sizes=\"(max-width: 900px) 100vw, 900px\" \/>\t\t\t\t\t\t\t\t\t\t\t<div class=\"eltdf-image-gallery-overlay\"><\/div>\n\t\t\t\t<\/a>\n\t\t\t\t\t\t\t<a class=\"eltdf-ig-lightbox\" href=\"https:\/\/durigutti.com\/wp-content\/uploads\/2024\/08\/DFW_5suelos_olivares01.jpg\" data-rel=\"prettyPhoto[single_pretty_photo]\" title=\"DFW_5suelos_olivares01\">\n\t\t\t\t\t\t\t\t\t\t\t\t<img decoding=\"async\" width=\"900\" height=\"900\" src=\"https:\/\/durigutti.com\/wp-content\/uploads\/2024\/08\/DFW_5suelos_olivares01.jpg\" class=\"attachment-full size-full\" alt=\"\" srcset=\"https:\/\/durigutti.com\/wp-content\/uploads\/2024\/08\/DFW_5suelos_olivares01.jpg 900w, https:\/\/durigutti.com\/wp-content\/uploads\/2024\/08\/DFW_5suelos_olivares01-300x300.jpg 300w, https:\/\/durigutti.com\/wp-content\/uploads\/2024\/08\/DFW_5suelos_olivares01-150x150.jpg 150w, https:\/\/durigutti.com\/wp-content\/uploads\/2024\/08\/DFW_5suelos_olivares01-768x768.jpg 768w, https:\/\/durigutti.com\/wp-content\/uploads\/2024\/08\/DFW_5suelos_olivares01-550x550.jpg 550w\" sizes=\"(max-width: 900px) 100vw, 900px\" \/>\t\t\t\t\t\t\t\t\t\t\t<div class=\"eltdf-image-gallery-overlay\"><\/div>\n\t\t\t\t<\/a>\n\t\t\t\t<\/div>\n<\/div>[\/vc_column][\/vc_row][vc_row content_text_aligment=&#8221;center&#8221; css=&#8221;.vc_custom_1626797810649{margin-top: 0px !important;background-position: center !important;background-repeat: no-repeat !important;background-size: cover !important;}&#8221;][vc_column css=&#8221;.vc_custom_1723879358100{margin-top: 0px !important;padding-top: 0px !important;}&#8221; offset=&#8221;vc_hidden-lg vc_hidden-md&#8221;][vc_row_inner content_text_aligment=&#8221;center&#8221; css=&#8221;.vc_custom_1723879377043{margin-top: 0px !important;}&#8221;][vc_column_inner offset=&#8221;vc_hidden-lg vc_hidden-md&#8221; css=&#8221;.vc_custom_1723879365223{margin-top: 0px !important;padding-top: 0px !important;}&#8221;]<div class=\"eltdf-image-gallery\">\n\t<div class=\"eltdf-ig-slider \" data-number-of-visible-items=\"1\" data-autoplay=\"3\" data-animation=\"slide\" data-navigation=\"no\" data-pagination=\"yes\">\n\t\t\t\t\t\t<a class=\"eltdf-ig-lightbox\" href=\"https:\/\/durigutti.com\/wp-content\/uploads\/2024\/08\/DFW_5suelos_olivares03.jpg\" data-rel=\"prettyPhoto[single_pretty_photo]\" title=\"DFW_5suelos_olivares03\">\n\t\t\t\t\t\t\t\t\t\t\t\t<img decoding=\"async\" width=\"900\" height=\"900\" src=\"https:\/\/durigutti.com\/wp-content\/uploads\/2024\/08\/DFW_5suelos_olivares03.jpg\" class=\"attachment-full size-full\" alt=\"\" srcset=\"https:\/\/durigutti.com\/wp-content\/uploads\/2024\/08\/DFW_5suelos_olivares03.jpg 900w, https:\/\/durigutti.com\/wp-content\/uploads\/2024\/08\/DFW_5suelos_olivares03-300x300.jpg 300w, https:\/\/durigutti.com\/wp-content\/uploads\/2024\/08\/DFW_5suelos_olivares03-150x150.jpg 150w, https:\/\/durigutti.com\/wp-content\/uploads\/2024\/08\/DFW_5suelos_olivares03-768x768.jpg 768w, https:\/\/durigutti.com\/wp-content\/uploads\/2024\/08\/DFW_5suelos_olivares03-550x550.jpg 550w\" sizes=\"(max-width: 900px) 100vw, 900px\" \/>\t\t\t\t\t\t\t\t\t\t\t<div class=\"eltdf-image-gallery-overlay\"><\/div>\n\t\t\t\t<\/a>\n\t\t\t\t\t\t\t<a class=\"eltdf-ig-lightbox\" href=\"https:\/\/durigutti.com\/wp-content\/uploads\/2024\/08\/DFW_5suelos_olivares02.jpg\" data-rel=\"prettyPhoto[single_pretty_photo]\" title=\"DFW_5suelos_olivares02\">\n\t\t\t\t\t\t\t\t\t\t\t\t<img decoding=\"async\" width=\"900\" height=\"900\" src=\"https:\/\/durigutti.com\/wp-content\/uploads\/2024\/08\/DFW_5suelos_olivares02.jpg\" class=\"attachment-full size-full\" alt=\"\" srcset=\"https:\/\/durigutti.com\/wp-content\/uploads\/2024\/08\/DFW_5suelos_olivares02.jpg 900w, https:\/\/durigutti.com\/wp-content\/uploads\/2024\/08\/DFW_5suelos_olivares02-300x300.jpg 300w, https:\/\/durigutti.com\/wp-content\/uploads\/2024\/08\/DFW_5suelos_olivares02-150x150.jpg 150w, https:\/\/durigutti.com\/wp-content\/uploads\/2024\/08\/DFW_5suelos_olivares02-768x768.jpg 768w, https:\/\/durigutti.com\/wp-content\/uploads\/2024\/08\/DFW_5suelos_olivares02-550x550.jpg 550w\" sizes=\"(max-width: 900px) 100vw, 900px\" \/>\t\t\t\t\t\t\t\t\t\t\t<div class=\"eltdf-image-gallery-overlay\"><\/div>\n\t\t\t\t<\/a>\n\t\t\t\t\t\t\t<a class=\"eltdf-ig-lightbox\" href=\"https:\/\/durigutti.com\/wp-content\/uploads\/2024\/08\/DFW_5suelos_olivares01.jpg\" data-rel=\"prettyPhoto[single_pretty_photo]\" title=\"DFW_5suelos_olivares01\">\n\t\t\t\t\t\t\t\t\t\t\t\t<img decoding=\"async\" width=\"900\" height=\"900\" src=\"https:\/\/durigutti.com\/wp-content\/uploads\/2024\/08\/DFW_5suelos_olivares01.jpg\" class=\"attachment-full size-full\" alt=\"\" srcset=\"https:\/\/durigutti.com\/wp-content\/uploads\/2024\/08\/DFW_5suelos_olivares01.jpg 900w, https:\/\/durigutti.com\/wp-content\/uploads\/2024\/08\/DFW_5suelos_olivares01-300x300.jpg 300w, https:\/\/durigutti.com\/wp-content\/uploads\/2024\/08\/DFW_5suelos_olivares01-150x150.jpg 150w, https:\/\/durigutti.com\/wp-content\/uploads\/2024\/08\/DFW_5suelos_olivares01-768x768.jpg 768w, https:\/\/durigutti.com\/wp-content\/uploads\/2024\/08\/DFW_5suelos_olivares01-550x550.jpg 550w\" sizes=\"(max-width: 900px) 100vw, 900px\" \/>\t\t\t\t\t\t\t\t\t\t\t<div class=\"eltdf-image-gallery-overlay\"><\/div>\n\t\t\t\t<\/a>\n\t\t\t\t<\/div>\n<\/div>[vc_empty_space height=&#8221;40px&#8221;][vc_column_text css=&#8221;.vc_custom_1750882741405{padding-right: 20px !important;}&#8221;]<\/p>\n<p style=\"text-align: center;\"><span style=\"color: #333333;\">Na Finca Victoria, a sustentabilidade n\u00e3o \u00e9 apenas uma meta empresarial, \u00e9 uma forma de vida e uma necessidade para o futuro. Como parte do nosso compromisso com a preserva\u00e7\u00e3o do ambiente e do legado hist\u00f3rico-cultural, colocamos em pr\u00e1tica diferentes programas de recupera\u00e7\u00e3o. Um deles deu origem ao nosso Caminho dos Olivais, um percurso por diferentes \u00e1reas da finca para apreciar centenas de oliveiras antigas resgatadas de outras propriedades de Mendoza.<\/span><\/p>\n<p style=\"text-align: center;\"><span style=\"color: #333333;\">Essas oliveiras com mais de 80 anos, que seriam transformadas em lenha, ganharam uma nova vida na Finca Victoria. Com elas, produzimos nosso pr\u00f3prio azeite de oliva e seus frutos tamb\u00e9m abastecem nosso restaurante, <strong>5 SUELOS \u2013 COCINA DE FINCA<\/strong>, com produtos Km0 como azeitonas em conserva e pratos frescos.<\/span><\/p>\n<p style=\"text-align: center;\"><span style=\"color: #333333;\">Hoje temos mais de 370 oliveiras recuperadas das variedades Arbequina, Frantoio e Arauco, que integram nosso passeio interpretativo, e nosso programa continua a receber novas \u00e1rvores todos os anos.<\/span><\/p>\n<p>[\/vc_column_text][vc_empty_space height=&#8221;30px&#8221;][\/vc_column_inner][\/vc_row_inner][\/vc_column][\/vc_row][vc_row css=&#8221;.vc_custom_1723879170184{margin-top: 10px !important;margin-bottom: 10px !important;background-color: #1d1d1d !important;background-position: center !important;background-repeat: no-repeat !important;background-size: cover !important;}&#8221;][vc_column width=&#8221;1\/4&#8243;][\/vc_column][vc_column width=&#8221;1\/2&#8243;][vc_video link=&#8221;https:\/\/www.youtube.com\/watch?v=Glpm5q0lqI0&#8243; align=&#8221;center&#8221; css=&#8221;&#8221;][vc_empty_space height=&#8221;20px&#8221;][\/vc_column][vc_column width=&#8221;1\/4&#8243;][\/vc_column][\/vc_row]<\/p>\n<\/div>","protected":false},"excerpt":{"rendered":"<p> [&hellip;]<\/p>\n","protected":false},"author":6,"featured_media":0,"parent":0,"menu_order":0,"comment_status":"closed","ping_status":"closed","template":"full-width.php","meta":{"_seopress_robots_primary_cat":"","_seopress_titles_title":"","_seopress_titles_desc":"","_seopress_robots_index":"","_monsterinsights_skip_tracking":false,"_monsterinsights_sitenote_active":false,"_monsterinsights_sitenote_note":"","_monsterinsights_sitenote_category":0,"footnotes":""},"class_list":["post-26245","page","type-page","status-publish","hentry"],"_links":{"self":[{"href":"https:\/\/durigutti.com\/pt-br\/wp-json\/wp\/v2\/pages\/26245","targetHints":{"allow":["GET"]}}],"collection":[{"href":"https:\/\/durigutti.com\/pt-br\/wp-json\/wp\/v2\/pages"}],"about":[{"href":"https:\/\/durigutti.com\/pt-br\/wp-json\/wp\/v2\/types\/page"}],"author":[{"embeddable":true,"href":"https:\/\/durigutti.com\/pt-br\/wp-json\/wp\/v2\/users\/6"}],"replies":[{"embeddable":true,"href":"https:\/\/durigutti.com\/pt-br\/wp-json\/wp\/v2\/comments?post=26245"}],"version-history":[{"count":3,"href":"https:\/\/durigutti.com\/pt-br\/wp-json\/wp\/v2\/pages\/26245\/revisions"}],"predecessor-version":[{"id":26265,"href":"https:\/\/durigutti.com\/pt-br\/wp-json\/wp\/v2\/pages\/26245\/revisions\/26265"}],"wp:attachment":[{"href":"https:\/\/durigutti.com\/pt-br\/wp-json\/wp\/v2\/media?parent=26245"}],"curies":[{"name":"wp","href":"https:\/\/api.w.org\/{rel}","templated":true}]}}