{"id":25320,"date":"2023-04-20T22:45:43","date_gmt":"2023-04-20T22:45:43","guid":{"rendered":"https:\/\/durigutti.com\/corredor-biologico\/"},"modified":"2025-06-25T21:41:05","modified_gmt":"2025-06-25T21:41:05","slug":"corredor-biologico","status":"publish","type":"page","link":"https:\/\/durigutti.com\/pt-br\/corredor-biologico\/","title":{"rendered":"Corredor Biol\u00f3gico"},"content":{"rendered":"<div class=\"wpb-content-wrapper\"><p>[vc_row content_text_aligment=&#8221;center&#8221; css=&#8221;.vc_custom_1723877202813{background-color: #1d1d1d !important;background-position: center !important;background-repeat: no-repeat !important;background-size: cover !important;}&#8221;][vc_column offset=&#8221;vc_hidden-sm vc_hidden-xs&#8221;][vc_empty_space height=&#8221;30px&#8221;][vc_row_inner content_text_aligment=&#8221;center&#8221; css=&#8221;.vc_custom_1723876673970{background-color: #1d1d1d !important;background-position: center !important;background-repeat: no-repeat !important;background-size: cover !important;}&#8221;][vc_column_inner width=&#8221;1\/4&#8243;][\/vc_column_inner][vc_column_inner width=&#8221;1\/2&#8243;]<div class=\"eltdf-section-title-holder\" style=\"text-align: center\">\n\t\t\t<h3 class=\"eltdf-st-title\" style=\"color: #ffffff\">\n\t\t\t<span>CORREDOR BIOL\u00d3GICO<\/span>\n\t\t<\/h3>\n                    <div class=\"eltdf-st-separator clearfix\">\n                <div class=\"eltdf-separator\" style=\"border-color: #d16d25\"><\/div>\n            <\/div>\n        \t\t\t\t<h6 class=\"eltdf-st-subtitle\" style=\"color: #d16d25\">\n\t\t<span>Equil\u00edbrio Natural e Sustentabilidade no Vinhedo<\/span>\n\t\t<\/h6>\n\t\t<\/div>[vc_empty_space height=&#8221;30px&#8221;][\/vc_column_inner][vc_column_inner width=&#8221;1\/4&#8243;][\/vc_column_inner][\/vc_row_inner][\/vc_column][\/vc_row][vc_row content_text_aligment=&#8221;center&#8221; css=&#8221;.vc_custom_1723877202813{background-color: #1d1d1d !important;background-position: center !important;background-repeat: no-repeat !important;background-size: cover !important;}&#8221;][vc_column offset=&#8221;vc_hidden-lg vc_hidden-md&#8221;][vc_row_inner content_text_aligment=&#8221;center&#8221; css=&#8221;.vc_custom_1723876673970{background-color: #1d1d1d !important;background-position: center !important;background-repeat: no-repeat !important;background-size: cover !important;}&#8221;][vc_column_inner width=&#8221;1\/2&#8243;]<a itemprop=\"url\" href=\"https:\/\/durigutti.com\/corredor-biologico\/\" target=\"_self\" style=\"color: #ffffff;background-color: #d16d25;border-color: #d16d25;font-size: 12px;font-weight: 300;margin: 0 20px 0 20px\" class=\"eltdf-btn eltdf-btn-small eltdf-btn-solid eltdf-btn-custom-hover-bg eltdf-btn-custom-border-hover eltdf-btn-custom-hover-color\" data-hover-color=\"#d16d25\" data-hover-bg-color=\"#ffffff\" data-hover-border-color=\"#d16d25\" >\n    <span class=\"eltdf-btn-text\">ESP<\/span>\n    <\/a>[\/vc_column_inner][vc_column_inner width=&#8221;1\/2&#8243;]<a itemprop=\"url\" href=\"https:\/\/durigutti.com\/en\/biological-corridor\/\" target=\"_self\" style=\"color: #ffffff;background-color: #d16d25;border-color: #d16d25;font-size: 12px;font-weight: 300;margin: 0 20px 0 20px\" class=\"eltdf-btn eltdf-btn-small eltdf-btn-solid eltdf-btn-custom-hover-bg eltdf-btn-custom-border-hover eltdf-btn-custom-hover-color\" data-hover-color=\"#d16d25\" data-hover-bg-color=\"#ffffff\" data-hover-border-color=\"#d16d25\" >\n    <span class=\"eltdf-btn-text\">ENG<\/span>\n    <\/a>[\/vc_column_inner][\/vc_row_inner][vc_row_inner content_text_aligment=&#8221;center&#8221; css=&#8221;.vc_custom_1723876673970{background-color: #1d1d1d !important;background-position: center !important;background-repeat: no-repeat !important;background-size: cover !important;}&#8221;][vc_column_inner width=&#8221;1\/4&#8243;][\/vc_column_inner][vc_column_inner width=&#8221;1\/2&#8243;]<div class=\"eltdf-section-title-holder\" style=\"text-align: center\">\n\t\t\t<h3 class=\"eltdf-st-title\" style=\"color: #ffffff\">\n\t\t\t<span>CORREDOR BIOL\u00d3GICO<\/span>\n\t\t<\/h3>\n                    <div class=\"eltdf-st-separator clearfix\">\n                <div class=\"eltdf-separator\" style=\"border-color: #d16d25\"><\/div>\n            <\/div>\n        \t\t\t\t<h6 class=\"eltdf-st-subtitle\" style=\"color: #d16d25\">\n\t\t<span>Equil\u00edbrio Natural e Sustentabilidade no Vinhedo<\/span>\n\t\t<\/h6>\n\t\t<\/div>[vc_empty_space height=&#8221;30px&#8221;][\/vc_column_inner][vc_column_inner width=&#8221;1\/4&#8243;][\/vc_column_inner][\/vc_row_inner][\/vc_column][\/vc_row][vc_row css=&#8221;.vc_custom_1740517573365{background-image: url(https:\/\/durigutti.com\/wp-content\/uploads\/2025\/02\/bg_corredor-biologico.jpg?id=25267) !important;background-position: center !important;background-repeat: no-repeat !important;background-size: cover !important;}&#8221;][vc_column offset=&#8221;vc_hidden-sm vc_hidden-xs&#8221;][vc_empty_space height=&#8221;600px&#8221;][\/vc_column][\/vc_row][vc_row content_text_aligment=&#8221;center&#8221; css=&#8221;.vc_custom_1724068399531{margin-top: 0px !important;background-position: center !important;background-repeat: no-repeat !important;background-size: cover !important;}&#8221; el_id=&#8221;MOBILE&#8221;][vc_column css=&#8221;.vc_custom_1723879358100{margin-top: 0px !important;padding-top: 0px !important;}&#8221; offset=&#8221;vc_hidden-lg vc_hidden-md&#8221;][vc_row_inner content_text_aligment=&#8221;center&#8221; css=&#8221;.vc_custom_1723879377043{margin-top: 0px !important;}&#8221;][vc_column_inner offset=&#8221;vc_hidden-lg vc_hidden-md&#8221; css=&#8221;.vc_custom_1723879365223{margin-top: 0px !important;padding-top: 0px !important;}&#8221;][vc_single_image image=&#8221;25309&#8243; img_size=&#8221;full&#8221; alignment=&#8221;center&#8221; css=&#8221;&#8221;][vc_empty_space height=&#8221;40px&#8221;][vc_column_text css=&#8221;.vc_custom_1740522916799{margin-right: 10px !important;margin-left: 10px !important;}&#8221;]<\/p>\n<p style=\"text-align: center;\"><span style=\"color: #333333;\">Na Finca Victoria, convivemos em um ambiente natural privilegiado, onde a videira \u00e9 cultivada em dois cen\u00e1rios distintos: por um lado, a plan\u00edcie do nosso o\u00e1sis vitivin\u00edcola e, por outro, a encosta nativa\u2014um terreno elevado e inclinado, com um novo desenvolvimento inovador, \u00fanico em sua categoria. Aqui, iniciamos o estudo dos solos e da flora com o valioso apoio de especialistas para determinar suas caracter\u00edsticas, o que resultou em descobertas importantes que redefinem um novo cap\u00edtulo na hist\u00f3ria da IG Las Compuertas, trazendo uma nova realidade vitivin\u00edcola com um DNA completamente \u00fanico e singular. <\/span><\/p>\n<p style=\"text-align: center;\"><span style=\"color: #333333;\">Nosso cerro nativo n\u00e3o \u00e9 apenas um ref\u00fagio para a biodiversidade local, mas tamb\u00e9m um pilar fundamental em nossa vis\u00e3o de viticultura sustent\u00e1vel e regenerativa. Desde o in\u00edcio, nos propusemos a estudar esta \u00e1rea e realizar um desenvolvimento comprometido com o meio ambiente, onde as novas planta\u00e7\u00f5es de videiras se integrassem \u00e0 vegeta\u00e7\u00e3o nativa. Este corredor biol\u00f3gico atua como uma ponte natural, conectando ecossistemas e permitindo o livre tr\u00e2nsito da flora e fauna nativas, fortalecendo o equil\u00edbrio ambiental do vinhedo. <\/span><\/p>\n<p>[\/vc_column_text][vc_empty_space height=&#8221;30px&#8221;][\/vc_column_inner][\/vc_row_inner][\/vc_column][\/vc_row][vc_row row_content_width=&#8221;grid&#8221; css=&#8221;.vc_custom_1723879201123{margin-right: 3% !important;margin-left: 3% !important;}&#8221;][vc_column width=&#8221;1\/6&#8243; offset=&#8221;vc_hidden-sm vc_hidden-xs&#8221;][\/vc_column][vc_column width=&#8221;2\/3&#8243; offset=&#8221;vc_hidden-sm vc_hidden-xs&#8221;][vc_empty_space height=&#8221;30px&#8221;][vc_column_text css=&#8221;.vc_custom_1740522923819{padding-right: 20px !important;}&#8221;]<\/p>\n<p style=\"text-align: center;\"><span style=\"color: #333333;\">Na Finca Victoria, convivemos em um ambiente natural privilegiado, onde a videira \u00e9 cultivada em dois cen\u00e1rios distintos: por um lado, a plan\u00edcie do nosso o\u00e1sis vitivin\u00edcola e, por outro, a encosta nativa\u2014um terreno elevado e inclinado, com um novo desenvolvimento inovador, \u00fanico em sua categoria. Aqui, iniciamos o estudo dos solos e da flora com o valioso apoio de especialistas para determinar suas caracter\u00edsticas, o que resultou em descobertas importantes que redefinem um novo cap\u00edtulo na hist\u00f3ria da IG Las Compuertas, trazendo uma nova realidade vitivin\u00edcola com um DNA completamente \u00fanico e singular. <\/span><\/p>\n<p style=\"text-align: center;\"><span style=\"color: #333333;\">Nosso cerro nativo n\u00e3o \u00e9 apenas um ref\u00fagio para a biodiversidade local, mas tamb\u00e9m um pilar fundamental em nossa vis\u00e3o de viticultura sustent\u00e1vel e regenerativa. Desde o in\u00edcio, nos propusemos a estudar esta \u00e1rea e realizar um desenvolvimento comprometido com o meio ambiente, onde as novas planta\u00e7\u00f5es de videiras se integrassem \u00e0 vegeta\u00e7\u00e3o nativa. Este corredor biol\u00f3gico atua como uma ponte natural, conectando ecossistemas e permitindo o livre tr\u00e2nsito da flora e fauna nativas, fortalecendo o equil\u00edbrio ambiental do vinhedo. <\/span><\/p>\n<p>[\/vc_column_text][vc_empty_space height=&#8221;60px&#8221;][\/vc_column][vc_column width=&#8221;1\/6&#8243;][\/vc_column][\/vc_row][vc_row css=&#8221;.vc_custom_1724070131049{background-color: #d16d25 !important;background-position: center !important;background-repeat: no-repeat !important;background-size: cover !important;}&#8221;][vc_column][vc_empty_space height=&#8221;30px&#8221;]<div class=\"eltdf-section-title-holder\" style=\"text-align: center\">\n\t\t\t<h6 class=\"eltdf-st-title\" style=\"color: #FFFFFF\">\n\t\t\t<span>Um Vinhedo em Harmonia com a Natureza<\/span>\n\t\t<\/h6>\n                    <div class=\"eltdf-st-separator clearfix\">\n                <div class=\"eltdf-separator\" ><\/div>\n            <\/div>\n        \t\t\t<\/div>[vc_row_inner][vc_column_inner width=&#8221;1\/3&#8243;][\/vc_column_inner][vc_column_inner width=&#8221;1\/3&#8243;][vc_column_text css=&#8221;.vc_custom_1740523004542{padding-right: 20px !important;}&#8221;]<\/p>\n<p style=\"text-align: center;\"><span style=\"color: #ffffff;\">A manuten\u00e7\u00e3o e conserva\u00e7\u00e3o deste corredor dentro do vinhedo est\u00e3o alinhadas com nossa vis\u00e3o estrat\u00e9gica para o desenvolvimento sustent\u00e1vel da viticultura, trazendo benef\u00edcios essenciais: <\/span><\/p>\n<p>[\/vc_column_text][\/vc_column_inner][vc_column_inner width=&#8221;1\/3&#8243;][\/vc_column_inner][\/vc_row_inner][vc_empty_space height=&#8221;50px&#8221;][vc_row_inner css=&#8221;.vc_custom_1724070148313{margin-right: 5% !important;margin-left: 5% !important;}&#8221;][vc_column_inner width=&#8221;1\/3&#8243;][\/vc_column_inner][vc_column_inner width=&#8221;1\/3&#8243;][\/vc_column_inner][vc_column_inner width=&#8221;1\/3&#8243;][\/vc_column_inner][\/vc_row_inner][\/vc_column][\/vc_row][vc_row][vc_column width=&#8221;1\/3&#8243;][vc_single_image image=&#8221;25334&#8243; img_size=&#8221;full&#8221; alignment=&#8221;center&#8221; css=&#8221;&#8221;][vc_empty_space height=&#8221;10px&#8221;][vc_column_text css=&#8221;.vc_custom_1740596822429{margin-right: 10px !important;margin-left: 10px !important;}&#8221;]<\/p>\n<p style=\"text-align: center;\"><span style=\"color: #d16d25;\"><strong>PRESERVA\u00c7\u00c3O DA BIODIVERSIDADE:<\/strong><\/span><br \/>\n<span style=\"color: #d16d25;\"> Protegemos esp\u00e9cies nativas de flora e fauna, promovendo um ecossistema resiliente e equilibrado. <\/span><\/p>\n<p>[\/vc_column_text][vc_empty_space height=&#8221;30px&#8221;][\/vc_column][vc_column width=&#8221;1\/3&#8243;][vc_single_image image=&#8221;25340&#8243; img_size=&#8221;full&#8221; alignment=&#8221;center&#8221; css=&#8221;&#8221;][vc_empty_space height=&#8221;10px&#8221;][vc_column_text css=&#8221;.vc_custom_1740596830583{margin-right: 10px !important;margin-left: 10px !important;}&#8221;]<\/p>\n<p style=\"text-align: center;\"><span style=\"color: #d16d25;\"><strong>REGULA\u00c7\u00c3O NATURAL DO SOLO E DO CLIMA: <\/strong><\/span><br \/>\n<span style=\"color: #d16d25;\">A vegeta\u00e7\u00e3o nativa contribui para a reten\u00e7\u00e3o de umidade, a redu\u00e7\u00e3o da eros\u00e3o e a regenera\u00e7\u00e3o dos solos. <\/span><\/p>\n<p>[\/vc_column_text][vc_empty_space height=&#8221;30px&#8221;][\/vc_column][vc_column width=&#8221;1\/3&#8243;][vc_single_image image=&#8221;25337&#8243; img_size=&#8221;full&#8221; alignment=&#8221;center&#8221; css=&#8221;&#8221;][vc_empty_space height=&#8221;10px&#8221;][vc_column_text css=&#8221;.vc_custom_1740596839339{margin-right: 10px !important;margin-left: 10px !important;}&#8221;]<\/p>\n<p style=\"text-align: center;\"><span style=\"color: #d16d25;\"><strong>CONTROLE BIOL\u00d3GICO INTEGRADO: <\/strong><\/span><br \/>\n<span style=\"color: #d16d25;\">A conviv\u00eancia com insetos e aves ben\u00e9ficas reduz a necessidade de interven\u00e7\u00f5es qu\u00edmicas, promovendo um vinhedo mais saud\u00e1vel dentro de um ecossistema equilibrado, que potencializa a express\u00e3o aut\u00eantica do terroir e minimiza o impacto ambiental. <\/span><\/p>\n<p>[\/vc_column_text][vc_empty_space height=&#8221;30px&#8221;][\/vc_column][\/vc_row][vc_row][vc_column offset=&#8221;vc_hidden-lg vc_hidden-md&#8221;][vc_images_carousel images=&#8221;25275,25278,25290,25296&#8243; img_size=&#8221;full&#8221; onclick=&#8221;link_no&#8221; speed=&#8221;3000&#8243; autoplay=&#8221;yes&#8221; hide_prev_next_buttons=&#8221;yes&#8221; css=&#8221;&#8221;][\/vc_column][\/vc_row][vc_row][vc_column width=&#8221;1\/4&#8243; offset=&#8221;vc_hidden-sm vc_hidden-xs&#8221;][vc_single_image image=&#8221;25275&#8243; img_size=&#8221;full&#8221; alignment=&#8221;center&#8221; css=&#8221;&#8221;][vc_empty_space height=&#8221;30px&#8221;][\/vc_column][vc_column width=&#8221;1\/4&#8243; offset=&#8221;vc_hidden-sm vc_hidden-xs&#8221;][vc_single_image image=&#8221;25278&#8243; img_size=&#8221;full&#8221; alignment=&#8221;center&#8221; css=&#8221;&#8221;][vc_empty_space height=&#8221;30px&#8221;][\/vc_column][vc_column width=&#8221;1\/4&#8243; offset=&#8221;vc_hidden-sm vc_hidden-xs&#8221;][vc_single_image image=&#8221;25290&#8243; img_size=&#8221;full&#8221; alignment=&#8221;center&#8221; css=&#8221;&#8221;][vc_empty_space height=&#8221;30px&#8221;][\/vc_column][vc_column width=&#8221;1\/4&#8243; offset=&#8221;vc_hidden-sm vc_hidden-xs&#8221;][vc_single_image image=&#8221;25296&#8243; img_size=&#8221;full&#8221; alignment=&#8221;center&#8221; css=&#8221;&#8221;][vc_empty_space height=&#8221;30px&#8221;][\/vc_column][\/vc_row][vc_row][vc_column][vc_empty_space height=&#8221;30px&#8221;]<div class=\"eltdf-section-title-holder\" style=\"text-align: center\">\n\t\t\t<h6 class=\"eltdf-st-title\" style=\"color: #D16D25\">\n\t\t\t<span>Compromisso com uma Viticultura Respons\u00e1vel<\/span>\n\t\t<\/h6>\n                    <div class=\"eltdf-st-separator clearfix\">\n                <div class=\"eltdf-separator\" style=\"border-color: #D16D25\"><\/div>\n            <\/div>\n        \t\t\t<\/div>[vc_empty_space height=&#8221;30px&#8221;][vc_row_inner][vc_column_inner width=&#8221;1\/3&#8243;][\/vc_column_inner][vc_column_inner width=&#8221;1\/3&#8243;][vc_column_text css=&#8221;.vc_custom_1740523127935{padding-right: 20px !important;}&#8221;]<\/p>\n<p style=\"text-align: center;\"><span style=\"color: #333333;\">Acreditamos que o futuro do vinho est\u00e1 profundamente ligado a pr\u00e1ticas que respeitam e valorizam os recursos naturais. Nosso Corredor Biol\u00f3gico \u00e9 uma demonstra\u00e7\u00e3o desse compromisso, unindo tradi\u00e7\u00e3o vitivin\u00edcola e inova\u00e7\u00e3o sustent\u00e1vel. <\/span><\/p>\n<p style=\"text-align: center;\"><span style=\"color: #333333;\">As novas planta\u00e7\u00f5es e cada garrafa de vinho que nascer deste terroir ser\u00e3o testemunhos do equil\u00edbrio perfeito entre natureza e viticultura, refletindo a ess\u00eancia de uma paisagem protegida que buscamos preservar.\u00a0<\/span><\/p>\n<p>[\/vc_column_text][vc_empty_space height=&#8221;50px&#8221;][\/vc_column_inner][vc_column_inner width=&#8221;1\/3&#8243;][\/vc_column_inner][\/vc_row_inner][\/vc_column][\/vc_row][vc_row][vc_column width=&#8221;1\/4&#8243; offset=&#8221;vc_hidden-sm vc_hidden-xs&#8221;][vc_single_image image=&#8221;25293&#8243; img_size=&#8221;full&#8221; alignment=&#8221;center&#8221; css=&#8221;&#8221;][vc_empty_space height=&#8221;30px&#8221;][\/vc_column][vc_column width=&#8221;1\/4&#8243; offset=&#8221;vc_hidden-sm vc_hidden-xs&#8221;][vc_single_image image=&#8221;25287&#8243; img_size=&#8221;full&#8221; alignment=&#8221;center&#8221; css=&#8221;&#8221;][vc_empty_space height=&#8221;30px&#8221;][\/vc_column][vc_column width=&#8221;1\/4&#8243; offset=&#8221;vc_hidden-sm vc_hidden-xs&#8221;][vc_single_image image=&#8221;25284&#8243; img_size=&#8221;full&#8221; alignment=&#8221;center&#8221; css=&#8221;&#8221;][vc_empty_space height=&#8221;30px&#8221;][\/vc_column][vc_column width=&#8221;1\/4&#8243; offset=&#8221;vc_hidden-sm vc_hidden-xs&#8221;][vc_single_image image=&#8221;25281&#8243; img_size=&#8221;full&#8221; alignment=&#8221;center&#8221; css=&#8221;&#8221;][vc_empty_space height=&#8221;30px&#8221;][\/vc_column][\/vc_row][vc_row][vc_column offset=&#8221;vc_hidden-lg vc_hidden-md&#8221;][vc_images_carousel images=&#8221;25293,25287,25284,25281&#8243; img_size=&#8221;full&#8221; onclick=&#8221;link_no&#8221; speed=&#8221;3000&#8243; autoplay=&#8221;yes&#8221; hide_prev_next_buttons=&#8221;yes&#8221; css=&#8221;&#8221;][\/vc_column][\/vc_row]<\/p>\n<\/div>","protected":false},"excerpt":{"rendered":"<p> [&hellip;]<\/p>\n","protected":false},"author":6,"featured_media":0,"parent":0,"menu_order":0,"comment_status":"closed","ping_status":"closed","template":"full-width.php","meta":{"_seopress_robots_primary_cat":"","_seopress_titles_title":"","_seopress_titles_desc":"","_seopress_robots_index":"","_monsterinsights_skip_tracking":false,"_monsterinsights_sitenote_active":false,"_monsterinsights_sitenote_note":"","_monsterinsights_sitenote_category":0,"footnotes":""},"class_list":["post-25320","page","type-page","status-publish","hentry"],"_links":{"self":[{"href":"https:\/\/durigutti.com\/pt-br\/wp-json\/wp\/v2\/pages\/25320","targetHints":{"allow":["GET"]}}],"collection":[{"href":"https:\/\/durigutti.com\/pt-br\/wp-json\/wp\/v2\/pages"}],"about":[{"href":"https:\/\/durigutti.com\/pt-br\/wp-json\/wp\/v2\/types\/page"}],"author":[{"embeddable":true,"href":"https:\/\/durigutti.com\/pt-br\/wp-json\/wp\/v2\/users\/6"}],"replies":[{"embeddable":true,"href":"https:\/\/durigutti.com\/pt-br\/wp-json\/wp\/v2\/comments?post=25320"}],"version-history":[{"count":5,"href":"https:\/\/durigutti.com\/pt-br\/wp-json\/wp\/v2\/pages\/25320\/revisions"}],"predecessor-version":[{"id":26270,"href":"https:\/\/durigutti.com\/pt-br\/wp-json\/wp\/v2\/pages\/25320\/revisions\/26270"}],"wp:attachment":[{"href":"https:\/\/durigutti.com\/pt-br\/wp-json\/wp\/v2\/media?parent=25320"}],"curies":[{"name":"wp","href":"https:\/\/api.w.org\/{rel}","templated":true}]}}