{"id":21359,"date":"2022-11-28T15:42:11","date_gmt":"2022-11-28T15:42:11","guid":{"rendered":"https:\/\/durigutti.com\/nossa-colecao\/edicoes-especiais\/guardianes-del-cerro\/"},"modified":"2025-03-05T02:08:01","modified_gmt":"2025-03-05T02:08:01","slug":"guardianes-del-cerro","status":"publish","type":"page","link":"https:\/\/durigutti.com\/pt-br\/vinhos-e-bebidas\/guardianes-del-cerro\/","title":{"rendered":"GUARDIANES DEL CERRO"},"content":{"rendered":"<div class=\"wpb-content-wrapper\"><p>[vc_row content_text_aligment=&#8221;right&#8221; css=&#8221;.vc_custom_1510803926930{padding-top: 50px !important;padding-bottom: 50px !important;background-color: #1d1d1b !important;background-position: center !important;background-repeat: no-repeat !important;background-size: cover !important;}&#8221;][vc_column width=&#8221;1\/4&#8243;][\/vc_column][vc_column width=&#8221;1\/2&#8243;]<div class=\"eltdf-section-title-holder\" style=\"text-align: center\">\n\t\t\t<h3 class=\"eltdf-st-title\" style=\"color: #ffffff\">\n\t\t\t<span>GUARDIANES DEL CERRO<\/span>\n\t\t<\/h3>\n                    <div class=\"eltdf-st-separator clearfix\">\n                <div class=\"eltdf-separator\" style=\"border-color: #d16d25\"><\/div>\n            <\/div>\n        \t\t\t<\/div>[vc_empty_space height=&#8221;27px&#8221;][\/vc_column][vc_column width=&#8221;1\/4&#8243;][\/vc_column][\/vc_row][vc_row row_content_width=&#8221;grid&#8221; content_text_aligment=&#8221;center&#8221; css=&#8221;.vc_custom_1565190349736{padding-top: 0px !important;}&#8221;][vc_column offset=&#8221;vc_hidden-lg vc_hidden-md&#8221;][vc_single_image image=&#8221;21342&#8243; img_size=&#8221;medium&#8221; alignment=&#8221;center&#8221;][vc_column_text css=&#8221;.vc_custom_1669650251716{margin-top: -24px !important;}&#8221;]<\/p>\n<h3>GUARDIANES DEL CERRRO \u2013 VERMUT BIANCO<\/h3>\n<p>[\/vc_column_text][vc_column_text css=&#8221;.vc_custom_1669654428400{margin-top: -5px !important;}&#8221;]Um vermute branco de estilo italiano \u00e0 base de Pedro Ximenez, suave e elegante, equilibrado e complexo onde se destacam os perfumes dos bot\u00e2nicos da pr\u00f3pria quinta da Finca Victoria.[\/vc_column_text]<a itemprop=\"url\" href=\"\/descargas\/FT_Guardianes_del_Cerro_Vermut_Bianco_POR.pdf\" target=\"_blank\" style=\"color: #737272;border-color: #737272;font-size: 14px;font-weight: 300\" class=\"eltdf-btn eltdf-btn-small eltdf-btn-outline eltdf-btn-custom-hover-bg eltdf-btn-custom-border-hover eltdf-btn-custom-hover-color\" data-hover-color=\"#737272\" data-hover-bg-color=\"rgba(255,255,255,0.01)\" data-hover-border-color=\"#d16d25\" >\n    <span class=\"eltdf-btn-text\">FICHA T\u00c9CNICA<\/span>\n    <\/a>[vc_empty_space height=&#8221;27px&#8221;][vc_separator][vc_single_image image=&#8221;21345&#8243; img_size=&#8221;medium&#8221; alignment=&#8221;center&#8221;][vc_column_text css=&#8221;.vc_custom_1669650467118{margin-top: -24px !important;}&#8221;]<\/p>\n<h3>GUARDIANES DEL CERRO \u2013 VERMUT ROSSO<\/h3>\n<p>[\/vc_column_text][vc_column_text css=&#8221;.vc_custom_1669654461444{margin-top: -5px !important;}&#8221;]Um vermute ros\u00e9 de estilo franc\u00eas baseado na uva Cordisco de Finca Victoria, intenso e envolvente, herb\u00e1ceo e picante com os bot\u00e2nicos nativos de Las Compuertas.[\/vc_column_text][vc_empty_space height=&#8221;27px&#8221;]<a itemprop=\"url\" href=\"\/descargas\/FT_Guardianes_del_Cerro_Vermut_Rosso_POR.pdf\" target=\"_blank\" style=\"color: #737272;border-color: #737272;font-size: 14px;font-weight: 300\" class=\"eltdf-btn eltdf-btn-small eltdf-btn-outline eltdf-btn-custom-hover-bg eltdf-btn-custom-border-hover eltdf-btn-custom-hover-color\" data-hover-color=\"#737272\" data-hover-bg-color=\"rgba(255,255,255,0.01)\" data-hover-border-color=\"#d16d25\" >\n    <span class=\"eltdf-btn-text\">FICHA T\u00c9CNICA<\/span>\n    <\/a>[vc_empty_space height=&#8221;27px&#8221;][\/vc_column][\/vc_row][vc_row row_content_width=&#8221;grid&#8221; css=&#8221;.vc_custom_1565190359783{padding-top: 0px !important;}&#8221;][vc_column offset=&#8221;vc_hidden-sm vc_hidden-xs&#8221;][vc_row_inner][vc_column_inner offset=&#8221;vc_col-lg-3 vc_col-md-4&#8243;][vc_empty_space height=&#8221;10px&#8221;]<div class=\"eltdf-elements-holder eltdf-responsive-mode-768 eltdf-one-column-alignment-left\" ><div class=\"eltdf-eh-item \" data-item-class=\"eltdf-eh-custom-277148\" >\n\t<div class=\"eltdf-eh-item-inner\" >\n\t\t<div class=\"eltdf-eh-item-content eltdf-eh-custom-277148\" style=\"padding: 106px 0px 0px 0px\">\n\t\t\t<div class=\"eltdf-parallax-image\" style=\"height: 422px\">\n\t<img decoding=\"async\" src=\"https:\/\/durigutti.com\/wp-content\/uploads\/2022\/11\/vermut-bianco.jpg\" alt=\"vermut bianco\" \/>\n<\/div>\t\t<\/div>\n\t<\/div>\n\t<\/div><\/div>[\/vc_column_inner][vc_column_inner offset=&#8221;vc_col-lg-9 vc_col-md-8&#8243;]<div class=\"eltdf-elements-holder eltdf-responsive-mode-768\" ><div class=\"eltdf-eh-item \" data-item-class=\"eltdf-eh-custom-402490\" data-1024-1280=\"129px 15% 150px 0px\" data-768-1024=\"137px 10% 150px 0px\" data-600-768=\"50px 6% 150px 0px\" data-480-600=\"50px 0% 150px 0px\" data-480=\"50px 0% 150px 0px\" >\n\t<div class=\"eltdf-eh-item-inner\" >\n\t\t<div class=\"eltdf-eh-item-content eltdf-eh-custom-402490\" style=\"padding: 129px 22% 150px 0px\">\n\t\t\t[vc_column_text css=&#8221;.vc_custom_1669650416546{margin-top: -24px !important;}&#8221;]<\/p>\n<h3>GUARDIANES DEL CERRRO \u2013 VERMUT BIANCO<\/h3>\n<p>[\/vc_column_text][vc_column_text css=&#8221;.vc_custom_1669654436112{margin-top: -5px !important;}&#8221;]Um vermute branco de estilo italiano \u00e0 base de Pedro Ximenez, suave e elegante, equilibrado e complexo onde se destacam os perfumes dos bot\u00e2nicos da pr\u00f3pria quinta da Finca Victoria.[\/vc_column_text][vc_empty_space height=&#8221;27px&#8221;]<a itemprop=\"url\" href=\"\/descargas\/FT_Guardianes_del_Cerro_Vermut_Bianco_POR.pdf\" target=\"_blank\" style=\"color: #737272;border-color: #737272;font-size: 14px;font-weight: 300\" class=\"eltdf-btn eltdf-btn-small eltdf-btn-outline eltdf-btn-custom-hover-bg eltdf-btn-custom-border-hover eltdf-btn-custom-hover-color\" data-hover-color=\"#737272\" data-hover-bg-color=\"rgba(255,255,255,0.01)\" data-hover-border-color=\"#d16d25\" >\n    <span class=\"eltdf-btn-text\">FICHA T\u00c9CNICA<\/span>\n    <\/a>[vc_empty_space height=&#8221;27px&#8221;]\t\t<\/div>\n\t<\/div>\n\t<\/div><\/div>[\/vc_column_inner][\/vc_row_inner][vc_row_inner][vc_column_inner offset=&#8221;vc_col-lg-9 vc_col-md-8&#8243;]<div class=\"eltdf-elements-holder eltdf-responsive-mode-768\" ><div class=\"eltdf-eh-item eltdf-horizontal-alignment-right\" data-item-class=\"eltdf-eh-custom-138132\" data-1024-1280=\"129px 15% 150px 0px\" data-768-1024=\"137px 10% 150px 0px\" data-600-768=\"50px 6% 150px 0px\" data-480-600=\"50px 0% 150px 0px\" data-480=\"50px 0% 150px 0px\" >\n\t<div class=\"eltdf-eh-item-inner\" >\n\t\t<div class=\"eltdf-eh-item-content eltdf-eh-custom-138132\" style=\"padding: 129px 22% 150px 0px\">\n\t\t\t[vc_column_text css=&#8221;.vc_custom_1669650476358{margin-top: -24px !important;}&#8221;]<\/p>\n<h3 style=\"text-align: right;\">GUARDIANES DEL CERRO \u2013 VERMUT ROSSO<\/h3>\n<p>[\/vc_column_text][vc_column_text css=&#8221;.vc_custom_1669654450493{margin-top: -5px !important;}&#8221;]<\/p>\n<p style=\"text-align: right;\">Um vermute ros\u00e9 de estilo franc\u00eas baseado na uva Cordisco de Finca Victoria, intenso e envolvente, herb\u00e1ceo e picante com os bot\u00e2nicos nativos de Las Compuertas.<\/p>\n<p>[\/vc_column_text][vc_empty_space height=&#8221;27px&#8221;]<a itemprop=\"url\" href=\"\/descargas\/FT_Guardianes_del_Cerro_Vermut_Rosso_POR.pdf\" target=\"_blank\" style=\"color: #737272;border-color: #737272;font-size: 14px;font-weight: 300\" class=\"eltdf-btn eltdf-btn-small eltdf-btn-outline eltdf-btn-custom-hover-bg eltdf-btn-custom-border-hover eltdf-btn-custom-hover-color\" data-hover-color=\"#737272\" data-hover-bg-color=\"rgba(255,255,255,0.01)\" data-hover-border-color=\"#d16d25\" >\n    <span class=\"eltdf-btn-text\">FICHA T\u00c9CNICA<\/span>\n    <\/a>[vc_empty_space height=&#8221;27px&#8221;]\t\t<\/div>\n\t<\/div>\n\t<\/div><\/div>[\/vc_column_inner][vc_column_inner offset=&#8221;vc_col-lg-3 vc_col-md-4&#8243;][vc_empty_space height=&#8221;10px&#8221;]<div class=\"eltdf-elements-holder eltdf-responsive-mode-768 eltdf-one-column-alignment-left\" ><div class=\"eltdf-eh-item \" data-item-class=\"eltdf-eh-custom-138496\" >\n\t<div class=\"eltdf-eh-item-inner\" >\n\t\t<div class=\"eltdf-eh-item-content eltdf-eh-custom-138496\" style=\"padding: 106px 0px 0px 0px\">\n\t\t\t<div class=\"eltdf-parallax-image\" style=\"height: 422px\">\n\t<img decoding=\"async\" src=\"https:\/\/durigutti.com\/wp-content\/uploads\/2022\/11\/vermut-rosso.jpg\" alt=\"vermut rosso\" \/>\n<\/div>\t\t<\/div>\n\t<\/div>\n\t<\/div><\/div>[\/vc_column_inner][\/vc_row_inner][vc_separator][\/vc_column][\/vc_row][vc_row row_content_width=&#8221;grid&#8221; content_text_aligment=&#8221;center&#8221; css=&#8221;.vc_custom_1517362569916{padding-bottom: 50px !important;}&#8221;][vc_column width=&#8221;1\/4&#8243;][\/vc_column][vc_column width=&#8221;1\/4&#8243;][\/vc_column][vc_column width=&#8221;1\/4&#8243;][vc_empty_space height=&#8221;30px&#8221;]<a itemprop=\"url\" href=\"\/pt-br\/vinhos-e-bebidas\/\" target=\"_self\" style=\"color: #ffffff;background-color: #d16d25;border-color: #d16d25;font-size: 12px;font-weight: 300;margin: 0 20px 0 20px\" class=\"eltdf-btn eltdf-btn-small eltdf-btn-solid eltdf-btn-custom-hover-bg eltdf-btn-custom-border-hover eltdf-btn-custom-hover-color\" data-hover-color=\"#d16d25\" data-hover-bg-color=\"#ffffff\" data-hover-border-color=\"#d16d25\" >\n    <span class=\"eltdf-btn-text\">VOLTAR<\/span>\n    <\/a>[\/vc_column][vc_column width=&#8221;1\/4&#8243;][\/vc_column][\/vc_row]<\/p>\n<\/div>","protected":false},"excerpt":{"rendered":"<p> [&hellip;]<\/p>\n","protected":false},"author":6,"featured_media":0,"parent":19479,"menu_order":0,"comment_status":"closed","ping_status":"closed","template":"full-width.php","meta":{"_seopress_robots_primary_cat":"","_seopress_titles_title":"","_seopress_titles_desc":"","_seopress_robots_index":"","_monsterinsights_skip_tracking":false,"_monsterinsights_sitenote_active":false,"_monsterinsights_sitenote_note":"","_monsterinsights_sitenote_category":0,"footnotes":""},"class_list":["post-21359","page","type-page","status-publish","hentry"],"_links":{"self":[{"href":"https:\/\/durigutti.com\/pt-br\/wp-json\/wp\/v2\/pages\/21359","targetHints":{"allow":["GET"]}}],"collection":[{"href":"https:\/\/durigutti.com\/pt-br\/wp-json\/wp\/v2\/pages"}],"about":[{"href":"https:\/\/durigutti.com\/pt-br\/wp-json\/wp\/v2\/types\/page"}],"author":[{"embeddable":true,"href":"https:\/\/durigutti.com\/pt-br\/wp-json\/wp\/v2\/users\/6"}],"replies":[{"embeddable":true,"href":"https:\/\/durigutti.com\/pt-br\/wp-json\/wp\/v2\/comments?post=21359"}],"version-history":[{"count":5,"href":"https:\/\/durigutti.com\/pt-br\/wp-json\/wp\/v2\/pages\/21359\/revisions"}],"predecessor-version":[{"id":25454,"href":"https:\/\/durigutti.com\/pt-br\/wp-json\/wp\/v2\/pages\/21359\/revisions\/25454"}],"up":[{"embeddable":true,"href":"https:\/\/durigutti.com\/pt-br\/wp-json\/wp\/v2\/pages\/19479"}],"wp:attachment":[{"href":"https:\/\/durigutti.com\/pt-br\/wp-json\/wp\/v2\/media?parent=21359"}],"curies":[{"name":"wp","href":"https:\/\/api.w.org\/{rel}","templated":true}]}}