{"id":20430,"date":"2022-02-04T15:08:03","date_gmt":"2022-02-04T15:08:03","guid":{"rendered":"https:\/\/durigutti.com\/nossa-colecao\/edicoes-especiais\/durigutti-familia-20-anos\/"},"modified":"2025-03-05T02:09:12","modified_gmt":"2025-03-05T02:09:12","slug":"durigutti-familia-20-anos","status":"publish","type":"page","link":"https:\/\/durigutti.com\/pt-br\/vinhos-e-bebidas\/edicoes-especiais\/durigutti-familia-20-anos\/","title":{"rendered":"DURIGUTTI FAMILIA 20 A\u00d1OS"},"content":{"rendered":"<div class=\"wpb-content-wrapper\"><p>[vc_row row_content_width=&#8221;grid&#8221; content_text_aligment=&#8221;center&#8221;][vc_column offset=&#8221;vc_hidden-lg vc_hidden-md&#8221;][vc_separator][vc_single_image image=&#8221;20424&#8243; img_size=&#8221;medium&#8221; alignment=&#8221;center&#8221;][vc_column_text]<\/p>\n<h6><span style=\"color: #d16d25;\">2020<\/span><\/h6>\n<p>[\/vc_column_text][vc_column_text css=&#8221;.vc_custom_1643987347024{margin-top: -24px !important;}&#8221;]<\/p>\n<h3>DURIGUTTI FAMILIA 20 A\u00d1OS<\/h3>\n<p>[\/vc_column_text][vc_column_text]Em comemora\u00e7\u00e3o aos 20 anos de hist\u00f3ria da vin\u00edcola, que come\u00e7ou em 2002, este vinho de homenagem ao Malbec de Mendoza nasce em uma edi\u00e7\u00e3o limitada como uma cole\u00e7\u00e3o especial para a fam\u00edlia.[\/vc_column_text][vc_empty_space height=&#8221;27px&#8221;]<a itemprop=\"url\" href=\"\/descargas\/FT-DURIGUTTI-FAMILIA-20ANIOS_2020_PORT.pdf\" target=\"_blank\" style=\"color: #737272;border-color: #737272;font-size: 14px;font-weight: 300\" class=\"eltdf-btn eltdf-btn-small eltdf-btn-outline eltdf-btn-custom-hover-bg eltdf-btn-custom-border-hover eltdf-btn-custom-hover-color\" data-hover-color=\"#737272\" data-hover-bg-color=\"rgba(255,255,255,0.01)\" data-hover-border-color=\"#d16d25\" >\n    <span class=\"eltdf-btn-text\">FICHA TECNICA<\/span>\n    <\/a>[vc_empty_space height=&#8221;27px&#8221;]<a itemprop=\"url\" href=\"https:\/\/youtu.be\/drznqg6vDb4\" target=\"_blank\" style=\"color: #737272;border-color: #737272;font-size: 14px;font-weight: 300\" class=\"eltdf-btn eltdf-btn-small eltdf-btn-outline eltdf-btn-custom-hover-bg eltdf-btn-custom-border-hover eltdf-btn-custom-hover-color\" data-hover-color=\"#737272\" data-hover-bg-color=\"rgba(255,255,255,0.01)\" data-hover-border-color=\"#d16d25\" >\n    <span class=\"eltdf-btn-text\">VIDEO<\/span>\n    <\/a>[vc_empty_space height=&#8221;27px&#8221;][vc_separator][\/vc_column][\/vc_row][vc_row row_content_width=&#8221;grid&#8221;][vc_column offset=&#8221;vc_hidden-sm vc_hidden-xs&#8221;][vc_separator][vc_row_inner][vc_column_inner offset=&#8221;vc_col-lg-3 vc_col-md-4&#8243;][vc_empty_space height=&#8221;105px&#8221;]<div class=\"eltdf-elements-holder eltdf-responsive-mode-768 eltdf-one-column-alignment-left\" ><div class=\"eltdf-eh-item \" data-item-class=\"eltdf-eh-custom-456137\" >\n\t<div class=\"eltdf-eh-item-inner\" >\n\t\t<div class=\"eltdf-eh-item-content eltdf-eh-custom-456137\" style=\"padding: 106px 0px 0px 0px\">\n\t\t\t<div class=\"eltdf-parallax-image\" style=\"height: 422px\">\n\t<img decoding=\"async\" src=\"https:\/\/durigutti.com\/wp-content\/uploads\/2022\/10\/durigutti-familia_20aniversario.jpg\" alt=\"durigutti-familia_20aniversario\" \/>\n<\/div>\t\t<\/div>\n\t<\/div>\n\t<\/div><\/div>[\/vc_column_inner][vc_column_inner offset=&#8221;vc_col-lg-9 vc_col-md-8&#8243;]<div class=\"eltdf-elements-holder eltdf-responsive-mode-768\" ><div class=\"eltdf-eh-item \" data-item-class=\"eltdf-eh-custom-539827\" data-1024-1280=\"129px 15% 150px 0px\" data-768-1024=\"137px 10% 150px 0px\" data-600-768=\"50px 6% 150px 0px\" data-480-600=\"50px 0% 150px 0px\" data-480=\"50px 0% 150px 0px\" >\n\t<div class=\"eltdf-eh-item-inner\" >\n\t\t<div class=\"eltdf-eh-item-content eltdf-eh-custom-539827\" style=\"padding: 129px 22% 150px 0px\">\n\t\t\t[vc_column_text]<\/p>\n<h6><span style=\"color: #d16d25;\">2020<\/span><\/h6>\n<p>[\/vc_column_text][vc_column_text css=&#8221;.vc_custom_1643987333413{margin-top: -24px !important;}&#8221;]<\/p>\n<h3>DURIGUTTI FAMILIA 20 A\u00d1OS<\/h3>\n<p>[\/vc_column_text][vc_column_text]Em comemora\u00e7\u00e3o aos 20 anos de hist\u00f3ria da vin\u00edcola, que come\u00e7ou em 2002, este vinho de homenagem ao Malbec de Mendoza nasce em uma edi\u00e7\u00e3o limitada como uma cole\u00e7\u00e3o especial para a fam\u00edlia.[\/vc_column_text][vc_empty_space height=&#8221;27px&#8221;]<a itemprop=\"url\" href=\"\/descargas\/FT-DURIGUTTI-FAMILIA-20ANIOS_2020_PORT.pdf\" target=\"_blank\" style=\"color: #737272;border-color: #737272;font-size: 14px;font-weight: 300\" class=\"eltdf-btn eltdf-btn-small eltdf-btn-outline eltdf-btn-custom-hover-bg eltdf-btn-custom-border-hover eltdf-btn-custom-hover-color\" data-hover-color=\"#737272\" data-hover-bg-color=\"rgba(255,255,255,0.01)\" data-hover-border-color=\"#d16d25\" >\n    <span class=\"eltdf-btn-text\">FICHA TECNICA<\/span>\n    <\/a>[vc_empty_space height=&#8221;27px&#8221;]<a itemprop=\"url\" href=\"https:\/\/youtu.be\/drznqg6vDb4\" target=\"_blank\" style=\"color: #737272;border-color: #737272;font-size: 14px;font-weight: 300\" class=\"eltdf-btn eltdf-btn-small eltdf-btn-outline eltdf-btn-custom-hover-bg eltdf-btn-custom-border-hover eltdf-btn-custom-hover-color\" data-hover-color=\"#737272\" data-hover-bg-color=\"rgba(255,255,255,0.01)\" data-hover-border-color=\"#d16d25\" >\n    <span class=\"eltdf-btn-text\">VIDEO<\/span>\n    <\/a>[vc_empty_space height=&#8221;27px&#8221;]\t\t<\/div>\n\t<\/div>\n\t<\/div><\/div>[\/vc_column_inner][\/vc_row_inner][vc_separator][\/vc_column][\/vc_row][vc_row row_content_width=&#8221;grid&#8221; content_text_aligment=&#8221;center&#8221; css=&#8221;.vc_custom_1517362016464{padding-bottom: 50px !important;}&#8221;][vc_column width=&#8221;1\/4&#8243;][\/vc_column][vc_column width=&#8221;1\/4&#8243;][vc_empty_space height=&#8221;30px&#8221;]<a itemprop=\"url\" href=\"\/pt-br\/vinhos-e-bebidas\/edicoes-especiais\/\" target=\"_self\" style=\"color: #ffffff;background-color: #d16d25;border-color: #d16d25;font-size: 12px;font-weight: 300;margin: 0 20px 0 20px\" class=\"eltdf-btn eltdf-btn-small eltdf-btn-solid eltdf-btn-custom-hover-bg eltdf-btn-custom-border-hover eltdf-btn-custom-hover-color\" data-hover-color=\"#d16d25\" data-hover-bg-color=\"#ffffff\" data-hover-border-color=\"#d16d25\" >\n    <span class=\"eltdf-btn-text\">VOLTAR<\/span>\n    <\/a>[\/vc_column][vc_column width=&#8221;1\/4&#8243;][vc_empty_space height=&#8221;30px&#8221;]<a itemprop=\"url\" href=\"\/pt-br\/vinhos-e-bebidas\/\" target=\"_self\" style=\"color: #ffffff;background-color: #d16d25;border-color: #d16d25;font-size: 12px;font-weight: 300\" class=\"eltdf-btn eltdf-btn-small eltdf-btn-solid eltdf-btn-custom-hover-bg eltdf-btn-custom-border-hover eltdf-btn-custom-hover-color\" data-hover-color=\"#d16d25\" data-hover-bg-color=\"#ffffff\" data-hover-border-color=\"#d16d25\" >\n    <span class=\"eltdf-btn-text\">VER VINHOS E BEBIDAS<\/span>\n    <\/a>[\/vc_column][vc_column width=&#8221;1\/4&#8243;][\/vc_column][\/vc_row]<\/p>\n<\/div>","protected":false},"excerpt":{"rendered":"<p> [&hellip;]<\/p>\n","protected":false},"author":6,"featured_media":0,"parent":19460,"menu_order":0,"comment_status":"closed","ping_status":"closed","template":"full-width.php","meta":{"_seopress_robots_primary_cat":"","_seopress_titles_title":"","_seopress_titles_desc":"","_seopress_robots_index":"","_monsterinsights_skip_tracking":false,"_monsterinsights_sitenote_active":false,"_monsterinsights_sitenote_note":"","_monsterinsights_sitenote_category":0,"footnotes":""},"class_list":["post-20430","page","type-page","status-publish","hentry"],"_links":{"self":[{"href":"https:\/\/durigutti.com\/pt-br\/wp-json\/wp\/v2\/pages\/20430","targetHints":{"allow":["GET"]}}],"collection":[{"href":"https:\/\/durigutti.com\/pt-br\/wp-json\/wp\/v2\/pages"}],"about":[{"href":"https:\/\/durigutti.com\/pt-br\/wp-json\/wp\/v2\/types\/page"}],"author":[{"embeddable":true,"href":"https:\/\/durigutti.com\/pt-br\/wp-json\/wp\/v2\/users\/6"}],"replies":[{"embeddable":true,"href":"https:\/\/durigutti.com\/pt-br\/wp-json\/wp\/v2\/comments?post=20430"}],"version-history":[{"count":23,"href":"https:\/\/durigutti.com\/pt-br\/wp-json\/wp\/v2\/pages\/20430\/revisions"}],"predecessor-version":[{"id":25455,"href":"https:\/\/durigutti.com\/pt-br\/wp-json\/wp\/v2\/pages\/20430\/revisions\/25455"}],"up":[{"embeddable":true,"href":"https:\/\/durigutti.com\/pt-br\/wp-json\/wp\/v2\/pages\/19460"}],"wp:attachment":[{"href":"https:\/\/durigutti.com\/pt-br\/wp-json\/wp\/v2\/media?parent=20430"}],"curies":[{"name":"wp","href":"https:\/\/api.w.org\/{rel}","templated":true}]}}