{"id":20190,"date":"2018-01-26T21:57:48","date_gmt":"2018-01-26T21:57:48","guid":{"rendered":"https:\/\/durigutti.com\/bodega\/"},"modified":"2022-09-08T15:38:25","modified_gmt":"2022-09-08T15:38:25","slug":"vinicola","status":"publish","type":"page","link":"https:\/\/durigutti.com\/pt-br\/vinicola\/","title":{"rendered":"Vin\u00edcola"},"content":{"rendered":"<div class=\"wpb-content-wrapper\"><p>[vc_row content_text_aligment=&#8221;right&#8221; css=&#8221;.vc_custom_1513739240864{background-position: center !important;background-repeat: no-repeat !important;background-size: cover !important;}&#8221;][vc_column offset=&#8221;vc_hidden-xs&#8221; css=&#8221;.vc_custom_1662648484633{padding-top: 50px !important;padding-bottom: 50px !important;background-image: url(https:\/\/durigutti.com\/wp-content\/uploads\/2022\/09\/bg-bodega.jpg?id=20156) !important;background-position: center !important;background-repeat: no-repeat !important;background-size: cover !important;}&#8221;][vc_empty_space height=&#8221;280px&#8221;][vc_custom_heading text=&#8221;\u201cViticultura de precis\u00e3o\u201d&#8221; font_container=&#8221;tag:h6|text_align:right|color:%23ffffff&#8221; use_theme_fonts=&#8221;yes&#8221; css_animation=&#8221;fadeInDown&#8221; css=&#8221;.vc_custom_1662651402407{padding-right: 30px !important;}&#8221;][\/vc_column][\/vc_row][vc_row content_text_aligment=&#8221;right&#8221; css=&#8221;.vc_custom_1513739106707{background-position: center !important;background-repeat: no-repeat !important;background-size: cover !important;}&#8221;][vc_column css=&#8221;.vc_custom_1662648509929{padding-top: 20px !important;padding-bottom: 20px !important;background-image: url(https:\/\/durigutti.com\/wp-content\/uploads\/2022\/09\/bg-bodega.jpg?id=20156) !important;background-position: center !important;background-repeat: no-repeat !important;background-size: cover !important;}&#8221; offset=&#8221;vc_hidden-lg vc_hidden-md vc_hidden-sm&#8221;][vc_empty_space height=&#8221;280px&#8221;][vc_custom_heading text=&#8221;\u201cViticultura<br \/>\nde precis\u00e3o\u201d&#8221; font_container=&#8221;tag:h6|text_align:right|color:%23ffffff&#8221; use_theme_fonts=&#8221;yes&#8221; css_animation=&#8221;fadeInDown&#8221; css=&#8221;.vc_custom_1662651410820{padding-right: 30px !important;}&#8221;][\/vc_column][\/vc_row][vc_row row_content_width=&#8221;grid&#8221; content_text_aligment=&#8221;center&#8221; css=&#8221;.vc_custom_1517350863665{background-position: center !important;background-repeat: no-repeat !important;background-size: cover !important;}&#8221;][vc_column width=&#8221;1\/2&#8243;]\n\t\t\t<!-- START mapa REVOLUTION SLIDER 6.6.20 --><p class=\"rs-p-wp-fix\"><\/p>\n\t\t\t<rs-module-wrap id=\"rev_slider_10_1_wrapper\" data-source=\"gallery\" style=\"visibility:hidden;background:transparent;padding:0;margin:0px auto;margin-top:0;margin-bottom:0;\">\n\t\t\t\t<rs-module id=\"rev_slider_10_1\" style=\"\" data-version=\"6.6.20\">\n\t\t\t\t\t<rs-slides style=\"overflow: hidden; position: absolute;\">\n\t\t\t\t\t\t<rs-slide style=\"position: absolute;\" data-key=\"rs-12\" data-title=\"Slide\" data-anim=\"adpr:false;\">\n\t\t\t\t\t\t\t<img decoding=\"async\" src=\"\/\/durigutti.com\/wp-content\/plugins\/revslider\/public\/assets\/assets\/dummy.png\" alt=\"Slide\" title=\"Vin\u00edcola\" class=\"rev-slidebg tp-rs-img rs-lazyload\" data-lazyload=\"\/\/durigutti.com\/wp-content\/plugins\/revslider\/public\/assets\/assets\/transparent.png\" data-no-retina>\n<!--\n\t\t\t\t\t\t\t--><rs-layer\n\t\t\t\t\t\t\t\tid=\"slider-10-slide-12-layer-1\" \n\t\t\t\t\t\t\t\tdata-type=\"image\"\n\t\t\t\t\t\t\t\tdata-rsp_ch=\"on\"\n\t\t\t\t\t\t\t\tdata-xy=\"x:c;y:c;\"\n\t\t\t\t\t\t\t\tdata-text=\"l:22;a:inherit;\"\n\t\t\t\t\t\t\t\tdata-dim=\"w:500px;h:500px;\"\n\t\t\t\t\t\t\t\tdata-frame_0=\"sX:2;sY:2;tp:600;\"\n\t\t\t\t\t\t\t\tdata-frame_0_mask=\"u:t;\"\n\t\t\t\t\t\t\t\tdata-frame_1=\"tp:600;e:power2.in;st:30;sp:1000;sR:30;\"\n\t\t\t\t\t\t\t\tdata-frame_1_mask=\"u:t;\"\n\t\t\t\t\t\t\t\tdata-frame_999=\"sX:0.2;sY:0.2;o:0;rZ:0deg;tp:600;e:back.inOut;st:2570;sp:500;sR:1540;\"\n\t\t\t\t\t\t\t\tdata-frame_999_mask=\"u:t;\"\n\t\t\t\t\t\t\t\tstyle=\"z-index:5;\"\n\t\t\t\t\t\t\t><img decoding=\"async\" src=\"\/\/durigutti.com\/wp-content\/plugins\/revslider\/public\/assets\/assets\/dummy.png\" alt=\"\" class=\"tp-rs-img rs-lazyload\" width=\"500\" height=\"500\" data-lazyload=\"\/\/durigutti.com\/wp-content\/uploads\/2018\/01\/mapa_mundo.png\" data-no-retina> \n\t\t\t\t\t\t\t<\/rs-layer><!--\n\n\t\t\t\t\t\t\t--><rs-layer\n\t\t\t\t\t\t\t\tid=\"slider-10-slide-12-layer-2\" \n\t\t\t\t\t\t\t\tdata-type=\"image\"\n\t\t\t\t\t\t\t\tdata-rsp_ch=\"on\"\n\t\t\t\t\t\t\t\tdata-xy=\"x:c;y:c;yo:-1px;\"\n\t\t\t\t\t\t\t\tdata-text=\"l:22;a:inherit;\"\n\t\t\t\t\t\t\t\tdata-dim=\"w:261px;h:501px;\"\n\t\t\t\t\t\t\t\tdata-frame_0=\"sX:0.2;sY:0.2;tp:600;\"\n\t\t\t\t\t\t\t\tdata-frame_1=\"tp:600;e:power4.out;st:2460;sp:510;sR:2460;\"\n\t\t\t\t\t\t\t\tdata-frame_999=\"sX:0.2;sY:0.2;o:0;tp:600;st:5400;sp:500;sR:2430;\"\n\t\t\t\t\t\t\t\tstyle=\"z-index:6;\"\n\t\t\t\t\t\t\t><img decoding=\"async\" src=\"\/\/durigutti.com\/wp-content\/plugins\/revslider\/public\/assets\/assets\/dummy.png\" alt=\"\" class=\"tp-rs-img rs-lazyload\" width=\"261\" height=\"501\" data-lazyload=\"\/\/durigutti.com\/wp-content\/uploads\/2018\/01\/mapa_arg.png\" data-no-retina> \n\t\t\t\t\t\t\t<\/rs-layer><!--\n\n\t\t\t\t\t\t\t--><rs-layer\n\t\t\t\t\t\t\t\tid=\"slider-10-slide-12-layer-3\" \n\t\t\t\t\t\t\t\tdata-type=\"image\"\n\t\t\t\t\t\t\t\tdata-rsp_ch=\"on\"\n\t\t\t\t\t\t\t\tdata-xy=\"x:c;y:c;yo:-1px;\"\n\t\t\t\t\t\t\t\tdata-text=\"l:22;a:inherit;\"\n\t\t\t\t\t\t\t\tdata-dim=\"w:359px;h:471px;\"\n\t\t\t\t\t\t\t\tdata-frame_0=\"sX:0.2;sY:0.2;tp:600;\"\n\t\t\t\t\t\t\t\tdata-frame_1=\"tp:600;e:power3.in;st:5230;sp:510;sR:5230;\"\n\t\t\t\t\t\t\t\tdata-frame_999=\"sX:1;sY:1;o:0;tp:600;st:w;sR:3260;\"\n\t\t\t\t\t\t\t\tstyle=\"z-index:7;\"\n\t\t\t\t\t\t\t><img decoding=\"async\" src=\"\/\/durigutti.com\/wp-content\/plugins\/revslider\/public\/assets\/assets\/dummy.png\" alt=\"\" class=\"tp-rs-img rs-lazyload\" width=\"359\" height=\"471\" data-lazyload=\"\/\/durigutti.com\/wp-content\/uploads\/2018\/01\/mapa_mza.png\" data-no-retina> \n\t\t\t\t\t\t\t<\/rs-layer><!--\n-->\t\t\t\t\t\t<\/rs-slide>\n\t\t\t\t\t<\/rs-slides>\n\t\t\t\t<\/rs-module>\n\t\t\t\t<script>\n\t\t\t\t\tsetREVStartSize({c: 'rev_slider_10_1',rl:[1240,1024,778,480],el:[],gw:[800],gh:[600],type:'standard',justify:'',layout:'fullwidth',mh:\"0\"});if (window.RS_MODULES!==undefined && window.RS_MODULES.modules!==undefined && window.RS_MODULES.modules[\"revslider101\"]!==undefined) {window.RS_MODULES.modules[\"revslider101\"].once = false;window.revapi10 = undefined;if (window.RS_MODULES.checkMinimal!==undefined) window.RS_MODULES.checkMinimal()}\n\t\t\t\t<\/script>\n\t\t\t<\/rs-module-wrap>\n\t\t\t<!-- END REVOLUTION SLIDER -->\n[\/vc_column][vc_column width=&#8221;1\/2&#8243;][vc_empty_space height=&#8221;45px&#8221;][vc_column_text]Nossa adega est\u00e1 localizada no cora\u00e7\u00e3o de Luj\u00e1n de Cuyo, precisamente no distrito de Las Compuertas, uma das \u00e1reas mais antigas e tradicionais para a produ\u00e7\u00e3o de vinhos de alta qualidade do pa\u00eds. Daqui nasceram os primeiros Malbecs da Argentina e atualmente \u00e9 uma das microrregi\u00f5es em processo de revaloriza\u00e7\u00e3o com vinhedos centen\u00e1rios premiados.<\/p>\n<p>&nbsp;<\/p>\n<p>Os nossos vinhos refletem o justo equil\u00edbrio entre tradi\u00e7\u00e3o e inova\u00e7\u00e3o \u2013 sele\u00e7\u00e3o artesanal de uvas, remontagem manual, pisonage, leveduras aut\u00f3ctones, controlo de temperatura, peculiares macera\u00e7\u00f5es a quente e a frio, lagares hidr\u00e1ulicos, cubas de a\u00e7o, recipientes de bet\u00e3o e terracota \u2013 onde coexistem t\u00e9cnicas ancestrais com tecnologias modernas.[\/vc_column_text][\/vc_column][\/vc_row][vc_row content_text_aligment=&#8221;right&#8221; css=&#8221;.vc_custom_1517350319196{background-position: center !important;background-repeat: no-repeat !important;background-size: cover !important;}&#8221;][vc_column offset=&#8221;vc_hidden-xs&#8221; css=&#8221;.vc_custom_1520909173610{padding-top: 50px !important;padding-bottom: 50px !important;background-image: url(http:\/\/durigutti.com\/wp-content\/uploads\/2018\/01\/img_bodega2.jpg?id=12399) !important;background-position: center !important;background-repeat: no-repeat !important;background-size: cover !important;}&#8221;][vc_empty_space height=&#8221;400px&#8221;][\/vc_column][\/vc_row][vc_row content_text_aligment=&#8221;center&#8221; css=&#8221;.vc_custom_1510125004060{background-position: center !important;background-repeat: no-repeat !important;background-size: cover !important;}&#8221;][vc_column][vc_row_inner content_text_aligment=&#8221;left&#8221;][vc_column_inner width=&#8221;1\/2&#8243;][vc_images_carousel images=&#8221;20161,20164,20167,20170,20173,20176,20179,20182,20185&#8243; img_size=&#8221;full&#8221; onclick=&#8221;link_no&#8221; speed=&#8221;3000&#8243; autoplay=&#8221;yes&#8221;][\/vc_column_inner][vc_column_inner width=&#8221;1\/2&#8243;][vc_empty_space height=&#8221;35px&#8221;][vc_custom_heading text=&#8221;Nossa pr\u00f3pria adega na Finca Victoria:&#8221; font_container=&#8221;tag:h5|text_align:right|color:%23ffffff&#8221; use_theme_fonts=&#8221;yes&#8221; css_animation=&#8221;none&#8221; css=&#8221;.vc_custom_1662651435294{padding-right: 30px !important;}&#8221;][vc_column_text css=&#8221;.vc_custom_1662651447862{margin-right: 50px !important;margin-left: 50px !important;}&#8221;]Nas suas pr\u00f3prias instala\u00e7\u00f5es, existe atualmente um primeiro armaz\u00e9m de adega, inaugurado a 4 de mar\u00e7o de 2021. Este primeiro m\u00f3dulo tem uma capacidade de produ\u00e7\u00e3o de 196.500 litros que ser\u00e1 integrado no segundo m\u00f3dulo em constru\u00e7\u00e3o (armaz\u00e9m principal) para resultar no final de uma pequena adega familiar de 450.000 litros.<\/p>\n<p>&nbsp;<\/p>\n<p>O edif\u00edcio, constru\u00eddo inteiramente em bet\u00e3o, assenta em 12 pilares discretos, uma estrutura minimalista e simples que reflete o processo silencioso pelo qual as uvas se transformam em vinho. O navio atual de quase 257 m2, possui 17 modestas bacias de concreto de parede dupla, 3 ovos de cimento sem ep\u00f3xi de 3300 litros cada, 10 \u00e2nforas de terracota (4 unidades de 1000 litros, 2 unidades de 500 litros. 2 unidades de 225 litros e 2 unidades de 200 litros), al\u00e9m de 4 fermentadores de rolos de 600 litros de carvalho franc\u00eas, ideais para microvinifica\u00e7\u00e3o de vinhos premium.<\/p>\n<p>&nbsp;<\/p>\n<p>O equipamento \u00e9 completado com prensa pneum\u00e1tica, desenga\u00e7ador e selecionador \u00f3ptico de alta precis\u00e3o.<\/p>\n<p>&nbsp;<\/p>\n<p>Estamos em plena expans\u00e3o da vin\u00edcola para continuar crescendo, agregando tecnologia de precis\u00e3o e proporcionando melhores experi\u00eancias para quem nos visita.[\/vc_column_text][\/vc_column_inner][\/vc_row_inner][\/vc_column][\/vc_row][vc_row row_content_width=&#8221;grid&#8221; css=&#8221;.vc_custom_1517351050458{margin-bottom: 20px !important;}&#8221;][vc_column]<div class=\"eltdf-elements-holder eltdf-four-columns eltdf-responsive-mode-768 eltdf-one-column-alignment-center\" ><div class=\"eltdf-eh-item eltdf-vertical-alignment-top eltdf-horizontal-alignment-center\" data-item-class=\"eltdf-eh-custom-450620\" data-1280-1600=\"0px 26% 0px 1%\" data-1024-1280=\"0px 10% 0px 1%\" data-768-1024=\"0px 0% 0px 1%\" data-600-768=\"0px 0% 0px 1%\" data-480-600=\"0px 0% 0px 1%\" data-480=\"0px 0% 0px 1%\" >\n\t<div class=\"eltdf-eh-item-inner\" >\n\t\t<div class=\"eltdf-eh-item-content eltdf-eh-custom-450620\" style=\"padding: 0px 27% 0px 1%\">\n\t\t\t[vc_empty_space height=&#8221;45px&#8221;]<div class=\"eltdf-iwt clearfix eltdf-iwt-icon-top eltdf-iwt-icon-medium\">\n    <div class=\"eltdf-iwt-icon\">\n                                    <img decoding=\"async\" width=\"80\" height=\"80\" src=\"https:\/\/durigutti.com\/wp-content\/uploads\/2018\/01\/ico_bodega-02.png\" class=\"attachment-full size-full\" alt=\"\" \/>                        <\/div>\n    <div class=\"eltdf-iwt-content\" style=\"padding-top: 20px\">\n\t    \t\t    <\/div>\n<\/div><div class=\"eltdf-counter-holder\">\n\t<div class=\"eltdf-counter-inner\">\n\t\t\t\t\t<span class=\"eltdf-counter eltdf-zero-counter\" style=\"font-size: 35px;color: #ffffff\">17<\/span>\n\t\t\t\t\t\t\t<h6 class=\"eltdf-counter-title\" style=\"color: #d16d25\">\n\t\t\t\trecipientes de concreto sem ep\u00f3xi\t\t\t<\/h6>\n\t\t\t\t\t<\/div>\n<\/div>\t\t<\/div>\n\t<\/div>\n\t<\/div><div class=\"eltdf-eh-item eltdf-vertical-alignment-top eltdf-horizontal-alignment-center\" data-item-class=\"eltdf-eh-custom-790934\" data-1280-1600=\"0px 26% 0px 1%\" data-1024-1280=\"0px 10% 0px 1%\" data-768-1024=\"0px 0% 0px 1%\" data-600-768=\"0px 0% 0px 1%\" data-480-600=\"0px 0% 0px 1%\" data-480=\"0px 0% 0px 1%\" >\n\t<div class=\"eltdf-eh-item-inner\" >\n\t\t<div class=\"eltdf-eh-item-content eltdf-eh-custom-790934\" style=\"padding: 0px 27% 0px 1%\">\n\t\t\t[vc_empty_space height=&#8221;45px&#8221;]<div class=\"eltdf-iwt clearfix eltdf-iwt-icon-top eltdf-iwt-icon-medium\">\n    <div class=\"eltdf-iwt-icon\">\n                                    <img decoding=\"async\" width=\"80\" height=\"80\" src=\"https:\/\/durigutti.com\/wp-content\/uploads\/2018\/01\/ico_bodega04.png\" class=\"attachment-full size-full\" alt=\"\" \/>                        <\/div>\n    <div class=\"eltdf-iwt-content\" style=\"padding-top: 20px\">\n\t    \t\t    <\/div>\n<\/div><div class=\"eltdf-counter-holder\">\n\t<div class=\"eltdf-counter-inner\">\n\t\t\t\t\t<span class=\"eltdf-counter eltdf-zero-counter\" style=\"font-size: 35px;color: #ffffff\">3<\/span>\n\t\t\t\t\t\t\t<h6 class=\"eltdf-counter-title\" style=\"color: #d16d25\">\n\t\t\t\tovos de cimento sem ep\u00f3xi\t\t\t<\/h6>\n\t\t\t\t\t<\/div>\n<\/div>\t\t<\/div>\n\t<\/div>\n\t<\/div><div class=\"eltdf-eh-item eltdf-vertical-alignment-top eltdf-horizontal-alignment-center\" data-item-class=\"eltdf-eh-custom-775158\" data-1280-1600=\"0px 26% 0px 1%\" data-1024-1280=\"0px 10% 0px 1%\" data-768-1024=\"0px 0% 0px 1%\" data-600-768=\"0px 0% 0px 1%\" data-480-600=\"0px 0% 0px 1%\" data-480=\"0px 0% 0px 1%\" >\n\t<div class=\"eltdf-eh-item-inner\" >\n\t\t<div class=\"eltdf-eh-item-content eltdf-eh-custom-775158\" style=\"padding: 0px 27% 0px 1%\">\n\t\t\t[vc_empty_space height=&#8221;45px&#8221;]<div class=\"eltdf-iwt clearfix eltdf-iwt-icon-top eltdf-iwt-icon-medium\">\n    <div class=\"eltdf-iwt-icon\">\n                                    <img decoding=\"async\" width=\"80\" height=\"80\" src=\"https:\/\/durigutti.com\/wp-content\/uploads\/2022\/09\/ico_bodega-08.png\" class=\"attachment-full size-full\" alt=\"\" \/>                        <\/div>\n    <div class=\"eltdf-iwt-content\" style=\"padding-top: 20px\">\n\t    \t\t    <\/div>\n<\/div><div class=\"eltdf-counter-holder\">\n\t<div class=\"eltdf-counter-inner\">\n\t\t\t\t\t<span class=\"eltdf-counter eltdf-zero-counter\" style=\"font-size: 35px;color: #ffffff\">10<\/span>\n\t\t\t\t\t\t\t<h6 class=\"eltdf-counter-title\" style=\"color: #d16d25\">\n\t\t\t\t\u00e2nforas de terracota\t\t\t<\/h6>\n\t\t\t\t\t<\/div>\n<\/div>\t\t<\/div>\n\t<\/div>\n\t<\/div><div class=\"eltdf-eh-item eltdf-vertical-alignment-top eltdf-horizontal-alignment-center\" data-item-class=\"eltdf-eh-custom-741011\" data-1280-1600=\"0px 26% 0px 1%\" data-1024-1280=\"0px 10% 0px 1%\" data-768-1024=\"0px 0% 0px 1%\" data-600-768=\"0px 0% 0px 1%\" data-480-600=\"0px 0% 0px 1%\" data-480=\"0px 0% 0px 1%\" >\n\t<div class=\"eltdf-eh-item-inner\" >\n\t\t<div class=\"eltdf-eh-item-content eltdf-eh-custom-741011\" style=\"padding: 0px 27% 0px 1%\">\n\t\t\t[vc_empty_space height=&#8221;45px&#8221;]<div class=\"eltdf-iwt clearfix eltdf-iwt-icon-top eltdf-iwt-icon-medium\">\n    <div class=\"eltdf-iwt-icon\">\n                                    <img decoding=\"async\" width=\"80\" height=\"80\" src=\"https:\/\/durigutti.com\/wp-content\/uploads\/2018\/01\/ico_bodega-06.png\" class=\"attachment-full size-full\" alt=\"\" \/>                        <\/div>\n    <div class=\"eltdf-iwt-content\" style=\"padding-top: 20px\">\n\t    \t\t    <\/div>\n<\/div><div class=\"eltdf-counter-holder\">\n\t<div class=\"eltdf-counter-inner\">\n\t\t\t\t\t<span class=\"eltdf-counter eltdf-zero-counter\" style=\"font-size: 35px;color: #ffffff\">4<\/span>\n\t\t\t\t\t\t\t<h6 class=\"eltdf-counter-title\" style=\"color: #d16d25\">\n\t\t\t\trolo de fermentador\t\t\t<\/h6>\n\t\t\t\t\t<\/div>\n<\/div>\t\t<\/div>\n\t<\/div>\n\t<\/div><\/div>[vc_empty_space height=&#8221;45px&#8221;][\/vc_column][\/vc_row]<\/p>\n<\/div>","protected":false},"excerpt":{"rendered":"<p> [&hellip;]<\/p>\n","protected":false},"author":6,"featured_media":0,"parent":0,"menu_order":0,"comment_status":"closed","ping_status":"closed","template":"full-width.php","meta":{"_seopress_robots_primary_cat":"","_seopress_titles_title":"","_seopress_titles_desc":"","_seopress_robots_index":"","_monsterinsights_skip_tracking":false,"_monsterinsights_sitenote_active":false,"_monsterinsights_sitenote_note":"","_monsterinsights_sitenote_category":0,"footnotes":""},"class_list":["post-20190","page","type-page","status-publish","hentry"],"_links":{"self":[{"href":"https:\/\/durigutti.com\/pt-br\/wp-json\/wp\/v2\/pages\/20190","targetHints":{"allow":["GET"]}}],"collection":[{"href":"https:\/\/durigutti.com\/pt-br\/wp-json\/wp\/v2\/pages"}],"about":[{"href":"https:\/\/durigutti.com\/pt-br\/wp-json\/wp\/v2\/types\/page"}],"author":[{"embeddable":true,"href":"https:\/\/durigutti.com\/pt-br\/wp-json\/wp\/v2\/users\/6"}],"replies":[{"embeddable":true,"href":"https:\/\/durigutti.com\/pt-br\/wp-json\/wp\/v2\/comments?post=20190"}],"version-history":[{"count":3,"href":"https:\/\/durigutti.com\/pt-br\/wp-json\/wp\/v2\/pages\/20190\/revisions"}],"predecessor-version":[{"id":20194,"href":"https:\/\/durigutti.com\/pt-br\/wp-json\/wp\/v2\/pages\/20190\/revisions\/20194"}],"wp:attachment":[{"href":"https:\/\/durigutti.com\/pt-br\/wp-json\/wp\/v2\/media?parent=20190"}],"curies":[{"name":"wp","href":"https:\/\/api.w.org\/{rel}","templated":true}]}}