{"id":19644,"date":"2017-11-16T04:33:31","date_gmt":"2017-11-16T04:33:31","guid":{"rendered":"https:\/\/durigutti.com\/nossa-colecao\/aguijon-de-abeja\/"},"modified":"2025-12-16T05:12:08","modified_gmt":"2025-12-16T05:12:08","slug":"aguijon-de-abeja","status":"publish","type":"page","link":"https:\/\/durigutti.com\/pt-br\/vinhos-e-bebidas\/aguijon-de-abeja\/","title":{"rendered":"Aguij\u00f3n de Abeja"},"content":{"rendered":"<div class=\"wpb-content-wrapper\"><p>[vc_row css=&#8221;.vc_custom_1510807090634{padding-top: 50px !important;padding-bottom: 50px !important;background-color: #1d1d1b !important;background-position: center !important;background-repeat: no-repeat !important;background-size: cover !important;}&#8221;][vc_column]<div class=\"eltdf-section-title-holder\" style=\"text-align: center\">\n\t\t\t<h3 class=\"eltdf-st-title\" style=\"color: #ffffff\">\n\t\t\t<span>EL VINO FEDERAL<\/span>\n\t\t<\/h3>\n                    <div class=\"eltdf-st-separator clearfix\">\n                <div class=\"eltdf-separator\" style=\"border-color: #d16d25\"><\/div>\n            <\/div>\n        \t\t\t<\/div>[\/vc_column][\/vc_row][vc_row css=&#8221;.vc_custom_1517360022906{padding-top: 20px !important;padding-bottom: 20px !important;}&#8221;][vc_column width=&#8221;1\/4&#8243;][\/vc_column][vc_column width=&#8221;1\/2&#8243;][vc_column_text]<\/p>\n<p style=\"text-align: center;\">Al igual que la tarea laboriosa de la abeja, nuestra misi\u00f3n es explorar terru\u00f1os m\u00e1s all\u00e1 de Mendoza y recorrer distintas regiones vitivin\u00edcolas argentinas para encontrar el varietal que mejor nos representa en cada provincia. As\u00ed nace el vino federal, nuestro homenaje a la riqueza del suelo argentino.<\/p>\n<p>[\/vc_column_text][\/vc_column][vc_column width=&#8221;1\/4&#8243;][\/vc_column][\/vc_row][vc_row row_content_width=&#8221;grid&#8221; content_text_aligment=&#8221;center&#8221; css=&#8221;.vc_custom_1520391384348{margin-top: 70px !important;}&#8221;][vc_column width=&#8221;1\/6&#8243;][\/vc_column][vc_column width=&#8221;2\/6&#8243;]<div class=\"eltdf-section-title-holder\" style=\"text-align: center\">\n\t\t\t<h4 class=\"eltdf-st-title\" style=\"color: #ffffff\">\n\t\t\t<span>AGUIJ\u00d3N DE ABEJA<\/span>\n\t\t<\/h4>\n                    <div class=\"eltdf-st-separator clearfix\">\n                <div class=\"eltdf-separator\" style=\"border-color: #d16d25\"><\/div>\n            <\/div>\n        \t\t\t<\/div>[vc_empty_space height=&#8221;30px&#8221;]<div class=\"eltdf-banner-holder\">\n    <div class=\"eltdf-banner-image\">\n\t    <img decoding=\"async\" width=\"1000\" height=\"1123\" src=\"https:\/\/durigutti.com\/wp-content\/uploads\/2025\/12\/ada_obrera.jpg\" class=\"attachment-full size-full\" alt=\"aguijon de abeja obrera\" srcset=\"https:\/\/durigutti.com\/wp-content\/uploads\/2025\/12\/ada_obrera.jpg 1000w, https:\/\/durigutti.com\/wp-content\/uploads\/2025\/12\/ada_obrera-267x300.jpg 267w, https:\/\/durigutti.com\/wp-content\/uploads\/2025\/12\/ada_obrera-912x1024.jpg 912w, https:\/\/durigutti.com\/wp-content\/uploads\/2025\/12\/ada_obrera-768x862.jpg 768w\" sizes=\"(max-width: 1000px) 100vw, 1000px\" \/>    <\/div>\n    <div class=\"eltdf-banner-text-holder\">\n\t    <div class=\"eltdf-banner-text-inner\">\n\t        \t        \t\t\t\t\t<\/div>\n\t<\/div>\n\t\t\t<a itemprop=\"url\" class=\"eltdf-banner-link\" href=\"\/pt-br\/vinos-e-bebidas\/aguijon-de-abeja\/aguijon-de-abeja-obrera\" target=\"_self\"><\/a>\n\t<\/div>[vc_empty_space height=&#8221;30px&#8221;][vc_custom_heading text=&#8221;Obrera&#8221; font_container=&#8221;tag:h6|font_size:24|text_align:center|color:%23d16d25&#8243; use_theme_fonts=&#8221;yes&#8221;][vc_empty_space height=&#8221;30px&#8221;][vc_column_text]Fruto del trabajo de equipo<br \/>\nen la colmena, para estos vinos<br \/>\nutilizamos las mejores<br \/>\nuvas del pa\u00eds.[\/vc_column_text][vc_empty_space height=&#8221;30px&#8221;]<a itemprop=\"url\" href=\"\/pt-br\/vinos-e-bebidas\/aguijon-de-abeja\/aguijon-de-abeja-obrera\" target=\"_self\" style=\"color: #ffffff;border-color: #ffffff;font-size: 14px;font-weight: 300\" class=\"eltdf-btn eltdf-btn-medium eltdf-btn-outline eltdf-btn-custom-hover-bg eltdf-btn-custom-border-hover eltdf-btn-custom-hover-color\" data-hover-color=\"#ffffff\" data-hover-bg-color=\"#d16d25\" data-hover-border-color=\"#d16d25\" >\n    <span class=\"eltdf-btn-text\">VER<\/span>\n    <\/a>[vc_empty_space height=&#8221;50px&#8221;][\/vc_column][vc_column width=&#8221;2\/6&#8243;]<div class=\"eltdf-section-title-holder\" style=\"text-align: center\">\n\t\t\t<h4 class=\"eltdf-st-title\" style=\"color: #ffffff\">\n\t\t\t<span>AGUIJ\u00d3N DE ABEJA<\/span>\n\t\t<\/h4>\n                    <div class=\"eltdf-st-separator clearfix\">\n                <div class=\"eltdf-separator\" style=\"border-color: #d16d25\"><\/div>\n            <\/div>\n        \t\t\t<\/div>[vc_empty_space height=&#8221;30px&#8221;]<div class=\"eltdf-banner-holder\">\n    <div class=\"eltdf-banner-image\">\n\t    <img decoding=\"async\" width=\"1000\" height=\"1123\" src=\"https:\/\/durigutti.com\/wp-content\/uploads\/2025\/12\/ada_reina.jpg\" class=\"attachment-full size-full\" alt=\"aguijon de abeja reina\" srcset=\"https:\/\/durigutti.com\/wp-content\/uploads\/2025\/12\/ada_reina.jpg 1000w, https:\/\/durigutti.com\/wp-content\/uploads\/2025\/12\/ada_reina-267x300.jpg 267w, https:\/\/durigutti.com\/wp-content\/uploads\/2025\/12\/ada_reina-912x1024.jpg 912w, https:\/\/durigutti.com\/wp-content\/uploads\/2025\/12\/ada_reina-768x862.jpg 768w\" sizes=\"(max-width: 1000px) 100vw, 1000px\" \/>    <\/div>\n    <div class=\"eltdf-banner-text-holder\">\n\t    <div class=\"eltdf-banner-text-inner\">\n\t        \t        \t\t\t\t\t<\/div>\n\t<\/div>\n\t\t\t<a itemprop=\"url\" class=\"eltdf-banner-link\" href=\"\/pt-br\/vinos-e-bebidas\/aguijon-de-abeja\/aguijon-de-abeja-reina\" target=\"_self\"><\/a>\n\t<\/div>[vc_empty_space height=&#8221;30px&#8221;][vc_custom_heading text=&#8221;Reina&#8221; font_container=&#8221;tag:h6|font_size:24|text_align:center|color:%23d16d25&#8243; use_theme_fonts=&#8221;yes&#8221; link=&#8221;url:http%3A%2F%2Fdurigutti.com%2Fnuestra-coleccion%2Faguijon-de-abeja%2Faguijon-de-abeja-reina%2F|||&#8221;][vc_empty_space height=&#8221;30px&#8221;][vc_column_text]La m\u00e1xima expresi\u00f3n<br \/>\ndel vino en esta l\u00ednea,<br \/>\nla autoridad<br \/>\nde la colmena.[\/vc_column_text][vc_empty_space height=&#8221;30px&#8221;]<a itemprop=\"url\" href=\"\/pt-br\/vinos-e-bebidas\/aguijon-de-abeja\/aguijon-de-abeja-reina\/\" target=\"_self\" style=\"color: #ffffff;border-color: #ffffff;font-size: 14px;font-weight: 300\" class=\"eltdf-btn eltdf-btn-medium eltdf-btn-outline eltdf-btn-custom-hover-bg eltdf-btn-custom-border-hover eltdf-btn-custom-hover-color\" data-hover-color=\"#ffffff\" data-hover-bg-color=\"#d16d25\" data-hover-border-color=\"#d16d25\" >\n    <span class=\"eltdf-btn-text\">VER<\/span>\n    <\/a>[vc_empty_space height=&#8221;30px&#8221;][\/vc_column][vc_column width=&#8221;1\/6&#8243;][\/vc_column][\/vc_row][vc_row row_content_width=&#8221;grid&#8221; content_text_aligment=&#8221;center&#8221; css=&#8221;.vc_custom_1510872434322{padding-top: 50px !important;}&#8221;][vc_column width=&#8221;5\/6&#8243;][\/vc_column][vc_column width=&#8221;1\/6&#8243;]<a itemprop=\"url\" href=\"\/pt-br\/vinhos-e-bebidas\/\" target=\"_self\" style=\"color: #ffffff;background-color: #d16d25;border-color: #d16d25;font-size: 14px;font-weight: 300\" class=\"eltdf-btn eltdf-btn-small eltdf-btn-solid eltdf-btn-custom-hover-bg eltdf-btn-custom-border-hover eltdf-btn-custom-hover-color\" data-hover-color=\"#d16d25\" data-hover-bg-color=\"#222222\" data-hover-border-color=\"#d16d25\" >\n    <span class=\"eltdf-btn-text\">VOLTAR<\/span>\n    <\/a>[\/vc_column][\/vc_row]<\/p>\n<\/div>","protected":false},"excerpt":{"rendered":"<p> [&hellip;]<\/p>\n","protected":false},"author":6,"featured_media":0,"parent":19479,"menu_order":0,"comment_status":"closed","ping_status":"closed","template":"full-width.php","meta":{"_seopress_robots_primary_cat":"","_seopress_titles_title":"","_seopress_titles_desc":"","_seopress_robots_index":"","_monsterinsights_skip_tracking":false,"_monsterinsights_sitenote_active":false,"_monsterinsights_sitenote_note":"","_monsterinsights_sitenote_category":0,"footnotes":""},"class_list":["post-19644","page","type-page","status-publish","hentry"],"_links":{"self":[{"href":"https:\/\/durigutti.com\/pt-br\/wp-json\/wp\/v2\/pages\/19644","targetHints":{"allow":["GET"]}}],"collection":[{"href":"https:\/\/durigutti.com\/pt-br\/wp-json\/wp\/v2\/pages"}],"about":[{"href":"https:\/\/durigutti.com\/pt-br\/wp-json\/wp\/v2\/types\/page"}],"author":[{"embeddable":true,"href":"https:\/\/durigutti.com\/pt-br\/wp-json\/wp\/v2\/users\/6"}],"replies":[{"embeddable":true,"href":"https:\/\/durigutti.com\/pt-br\/wp-json\/wp\/v2\/comments?post=19644"}],"version-history":[{"count":7,"href":"https:\/\/durigutti.com\/pt-br\/wp-json\/wp\/v2\/pages\/19644\/revisions"}],"predecessor-version":[{"id":27041,"href":"https:\/\/durigutti.com\/pt-br\/wp-json\/wp\/v2\/pages\/19644\/revisions\/27041"}],"up":[{"embeddable":true,"href":"https:\/\/durigutti.com\/pt-br\/wp-json\/wp\/v2\/pages\/19479"}],"wp:attachment":[{"href":"https:\/\/durigutti.com\/pt-br\/wp-json\/wp\/v2\/media?parent=19644"}],"curies":[{"name":"wp","href":"https:\/\/api.w.org\/{rel}","templated":true}]}}