{"id":19637,"date":"2017-11-17T01:37:30","date_gmt":"2017-11-17T01:37:30","guid":{"rendered":"https:\/\/durigutti.com\/nossa-colecao\/single-vineyards\/carmela-durigutti\/"},"modified":"2025-03-05T02:13:21","modified_gmt":"2025-03-05T02:13:21","slug":"carmela-durigutti","status":"publish","type":"page","link":"https:\/\/durigutti.com\/pt-br\/vinhos-e-bebidas\/single-vineyards\/carmela-durigutti\/","title":{"rendered":"Carmela Durigutti"},"content":{"rendered":"<div class=\"wpb-content-wrapper\"><p>[vc_row content_text_aligment=&#8221;right&#8221; css=&#8221;.vc_custom_1520991630483{padding-top: 50px !important;padding-bottom: 10px !important;background-color: #1d1d1b !important;background-position: center !important;background-repeat: no-repeat !important;background-size: cover !important;}&#8221;][vc_column width=&#8221;1\/3&#8243;][\/vc_column][vc_column width=&#8221;1\/3&#8243;]<div class=\"eltdf-section-title-holder\" style=\"text-align: center\">\n\t\t\t<h3 class=\"eltdf-st-title\" style=\"color: #ffffff\">\n\t\t\t<span>CARMELA DURIGUTTI<\/span>\n\t\t<\/h3>\n                    <div class=\"eltdf-st-separator clearfix\">\n                <div class=\"eltdf-separator\" style=\"border-color: #d16d25\"><\/div>\n            <\/div>\n        \t\t\t<\/div>[vc_empty_space height=&#8221;27px&#8221;][vc_column_text]<\/p>\n<p style=\"text-align: center;\">Esta l\u00ednea refleja la pasi\u00f3n de Pablo por el vino y el amor a su hija, Carmela, su inspiraci\u00f3n. Del origen donde vive con su familia, Las Compuertas, crecen las uvas de ra\u00edces profundas, a 1050 m.s.n.m en suelos pobres y diversos. Estos grandes vinos single vineyards Malbec expresan el terru\u00f1o con el estilo propio del en\u00f3logo.<\/p>\n<p>[\/vc_column_text][vc_empty_space height=&#8221;27px&#8221;][\/vc_column][vc_column width=&#8221;1\/3&#8243;][\/vc_column][\/vc_row][vc_row row_content_width=&#8221;grid&#8221; content_text_aligment=&#8221;center&#8221;][vc_column width=&#8221;4\/6&#8243;][\/vc_column][vc_column width=&#8221;1\/6&#8243;]<a itemprop=\"url\" href=\"\/pt-br\/vinhos-e-bebidas\/single-vineyards\/\" target=\"_self\" style=\"color: #ffffff;background-color: #d16d25;border-color: #d16d25;font-size: 12px;font-weight: 300;margin: 0 20px 0 20px\" class=\"eltdf-btn eltdf-btn-small eltdf-btn-solid eltdf-btn-custom-hover-bg eltdf-btn-custom-border-hover eltdf-btn-custom-hover-color\" data-hover-color=\"#d16d25\" data-hover-bg-color=\"#ffffff\" data-hover-border-color=\"#d16d25\" >\n    <span class=\"eltdf-btn-text\">VOLTAR<\/span>\n    <\/a>[\/vc_column][vc_column width=&#8221;1\/6&#8243;]<a itemprop=\"url\" href=\"\/pt-br\/vinhos-e-bebidas\/\" target=\"_self\" style=\"color: #ffffff;background-color: #d16d25;border-color: #d16d25;font-size: 12px;font-weight: 300\" class=\"eltdf-btn eltdf-btn-small eltdf-btn-solid eltdf-btn-custom-hover-bg eltdf-btn-custom-border-hover eltdf-btn-custom-hover-color\" data-hover-color=\"#d16d25\" data-hover-bg-color=\"#ffffff\" data-hover-border-color=\"#d16d25\" >\n    <span class=\"eltdf-btn-text\">VER VINHOS E BEBIDAS<\/span>\n    <\/a>[\/vc_column][\/vc_row][vc_row row_content_width=&#8221;grid&#8221; content_text_aligment=&#8221;center&#8221;][vc_column offset=&#8221;vc_hidden-lg vc_hidden-md&#8221;][vc_separator][vc_single_image image=&#8221;13651&#8243; img_size=&#8221;medium&#8221; alignment=&#8221;center&#8221;][vc_column_text css=&#8221;&#8221;]<\/p>\n<h6><span style=\"color: #d16d25;\">2023-2022-2021-2020-2019-2018-2017-2016<\/span><\/h6>\n<p>[\/vc_column_text][vc_column_text css=&#8221;.vc_custom_1545403043168{margin-top: -24px !important;}&#8221;]<\/p>\n<h3>CARMELA DURIGUTTI Malbec<\/h3>\n<p>[\/vc_column_text][vc_empty_space height=&#8221;27px&#8221;]<a itemprop=\"url\" href=\"\/descargas\/FT_CARMELA_DURIGUTTI_MALBEC_PORT.pdf\" target=\"_blank\" style=\"color: #737272;border-color: #737272;font-size: 14px;font-weight: 300\" class=\"eltdf-btn eltdf-btn-small eltdf-btn-outline eltdf-btn-custom-hover-bg eltdf-btn-custom-border-hover eltdf-btn-custom-hover-color\" data-hover-color=\"#737272\" data-hover-bg-color=\"rgba(255,255,255,0.01)\" data-hover-border-color=\"#d16d25\" >\n    <span class=\"eltdf-btn-text\">FICHA T\u00c9CNICA<\/span>\n    <\/a>[vc_empty_space height=&#8221;15px&#8221;]<a itemprop=\"url\" href=\"https:\/\/youtu.be\/t_h7FQTtVUw\" target=\"_blank\" style=\"color: #737272;border-color: #737272;font-size: 14px;font-weight: 300\" class=\"eltdf-btn eltdf-btn-small eltdf-btn-outline eltdf-btn-custom-hover-bg eltdf-btn-custom-border-hover eltdf-btn-custom-hover-color\" data-hover-color=\"#737272\" data-hover-bg-color=\"rgba(255,255,255,0.01)\" data-hover-border-color=\"#d16d25\" >\n    <span class=\"eltdf-btn-text\">VIDEO<\/span>\n    <\/a>[vc_empty_space height=&#8221;27px&#8221;][vc_single_image image=&#8221;19650&#8243; img_size=&#8221;full&#8221; alignment=&#8221;right&#8221; onclick=&#8221;custom_link&#8221; link=&#8221;\/reconocimientos\/&#8221;][vc_empty_space height=&#8221;27px&#8221;][vc_single_image image=&#8221;19655&#8243; img_size=&#8221;full&#8221; alignment=&#8221;right&#8221; onclick=&#8221;custom_link&#8221; link=&#8221;\/certificaciones\/&#8221;][vc_separator][vc_single_image image=&#8221;13581&#8243; img_size=&#8221;medium&#8221; alignment=&#8221;center&#8221;][vc_column_text css=&#8221;&#8221;]<\/p>\n<h6><span style=\"color: #d16d25;\">2022-2021-2020-2019-2018-2017-2016-2015-2014<\/span><\/h6>\n<p>[\/vc_column_text][vc_column_text css=&#8221;.vc_custom_1545403053983{margin-top: -24px !important;}&#8221;]<\/p>\n<h3>CARMELA DURIGUTTI Malbec Reserva<\/h3>\n<p>[\/vc_column_text][vc_column_text]Estructura, cuerpo y final prolongado con especias dulces que compensa con justa acidez, este Malbec obtiene sus uvas de plantas de 1957 y duerme 12 meses en cubas de roble franc\u00e9s de primer uso.[\/vc_column_text][vc_empty_space height=&#8221;27px&#8221;]<a itemprop=\"url\" href=\"\/descargas\/FT_CARMELA_DURIGUTTI_RESERVA_MALBEC_PORT.pdf\" target=\"_blank\" style=\"color: #737272;border-color: #737272;font-size: 14px;font-weight: 300\" class=\"eltdf-btn eltdf-btn-small eltdf-btn-outline eltdf-btn-custom-hover-bg eltdf-btn-custom-border-hover eltdf-btn-custom-hover-color\" data-hover-color=\"#737272\" data-hover-bg-color=\"rgba(255,255,255,0.01)\" data-hover-border-color=\"#d16d25\" >\n    <span class=\"eltdf-btn-text\">FICHA T\u00c9CNICA<\/span>\n    <\/a>[vc_empty_space height=&#8221;15px&#8221;]<a itemprop=\"url\" href=\"https:\/\/youtu.be\/bzPGhHJ6jfM\" target=\"_blank\" style=\"color: #737272;border-color: #737272;font-size: 14px;font-weight: 300\" class=\"eltdf-btn eltdf-btn-small eltdf-btn-outline eltdf-btn-custom-hover-bg eltdf-btn-custom-border-hover eltdf-btn-custom-hover-color\" data-hover-color=\"#737272\" data-hover-bg-color=\"rgba(255,255,255,0.01)\" data-hover-border-color=\"#d16d25\" >\n    <span class=\"eltdf-btn-text\">VIDEO<\/span>\n    <\/a>[vc_empty_space height=&#8221;27px&#8221;][vc_single_image image=&#8221;19650&#8243; img_size=&#8221;full&#8221; alignment=&#8221;right&#8221; onclick=&#8221;custom_link&#8221; link=&#8221;\/reconocimientos\/&#8221;][vc_empty_space height=&#8221;27px&#8221;][vc_single_image image=&#8221;19655&#8243; img_size=&#8221;full&#8221; alignment=&#8221;right&#8221; onclick=&#8221;custom_link&#8221; link=&#8221;\/certificaciones\/&#8221;][vc_separator][vc_empty_space height=&#8221;27px&#8221;][vc_single_image image=&#8221;13577&#8243; img_size=&#8221;medium&#8221; alignment=&#8221;center&#8221;][vc_column_text css=&#8221;&#8221;]<\/p>\n<h6><span style=\"color: #d16d25;\">2021-2016-2015-2014-2013<\/span><\/h6>\n<p>[\/vc_column_text][vc_column_text css=&#8221;.vc_custom_1566073774598{margin-top: -24px !important;}&#8221;]<\/p>\n<h3>CARMELA DURIGUTTI Malbec Gran Reserva<\/h3>\n<p>[\/vc_column_text][vc_column_text]Elegante y complejo, integra la fruta y la madera de manera balanceada. Asi este Malbec del a\u00f1o 1942 que se a\u00f1eja durante 18 meses en cubas francesas de roble de primer y segundo uso.[\/vc_column_text][vc_empty_space height=&#8221;27px&#8221;]<a itemprop=\"url\" href=\"\/descargas\/FT_CARMELA_DURIGUTTI_GRAN_RESERVA_MALBEC_PORT.pdf\" target=\"_blank\" style=\"color: #737272;border-color: #737272;font-size: 16px;font-weight: 300\" class=\"eltdf-btn eltdf-btn-medium eltdf-btn-outline eltdf-btn-custom-hover-bg eltdf-btn-custom-border-hover eltdf-btn-custom-hover-color\" data-hover-color=\"#737272\" data-hover-bg-color=\"rgba(255,255,255,0.01)\" data-hover-border-color=\"#d16d25\" >\n    <span class=\"eltdf-btn-text\">FICHA T\u00c9CNICA<\/span>\n    <\/a>[vc_empty_space height=&#8221;15px&#8221;]<a itemprop=\"url\" href=\"https:\/\/youtu.be\/WRjNtKAi2R4\" target=\"_blank\" style=\"color: #737272;border-color: #737272;font-size: 16px;font-weight: 300\" class=\"eltdf-btn eltdf-btn-medium eltdf-btn-outline eltdf-btn-custom-hover-bg eltdf-btn-custom-border-hover eltdf-btn-custom-hover-color\" data-hover-color=\"#737272\" data-hover-bg-color=\"rgba(255,255,255,0.01)\" data-hover-border-color=\"#d16d25\" >\n    <span class=\"eltdf-btn-text\">VIDEO<\/span>\n    <\/a>[vc_empty_space height=&#8221;27px&#8221;][vc_single_image image=&#8221;19650&#8243; img_size=&#8221;full&#8221; alignment=&#8221;right&#8221; onclick=&#8221;custom_link&#8221; link=&#8221;\/reconocimientos\/&#8221;][vc_empty_space height=&#8221;27px&#8221;][vc_single_image image=&#8221;19655&#8243; img_size=&#8221;full&#8221; alignment=&#8221;right&#8221; onclick=&#8221;custom_link&#8221; link=&#8221;\/certificaciones\/&#8221;][vc_separator][vc_empty_space height=&#8221;27px&#8221;][vc_single_image image=&#8221;13579&#8243; img_size=&#8221;medium&#8221; alignment=&#8221;center&#8221;][vc_column_text css=&#8221;&#8221;]<\/p>\n<h6><span style=\"color: #d16d25;\">2020-2019-2018-2017-2016-2015-2014-2013-2012<\/span><\/h6>\n<p>[\/vc_column_text][vc_column_text css=&#8221;.vc_custom_1545403070963{margin-top: -24px !important;}&#8221;]<\/p>\n<h3>CARMELA DURIGUTTI Malbec Guarda<\/h3>\n<p>[\/vc_column_text][vc_column_text]Elegancia e intensidad arom\u00e1tica es la expresi\u00f3n de las vides centenarias de 1914, con gran estructura, taninos suaves y final prolongado. Este Malbec reposa 24 meses en roble franc\u00e9s de primer uso.[\/vc_column_text][vc_empty_space height=&#8221;27px&#8221;]<a itemprop=\"url\" href=\"\/descargas\/FT_CARMELA_DURIGUTTI_GUARDA_MALBEC_PORT.pdf\" target=\"_blank\" style=\"color: #737272;border-color: #737272;font-size: 14px;font-weight: 300\" class=\"eltdf-btn eltdf-btn-small eltdf-btn-outline eltdf-btn-custom-hover-bg eltdf-btn-custom-border-hover eltdf-btn-custom-hover-color\" data-hover-color=\"#737272\" data-hover-bg-color=\"rgba(255,255,255,0.01)\" data-hover-border-color=\"#d16d25\" >\n    <span class=\"eltdf-btn-text\">FICHA T\u00c9CNICA<\/span>\n    <\/a>[vc_empty_space height=&#8221;15px&#8221;]<a itemprop=\"url\" href=\"https:\/\/youtu.be\/bvT3nERuskQ\" target=\"_blank\" style=\"color: #737272;border-color: #737272;font-size: 14px;font-weight: 300\" class=\"eltdf-btn eltdf-btn-small eltdf-btn-outline eltdf-btn-custom-hover-bg eltdf-btn-custom-border-hover eltdf-btn-custom-hover-color\" data-hover-color=\"#737272\" data-hover-bg-color=\"rgba(255,255,255,0.01)\" data-hover-border-color=\"#d16d25\" >\n    <span class=\"eltdf-btn-text\">VIDEO<\/span>\n    <\/a>[vc_empty_space height=&#8221;27px&#8221;][vc_single_image image=&#8221;19650&#8243; img_size=&#8221;full&#8221; alignment=&#8221;right&#8221; onclick=&#8221;custom_link&#8221; link=&#8221;\/reconocimientos\/&#8221;][vc_empty_space height=&#8221;27px&#8221;][vc_single_image image=&#8221;19655&#8243; img_size=&#8221;full&#8221; alignment=&#8221;right&#8221; onclick=&#8221;custom_link&#8221; link=&#8221;\/certificaciones\/&#8221;][vc_separator][\/vc_column][\/vc_row][vc_row row_content_width=&#8221;grid&#8221;][vc_column offset=&#8221;vc_hidden-sm vc_hidden-xs&#8221;][vc_separator][vc_row_inner][vc_column_inner offset=&#8221;vc_col-lg-3 vc_col-md-4&#8243;][vc_empty_space height=&#8221;50px&#8221;]<div class=\"eltdf-elements-holder eltdf-responsive-mode-768 eltdf-one-column-alignment-left\" ><div class=\"eltdf-eh-item \" data-item-class=\"eltdf-eh-custom-117169\" >\n\t<div class=\"eltdf-eh-item-inner\" >\n\t\t<div class=\"eltdf-eh-item-content eltdf-eh-custom-117169\" >\n\t\t\t<div class=\"eltdf-parallax-image\" style=\"height: 422px\">\n\t<img decoding=\"async\" src=\"https:\/\/durigutti.com\/wp-content\/uploads\/2017\/12\/carmela-malbec.jpg\" alt=\"Carmela Malbec\" \/>\n<\/div>\t\t<\/div>\n\t<\/div>\n\t<\/div><\/div>[\/vc_column_inner][vc_column_inner offset=&#8221;vc_col-lg-9 vc_col-md-8&#8243;]<div class=\"eltdf-elements-holder eltdf-responsive-mode-768\" ><div class=\"eltdf-eh-item \" data-item-class=\"eltdf-eh-custom-920050\" data-1024-1280=\"129px 15% 150px 0px\" data-768-1024=\"137px 10% 150px 0px\" data-600-768=\"50px 6% 150px 0px\" data-480-600=\"50px 0% 150px 0px\" data-480=\"50px 0% 150px 0px\" >\n\t<div class=\"eltdf-eh-item-inner\" >\n\t\t<div class=\"eltdf-eh-item-content eltdf-eh-custom-920050\" style=\"padding: 129px 22% 150px 0px\">\n\t\t\t[vc_column_text css=&#8221;&#8221;]<\/p>\n<h6><span style=\"color: #d16d25;\">2023-2022-2021-2020-2019-2018-2017-2016<\/span><\/h6>\n<p>[\/vc_column_text][vc_column_text css=&#8221;.vc_custom_1545403079265{margin-top: -24px !important;}&#8221;]<\/p>\n<h3>CARMELA DURIGUTTI Malbec<\/h3>\n<p>[\/vc_column_text][vc_empty_space height=&#8221;27px&#8221;]<a itemprop=\"url\" href=\"\/descargas\/FT_CARMELA_DURIGUTTI_MALBEC_PORT.pdf\" target=\"_blank\" style=\"color: #737272;border-color: #737272;font-size: 16px;font-weight: 300\" class=\"eltdf-btn eltdf-btn-medium eltdf-btn-outline eltdf-btn-custom-hover-bg eltdf-btn-custom-border-hover eltdf-btn-custom-hover-color\" data-hover-color=\"#737272\" data-hover-bg-color=\"rgba(255,255,255,0.01)\" data-hover-border-color=\"#d16d25\" >\n    <span class=\"eltdf-btn-text\">FICHA T\u00c9CNICA<\/span>\n    <\/a>[vc_empty_space height=&#8221;15px&#8221;]<a itemprop=\"url\" href=\"https:\/\/youtu.be\/t_h7FQTtVUw\" target=\"_blank\" style=\"color: #737272;border-color: #737272;font-size: 16px;font-weight: 300\" class=\"eltdf-btn eltdf-btn-medium eltdf-btn-outline eltdf-btn-custom-hover-bg eltdf-btn-custom-border-hover eltdf-btn-custom-hover-color\" data-hover-color=\"#737272\" data-hover-bg-color=\"rgba(255,255,255,0.01)\" data-hover-border-color=\"#d16d25\" >\n    <span class=\"eltdf-btn-text\">VIDEO<\/span>\n    <\/a>[vc_single_image image=&#8221;19656&#8243; img_size=&#8221;full&#8221; alignment=&#8221;right&#8221;]\t\t<\/div>\n\t<\/div>\n\t<\/div><\/div>[\/vc_column_inner][\/vc_row_inner][vc_separator][vc_row_inner][vc_column_inner offset=&#8221;vc_col-lg-9 vc_col-md-8&#8243;]<div class=\"eltdf-elements-holder eltdf-responsive-mode-768\" ><div class=\"eltdf-eh-item eltdf-horizontal-alignment-right\" data-item-class=\"eltdf-eh-custom-398572\" data-1024-1280=\"129px 0% 150px 15%\" data-768-1024=\"129px 0% 150px 10%\" data-600-768=\"150px 0% 0px 6%\" data-480-600=\"150px 0% 0px 0px\" data-480=\"150px 0% 0px 0px\" >\n\t<div class=\"eltdf-eh-item-inner\" >\n\t\t<div class=\"eltdf-eh-item-content eltdf-eh-custom-398572\" style=\"padding: 129px 0% 150px 22%\">\n\t\t\t[vc_column_text css=&#8221;&#8221;]<\/p>\n<h6><span style=\"color: #d16d25;\">2022-2021-2020-2019-2018-2017-2016-2015-2014<\/span><\/h6>\n<p>[\/vc_column_text][vc_column_text css=&#8221;.vc_custom_1545403087185{margin-top: -24px !important;}&#8221;]<\/p>\n<h3>CARMELA DURIGUTTI Malbec Reserva<\/h3>\n<p>[\/vc_column_text][vc_column_text]Estructura, cuerpo y final prolongado con especias dulces que compensa con justa acidez, este Malbec obtiene sus uvas de plantas de 1957 y duerme 12 meses en cubas de roble franc\u00e9s de primer uso.[\/vc_column_text][vc_empty_space height=&#8221;27px&#8221;]<a itemprop=\"url\" href=\"\/descargas\/FT_CARMELA_DURIGUTTI_RESERVA_MALBEC_PORT.pdf\" target=\"_blank\" style=\"color: #737272;border-color: #737272;font-size: 14px;font-weight: 300\" class=\"eltdf-btn eltdf-btn-small eltdf-btn-outline eltdf-btn-custom-hover-bg eltdf-btn-custom-border-hover eltdf-btn-custom-hover-color\" data-hover-color=\"#737272\" data-hover-bg-color=\"rgba(255,255,255,0.01)\" data-hover-border-color=\"#d16d25\" >\n    <span class=\"eltdf-btn-text\">FICHA T\u00c9CNICA<\/span>\n    <\/a>[vc_empty_space height=&#8221;15px&#8221;]<a itemprop=\"url\" href=\"https:\/\/youtu.be\/bzPGhHJ6jfM\" target=\"_blank\" style=\"color: #737272;border-color: #737272;font-size: 14px;font-weight: 300\" class=\"eltdf-btn eltdf-btn-small eltdf-btn-outline eltdf-btn-custom-hover-bg eltdf-btn-custom-border-hover eltdf-btn-custom-hover-color\" data-hover-color=\"#737272\" data-hover-bg-color=\"rgba(255,255,255,0.01)\" data-hover-border-color=\"#d16d25\" >\n    <span class=\"eltdf-btn-text\">VIDEO<\/span>\n    <\/a>[vc_single_image image=&#8221;19656&#8243; img_size=&#8221;full&#8221;]\t\t<\/div>\n\t<\/div>\n\t<\/div><\/div>[\/vc_column_inner][vc_column_inner offset=&#8221;vc_col-lg-3 vc_col-md-4&#8243;][vc_empty_space height=&#8221;95px&#8221;]<div class=\"eltdf-elements-holder eltdf-responsive-mode-768\" ><div class=\"eltdf-eh-item eltdf-horizontal-alignment-center\" data-item-class=\"eltdf-eh-custom-776826\" data-1280-1600=\"106px 0px 0px 0px\" data-1024-1280=\"106px 0px 0px 0px\" data-768-1024=\"88px 0px 0px 0px\" data-600-768=\"10px 0px 150px 0px\" data-480-600=\"96px 0px 150px 0px\" data-480=\"96px 0px 150px 0px\" >\n\t<div class=\"eltdf-eh-item-inner\" >\n\t\t<div class=\"eltdf-eh-item-content eltdf-eh-custom-776826\" style=\"padding: 106px 0px 0px 0px\">\n\t\t\t<div class=\"eltdf-parallax-image\" style=\"height: 422px\">\n\t<img decoding=\"async\" src=\"https:\/\/durigutti.com\/wp-content\/uploads\/2017\/11\/carmela-reserva-1.jpg\" alt=\"carmela-reserva\" \/>\n<\/div>\t\t<\/div>\n\t<\/div>\n\t<\/div><\/div>[\/vc_column_inner][\/vc_row_inner][vc_separator][vc_row_inner][vc_column_inner offset=&#8221;vc_col-lg-3 vc_col-md-4&#8243;][vc_empty_space height=&#8221;50px&#8221;]<div class=\"eltdf-elements-holder eltdf-responsive-mode-768 eltdf-one-column-alignment-left\" ><div class=\"eltdf-eh-item \" data-item-class=\"eltdf-eh-custom-895914\" >\n\t<div class=\"eltdf-eh-item-inner\" >\n\t\t<div class=\"eltdf-eh-item-content eltdf-eh-custom-895914\" >\n\t\t\t<div class=\"eltdf-parallax-image\" style=\"height: 422px\">\n\t<img decoding=\"async\" src=\"https:\/\/durigutti.com\/wp-content\/uploads\/2017\/11\/carmela-gran-reserva-1.jpg\" alt=\"carmela-gran-reserva\" \/>\n<\/div>\t\t<\/div>\n\t<\/div>\n\t<\/div><\/div>[\/vc_column_inner][vc_column_inner offset=&#8221;vc_col-lg-9 vc_col-md-8&#8243;]<div class=\"eltdf-elements-holder eltdf-responsive-mode-768\" ><div class=\"eltdf-eh-item \" data-item-class=\"eltdf-eh-custom-878155\" data-1024-1280=\"129px 15% 150px 0px\" data-768-1024=\"137px 10% 150px 0px\" data-600-768=\"50px 6% 150px 0px\" data-480-600=\"50px 0% 150px 0px\" data-480=\"50px 0% 150px 0px\" >\n\t<div class=\"eltdf-eh-item-inner\" >\n\t\t<div class=\"eltdf-eh-item-content eltdf-eh-custom-878155\" style=\"padding: 129px 22% 150px 0px\">\n\t\t\t[vc_column_text css=&#8221;&#8221;]<\/p>\n<h6><span style=\"color: #d16d25;\">2021-2016-2015-2014-2013<\/span><\/h6>\n<p>[\/vc_column_text][vc_column_text css=&#8221;.vc_custom_1545403097087{margin-top: -24px !important;}&#8221;]<\/p>\n<h3>CARMELA DURIGUTTI Malbec Gran Reserva<\/h3>\n<p>[\/vc_column_text][vc_column_text]Elegante y complejo, integra la fruta y la madera de manera balanceada. Asi este Malbec del a\u00f1o 1942 que se a\u00f1eja durante 18 meses en cubas francesas de roble de primer y segundo uso.[\/vc_column_text][vc_empty_space height=&#8221;27px&#8221;]<a itemprop=\"url\" href=\"\/descargas\/FT_CARMELA_DURIGUTTI_GRAN_RESERVA_MALBEC_PORT.pdf\" target=\"_blank\" style=\"color: #737272;border-color: #737272;font-size: 16px;font-weight: 300\" class=\"eltdf-btn eltdf-btn-medium eltdf-btn-outline eltdf-btn-custom-hover-bg eltdf-btn-custom-border-hover eltdf-btn-custom-hover-color\" data-hover-color=\"#737272\" data-hover-bg-color=\"rgba(255,255,255,0.01)\" data-hover-border-color=\"#d16d25\" >\n    <span class=\"eltdf-btn-text\">FICHA T\u00c9CNICA<\/span>\n    <\/a>[vc_empty_space height=&#8221;15px&#8221;]<a itemprop=\"url\" href=\"https:\/\/youtu.be\/WRjNtKAi2R4\" target=\"_blank\" style=\"color: #737272;border-color: #737272;font-size: 16px;font-weight: 300\" class=\"eltdf-btn eltdf-btn-medium eltdf-btn-outline eltdf-btn-custom-hover-bg eltdf-btn-custom-border-hover eltdf-btn-custom-hover-color\" data-hover-color=\"#737272\" data-hover-bg-color=\"rgba(255,255,255,0.01)\" data-hover-border-color=\"#d16d25\" >\n    <span class=\"eltdf-btn-text\">VIDEO<\/span>\n    <\/a>[vc_single_image image=&#8221;19656&#8243; img_size=&#8221;full&#8221; alignment=&#8221;right&#8221;]\t\t<\/div>\n\t<\/div>\n\t<\/div><\/div>[\/vc_column_inner][\/vc_row_inner][vc_separator][vc_row_inner][vc_column_inner offset=&#8221;vc_col-lg-9 vc_col-md-8&#8243;]<div class=\"eltdf-elements-holder eltdf-responsive-mode-768\" ><div class=\"eltdf-eh-item eltdf-horizontal-alignment-right\" data-item-class=\"eltdf-eh-custom-760953\" data-1024-1280=\"129px 15% 150px 0px\" data-768-1024=\"137px 10% 150px 0px\" data-600-768=\"50px 6% 150px 0px\" data-480-600=\"50px 0% 150px 0px\" data-480=\"50px 0% 150px 0px\" >\n\t<div class=\"eltdf-eh-item-inner\" >\n\t\t<div class=\"eltdf-eh-item-content eltdf-eh-custom-760953\" style=\"padding: 129px 22% 150px 0px\">\n\t\t\t[vc_column_text css=&#8221;&#8221;]<\/p>\n<h6><span style=\"color: #d16d25;\">2020-2019-2018-2017-2016-2015-2014-2013-2012<\/span><\/h6>\n<p>[\/vc_column_text][vc_column_text css=&#8221;.vc_custom_1545403104776{margin-top: -24px !important;}&#8221;]<\/p>\n<h3>CARMELA DURIGUTTI Malbec Guarda<\/h3>\n<p>[\/vc_column_text][vc_column_text]Elegancia e intensidad arom\u00e1tica es la expresi\u00f3n de las vides centenarias de 1914, con gran estructura, taninos suaves y final prolongado. Este Malbec reposa 24 meses en roble franc\u00e9s de primer uso.[\/vc_column_text][vc_empty_space height=&#8221;27px&#8221;]<a itemprop=\"url\" href=\"\/descargas\/FT_CARMELA_DURIGUTTI_GUARDA_MALBEC_PORT.pdf\" target=\"_blank\" style=\"color: #737272;border-color: #737272;font-size: 14px;font-weight: 300\" class=\"eltdf-btn eltdf-btn-small eltdf-btn-outline eltdf-btn-custom-hover-bg eltdf-btn-custom-border-hover eltdf-btn-custom-hover-color\" data-hover-color=\"#737272\" data-hover-bg-color=\"rgba(255,255,255,0.01)\" data-hover-border-color=\"#d16d25\" >\n    <span class=\"eltdf-btn-text\">FICHA T\u00c9CNICA<\/span>\n    <\/a>[vc_empty_space height=&#8221;15px&#8221;]<a itemprop=\"url\" href=\"https:\/\/youtu.be\/bvT3nERuskQ\" target=\"_blank\" style=\"color: #737272;border-color: #737272;font-size: 14px;font-weight: 300\" class=\"eltdf-btn eltdf-btn-small eltdf-btn-outline eltdf-btn-custom-hover-bg eltdf-btn-custom-border-hover eltdf-btn-custom-hover-color\" data-hover-color=\"#737272\" data-hover-bg-color=\"rgba(255,255,255,0.01)\" data-hover-border-color=\"#d16d25\" >\n    <span class=\"eltdf-btn-text\">VIDEO<\/span>\n    <\/a>[vc_single_image image=&#8221;19656&#8243; img_size=&#8221;full&#8221;]\t\t<\/div>\n\t<\/div>\n\t<\/div><\/div>[\/vc_column_inner][vc_column_inner offset=&#8221;vc_col-lg-3 vc_col-md-4&#8243;][vc_empty_space height=&#8221;50px&#8221;]<div class=\"eltdf-elements-holder eltdf-responsive-mode-768 eltdf-one-column-alignment-left\" ><div class=\"eltdf-eh-item eltdf-horizontal-alignment-center\" data-item-class=\"eltdf-eh-custom-961953\" >\n\t<div class=\"eltdf-eh-item-inner\" >\n\t\t<div class=\"eltdf-eh-item-content eltdf-eh-custom-961953\" >\n\t\t\t<div class=\"eltdf-parallax-image\" style=\"height: 422px\">\n\t<img decoding=\"async\" src=\"https:\/\/durigutti.com\/wp-content\/uploads\/2017\/11\/carmela-guarda-1.jpg\" alt=\"carmela-guarda\" \/>\n<\/div>\t\t<\/div>\n\t<\/div>\n\t<\/div><\/div>[\/vc_column_inner][\/vc_row_inner][vc_separator][\/vc_column][\/vc_row][vc_row row_content_width=&#8221;grid&#8221; content_text_aligment=&#8221;center&#8221; css=&#8221;.vc_custom_1517362414476{padding-bottom: 50px !important;}&#8221;][vc_column width=&#8221;1\/4&#8243;][\/vc_column][vc_column width=&#8221;1\/4&#8243;][vc_empty_space height=&#8221;30px&#8221;]<a itemprop=\"url\" href=\"\/pt-br\/vinhos-e-bebidas\/single-vineyards\/\" target=\"_self\" style=\"color: #ffffff;background-color: #d16d25;border-color: #d16d25;font-size: 12px;font-weight: 300;margin: 0 20px 0 20px\" class=\"eltdf-btn eltdf-btn-small eltdf-btn-solid eltdf-btn-custom-hover-bg eltdf-btn-custom-border-hover eltdf-btn-custom-hover-color\" data-hover-color=\"#d16d25\" data-hover-bg-color=\"#ffffff\" data-hover-border-color=\"#d16d25\" >\n    <span class=\"eltdf-btn-text\">VOLTAR<\/span>\n    <\/a>[\/vc_column][vc_column width=&#8221;1\/4&#8243;][vc_empty_space height=&#8221;30px&#8221;]<a itemprop=\"url\" href=\"\/pt-br\/vinhos-e-bebidas\/\" target=\"_self\" style=\"color: #ffffff;background-color: #d16d25;border-color: #d16d25;font-size: 12px;font-weight: 300\" class=\"eltdf-btn eltdf-btn-small eltdf-btn-solid eltdf-btn-custom-hover-bg eltdf-btn-custom-border-hover eltdf-btn-custom-hover-color\" data-hover-color=\"#d16d25\" data-hover-bg-color=\"#ffffff\" data-hover-border-color=\"#d16d25\" >\n    <span class=\"eltdf-btn-text\">VER VINHOS E BEBIDAS<\/span>\n    <\/a>[\/vc_column][vc_column width=&#8221;1\/4&#8243;][\/vc_column][\/vc_row]<\/p>\n<\/div>","protected":false},"excerpt":{"rendered":"<p> [&hellip;]<\/p>\n","protected":false},"author":6,"featured_media":0,"parent":19630,"menu_order":0,"comment_status":"closed","ping_status":"closed","template":"full-width.php","meta":{"_seopress_robots_primary_cat":"","_seopress_titles_title":"","_seopress_titles_desc":"","_seopress_robots_index":"","_monsterinsights_skip_tracking":false,"_monsterinsights_sitenote_active":false,"_monsterinsights_sitenote_note":"","_monsterinsights_sitenote_category":0,"footnotes":""},"class_list":["post-19637","page","type-page","status-publish","hentry"],"_links":{"self":[{"href":"https:\/\/durigutti.com\/pt-br\/wp-json\/wp\/v2\/pages\/19637","targetHints":{"allow":["GET"]}}],"collection":[{"href":"https:\/\/durigutti.com\/pt-br\/wp-json\/wp\/v2\/pages"}],"about":[{"href":"https:\/\/durigutti.com\/pt-br\/wp-json\/wp\/v2\/types\/page"}],"author":[{"embeddable":true,"href":"https:\/\/durigutti.com\/pt-br\/wp-json\/wp\/v2\/users\/6"}],"replies":[{"embeddable":true,"href":"https:\/\/durigutti.com\/pt-br\/wp-json\/wp\/v2\/comments?post=19637"}],"version-history":[{"count":7,"href":"https:\/\/durigutti.com\/pt-br\/wp-json\/wp\/v2\/pages\/19637\/revisions"}],"predecessor-version":[{"id":25461,"href":"https:\/\/durigutti.com\/pt-br\/wp-json\/wp\/v2\/pages\/19637\/revisions\/25461"}],"up":[{"embeddable":true,"href":"https:\/\/durigutti.com\/pt-br\/wp-json\/wp\/v2\/pages\/19630"}],"wp:attachment":[{"href":"https:\/\/durigutti.com\/pt-br\/wp-json\/wp\/v2\/media?parent=19637"}],"curies":[{"name":"wp","href":"https:\/\/api.w.org\/{rel}","templated":true}]}}