{"id":19585,"date":"2018-11-26T00:16:50","date_gmt":"2018-11-26T00:16:50","guid":{"rendered":"https:\/\/durigutti.com\/nossa-colecao\/vinos-de-finca\/castrelo-das-pedras\/vinedos-y-bodega\/"},"modified":"2025-03-05T01:58:43","modified_gmt":"2025-03-05T01:58:43","slug":"vinedos-y-bodega","status":"publish","type":"page","link":"https:\/\/durigutti.com\/pt-br\/vinhos-e-bebidas\/castrelo-das-pedras\/vinedos-y-bodega\/","title":{"rendered":"Vi\u00f1edos y Bodega"},"content":{"rendered":"<div class=\"wpb-content-wrapper\"><p>[vc_row row_content_width=&#8221;grid&#8221; content_text_aligment=&#8221;center&#8221;][vc_column width=&#8221;1\/3&#8243;]<a itemprop=\"url\" href=\"\/descargas\/FTCastreloDasPedras-bodega_ESP.pdf\" target=\"_blank\" style=\"color: #ffffff;background-color: #d16d25;border-color: #d16d25;font-size: 14px;font-weight: 300\" class=\"eltdf-btn eltdf-btn-medium eltdf-btn-solid eltdf-btn-custom-hover-bg eltdf-btn-custom-border-hover eltdf-btn-custom-hover-color\" data-hover-color=\"#ffffff\" data-hover-bg-color=\"#222222\" data-hover-border-color=\"#d16d25\" >\n    <span class=\"eltdf-btn-text\">FICHA TECNICA<\/span>\n    <\/a>[vc_empty_space height=&#8221;35px&#8221;][\/vc_column][vc_column width=&#8221;1\/3&#8243;]<a itemprop=\"url\" href=\"\/descargas\/ubicacionCastreloDasPedras.pdf\" target=\"_blank\" style=\"color: #ffffff;background-color: #d16d25;border-color: #d16d25;font-size: 14px;font-weight: 300\" class=\"eltdf-btn eltdf-btn-medium eltdf-btn-solid eltdf-btn-custom-hover-bg eltdf-btn-custom-border-hover eltdf-btn-custom-hover-color\" data-hover-color=\"#ffffff\" data-hover-bg-color=\"#222222\" data-hover-border-color=\"#d16d25\" >\n    <span class=\"eltdf-btn-text\">MAPA<\/span>\n    <\/a>[vc_empty_space height=&#8221;35px&#8221;][\/vc_column][vc_column width=&#8221;1\/3&#8243;]<a itemprop=\"url\" href=\"\/descargas\/ubicacion-galicia.mp4\" target=\"_blank\" style=\"color: #ffffff;background-color: #d16d25;border-color: #d16d25;font-size: 14px;font-weight: 300\" class=\"eltdf-btn eltdf-btn-medium eltdf-btn-solid eltdf-btn-custom-hover-bg eltdf-btn-custom-border-hover eltdf-btn-custom-hover-color\" data-hover-color=\"#ffffff\" data-hover-bg-color=\"#222222\" data-hover-border-color=\"#d16d25\" >\n    <span class=\"eltdf-btn-text\">UBICACION<\/span>\n    <\/a>[vc_empty_space height=&#8221;35px&#8221;][\/vc_column][\/vc_row][vc_row content_text_aligment=&#8221;center&#8221; css=&#8221;.vc_custom_1543178972745{background-color: #222222 !important;background-position: center !important;background-repeat: no-repeat !important;background-size: cover !important;}&#8221;][vc_column width=&#8221;1\/4&#8243;][\/vc_column][vc_column width=&#8221;1\/2&#8243;][vc_empty_space height=&#8221;35px&#8221;][vc_column_text css=&#8221;.vc_custom_1543434507738{margin-right: 50px !important;margin-left: 50px !important;}&#8221;]<\/p>\n<p style=\"text-align: center;\"><span style=\"color: #ffffff;\">Castrelo Das Pedras 1836 \u00a0participa de manera comunitaria dentro de las 27 hect\u00e1reas de vi\u00f1edos antiguos de la aldea y cuenta con 9000 m2 de vi\u00f1as propia con espaldero tradicional de los a\u00f1os 70\u2019 emplazados en As Bouzas, Castrelo de Mi\u00f1o, bajo la D.O Ribeiro, a unos 200 a 350 m.s.n.m. de la que surgen los vinos blancos de guarda.<\/span><\/p>\n<p>[\/vc_column_text][vc_empty_space height=&#8221;50px&#8221;][\/vc_column][vc_column width=&#8221;1\/4&#8243;][\/vc_column][\/vc_row][vc_row content_text_aligment=&#8221;right&#8221; css=&#8221;.vc_custom_1517350319196{background-position: center !important;background-repeat: no-repeat !important;background-size: cover !important;}&#8221;][vc_column offset=&#8221;vc_hidden-xs&#8221; css=&#8221;.vc_custom_1543240571024{padding-top: 50px !important;padding-bottom: 50px !important;background-image: url(http:\/\/durigutti.com\/wp-content\/uploads\/2018\/11\/img_galicia_aldea.jpg?id=13893) !important;background-position: center !important;background-repeat: no-repeat !important;background-size: cover !important;}&#8221;][vc_empty_space height=&#8221;550px&#8221;][\/vc_column][\/vc_row][vc_row row_content_width=&#8221;grid&#8221; content_text_aligment=&#8221;center&#8221;][vc_column width=&#8221;1\/2&#8243;][vc_images_carousel images=&#8221;19616,19615,19614,19619,19618,19617,19620,19621&#8243; img_size=&#8221;full&#8221; onclick=&#8221;link_no&#8221; speed=&#8221;3000&#8243; autoplay=&#8221;yes&#8221;][\/vc_column][vc_column width=&#8221;2\/6&#8243;][vc_empty_space height=&#8221;50px&#8221;][vc_column_text css=&#8221;.vc_custom_1543194348124{margin-right: 50px !important;margin-left: 50px !important;}&#8221;]<\/p>\n<p style=\"text-align: center;\">Los vi\u00f1edos de donde salen estos vinos son cultivados en la t\u00edpica orograf\u00eda de Galicia, plantados en suelos ricos en minerales entre laderas de marcadas pendientes, bancales y terrazas, todos trabajados de manera artesanal.<\/p>\n<p>[\/vc_column_text][vc_empty_space height=&#8221;50px&#8221;][vc_single_image image=&#8221;19623&#8243; img_size=&#8221;full&#8221; alignment=&#8221;center&#8221;][\/vc_column][vc_column width=&#8221;1\/6&#8243;][\/vc_column][\/vc_row][vc_row row_content_width=&#8221;grid&#8221; content_text_aligment=&#8221;center&#8221;][vc_column width=&#8221;1\/6&#8243;][\/vc_column][vc_column width=&#8221;2\/6&#8243;][vc_empty_space height=&#8221;50px&#8221;][vc_column_text css=&#8221;.vc_custom_1543194367025{margin-right: 50px !important;margin-left: 50px !important;}&#8221;]<\/p>\n<p style=\"text-align: center;\">La tradicional casa de piedra de 1836 en el coraz\u00f3n de As Bouzas se encuentra en pleno proceso de restauraci\u00f3n y ser\u00e1 la casa bodega propia para guardar los vinos de este emprendimiento.<\/p>\n<p>[\/vc_column_text][vc_empty_space height=&#8221;50px&#8221;][vc_single_image image=&#8221;19622&#8243; img_size=&#8221;full&#8221; alignment=&#8221;center&#8221;][\/vc_column][vc_column width=&#8221;1\/2&#8243;][vc_images_carousel images=&#8221;19612,19609,19608,19607,19610&#8243; img_size=&#8221;full&#8221; onclick=&#8221;link_no&#8221; speed=&#8221;3000&#8243; autoplay=&#8221;yes&#8221;][\/vc_column][\/vc_row][vc_row row_content_width=&#8221;grid&#8221; content_text_aligment=&#8221;center&#8221;][vc_column width=&#8221;1\/2&#8243;][vc_images_carousel images=&#8221;19606,19611,19605&#8243; img_size=&#8221;full&#8221; onclick=&#8221;link_no&#8221; speed=&#8221;3000&#8243; autoplay=&#8221;yes&#8221;][\/vc_column][vc_column width=&#8221;2\/6&#8243;][vc_empty_space height=&#8221;50px&#8221;][vc_column_text css=&#8221;.vc_custom_1543194385066{margin-right: 50px !important;margin-left: 50px !important;}&#8221;]<\/p>\n<p style=\"text-align: center;\">El equipamiento actual cuenta con 4 cocciopestos italianos de cemento cocido de la Marema (Toscana), uno de 1000 litros, otro de 1700 litros y dos de 3000 litros.<\/p>\n<p>[\/vc_column_text][vc_empty_space height=&#8221;50px&#8221;][vc_single_image image=&#8221;19624&#8243; img_size=&#8221;full&#8221; alignment=&#8221;center&#8221;][\/vc_column][vc_column width=&#8221;1\/6&#8243;][\/vc_column][\/vc_row][vc_row row_content_width=&#8221;grid&#8221; content_text_aligment=&#8221;center&#8221; css=&#8221;.vc_custom_1510872434322{padding-top: 50px !important;}&#8221;][vc_column width=&#8221;5\/6&#8243;][\/vc_column][vc_column width=&#8221;1\/6&#8243;]<a itemprop=\"url\" href=\"\/pt-br\/vinhos-e-bebidas\/castrelo-das-pedras\/\" target=\"_self\" style=\"color: #ffffff;background-color: #d16d25;border-color: #d16d25;font-size: 13px;font-weight: 300\" class=\"eltdf-btn eltdf-btn-small eltdf-btn-solid eltdf-btn-custom-hover-bg eltdf-btn-custom-border-hover eltdf-btn-custom-hover-color\" data-hover-color=\"#d16d25\" data-hover-bg-color=\"#222222\" data-hover-border-color=\"#d16d25\" >\n    <span class=\"eltdf-btn-text\">VOLVER<\/span>\n    <\/a>[\/vc_column][\/vc_row]<\/p>\n<\/div>","protected":false},"excerpt":{"rendered":"<p> [&hellip;]<\/p>\n","protected":false},"author":6,"featured_media":0,"parent":19561,"menu_order":0,"comment_status":"closed","ping_status":"closed","template":"full-width.php","meta":{"_seopress_robots_primary_cat":"","_seopress_titles_title":"","_seopress_titles_desc":"","_seopress_robots_index":"","_monsterinsights_skip_tracking":false,"_monsterinsights_sitenote_active":false,"_monsterinsights_sitenote_note":"","_monsterinsights_sitenote_category":0,"footnotes":""},"class_list":["post-19585","page","type-page","status-publish","hentry"],"_links":{"self":[{"href":"https:\/\/durigutti.com\/pt-br\/wp-json\/wp\/v2\/pages\/19585","targetHints":{"allow":["GET"]}}],"collection":[{"href":"https:\/\/durigutti.com\/pt-br\/wp-json\/wp\/v2\/pages"}],"about":[{"href":"https:\/\/durigutti.com\/pt-br\/wp-json\/wp\/v2\/types\/page"}],"author":[{"embeddable":true,"href":"https:\/\/durigutti.com\/pt-br\/wp-json\/wp\/v2\/users\/6"}],"replies":[{"embeddable":true,"href":"https:\/\/durigutti.com\/pt-br\/wp-json\/wp\/v2\/comments?post=19585"}],"version-history":[{"count":6,"href":"https:\/\/durigutti.com\/pt-br\/wp-json\/wp\/v2\/pages\/19585\/revisions"}],"predecessor-version":[{"id":25440,"href":"https:\/\/durigutti.com\/pt-br\/wp-json\/wp\/v2\/pages\/19585\/revisions\/25440"}],"up":[{"embeddable":true,"href":"https:\/\/durigutti.com\/pt-br\/wp-json\/wp\/v2\/pages\/19561"}],"wp:attachment":[{"href":"https:\/\/durigutti.com\/pt-br\/wp-json\/wp\/v2\/media?parent=19585"}],"curies":[{"name":"wp","href":"https:\/\/api.w.org\/{rel}","templated":true}]}}