{"id":19575,"date":"2018-11-26T00:03:06","date_gmt":"2018-11-26T00:03:06","guid":{"rendered":"https:\/\/durigutti.com\/nossa-colecao\/vinos-de-finca\/castrelo-das-pedras\/vinos-castrelo-das-pedras\/"},"modified":"2025-03-31T16:40:13","modified_gmt":"2025-03-31T16:40:13","slug":"vinos-castrelo-das-pedras","status":"publish","type":"page","link":"https:\/\/durigutti.com\/pt-br\/vinhos-e-bebidas\/castrelo-das-pedras\/vinos-castrelo-das-pedras\/","title":{"rendered":"Vinos Castrelo das Pedras"},"content":{"rendered":"<div class=\"wpb-content-wrapper\"><p>[vc_row content_text_aligment=&#8221;center&#8221; css=&#8221;.vc_custom_1543241304931{padding-bottom: 600px !important;background-image: url(http:\/\/durigutti.com\/wp-content\/uploads\/2018\/11\/img_galicia_aldea_600-2.jpg?id=13911) !important;background-position: center !important;background-repeat: no-repeat !important;background-size: cover !important;}&#8221;][vc_column width=&#8221;1\/6&#8243;][\/vc_column][vc_column width=&#8221;2\/3&#8243;][\/vc_column][vc_column width=&#8221;1\/6&#8243;][\/vc_column][\/vc_row][vc_row content_text_aligment=&#8221;center&#8221; css=&#8221;.vc_custom_1520992245288{padding-top: 50px !important;padding-bottom: 10px !important;background-color: #1d1d1b !important;background-position: center !important;background-repeat: no-repeat !important;background-size: cover !important;}&#8221;][vc_column width=&#8221;1\/4&#8243;][\/vc_column][vc_column width=&#8221;1\/2&#8243;]<div class=\"eltdf-section-title-holder\" style=\"text-align: center\">\n\t\t\t<h3 class=\"eltdf-st-title\" style=\"color: #ffffff\">\n\t\t\t<span>RA\u00cdCES DEL MI\u00d1O<\/span>\n\t\t<\/h3>\n                    <div class=\"eltdf-st-separator clearfix\">\n                <div class=\"eltdf-separator\" style=\"border-color: #d16d25\"><\/div>\n            <\/div>\n        \t\t\t<\/div>[vc_empty_space height=&#8221;27px&#8221;][vc_column_text]<\/p>\n<p style=\"text-align: center;\"><strong>Ra\u00edces del Mi\u00f1o<\/strong>, vinos de aldea, rinde tributo a la labor comunitaria de los minifundios familiares que vuelven a dar brillo y poner en valor una milenaria tradici\u00f3n vit\u00edcola gallega. Pueblos de muy escasos habitantes, peque\u00f1as aldeas de piedras rodeadas de vi\u00f1edos y vistas aterrazadas hacia el cauce zigzagueante del rio Mi\u00f1o, que junto al Avia y al Arnoia definen diferentes valles en la comarca del Ribeiro y dan vinos de calidad excepcional.<\/p>\n<p style=\"text-align: center;\">Los primeros vinos de este proyecto nacen con dos exponentes blancos de partidas limitadas y cepas tradicionales de la zona, pero se aventura un futuro cercano con la elaboraci\u00f3n de otros vinos provenientes del Ribeiro y la Ribeira Sacra.<\/p>\n<p>[\/vc_column_text][vc_empty_space height=&#8221;50px&#8221;][\/vc_column][vc_column width=&#8221;1\/4&#8243;][\/vc_column][\/vc_row][vc_row row_content_width=&#8221;grid&#8221; content_text_aligment=&#8221;center&#8221; css=&#8221;.vc_custom_1520992282073{padding-bottom: 70px !important;}&#8221;][vc_column offset=&#8221;vc_hidden-lg vc_hidden-md&#8221;][vc_single_image image=&#8221;19581&#8243; img_size=&#8221;medium&#8221; alignment=&#8221;center&#8221;][vc_column_text]<\/p>\n<h6><span style=\"color: #d16d25;\">2017-2018<\/span><\/h6>\n<p>[\/vc_column_text][vc_column_text css=&#8221;.vc_custom_1543190060760{margin-top: -24px !important;}&#8221;]<\/p>\n<h3>Ra\u00edces del Mi\u00f1o Treixadura, D.O. Ribeiro.<\/h3>\n<p>[\/vc_column_text][vc_column_text css=&#8221;.vc_custom_1543190320083{margin-top: -5px !important;}&#8221;]Este vino representa a la cepa blanca emblem\u00e1tica del Ribeiro, la reina de los vi\u00f1edos, distinguida y armoniosa, sensible a la altitud, por lo que su cultivo se extiende mayormente n las laderas bien orientadas. De color amarillo p\u00e1lido con tonos verdosos, en nariz este vino es profundo con notas que recuerdan a flores frescas, manzana verde, peras, damascos y pimienta blanca reci\u00e9n molida. En boca fluye \u00e1gil con acidez tensa que define rica frescura, mientras despliega un sabroso matiz frutal. Final medio a largo con regusto de frutos frescos.[\/vc_column_text][vc_empty_space height=&#8221;27px&#8221;]<a itemprop=\"url\" href=\"\/descargas\/FT-RaicesDelMino-Treixadura_port.pdf\" target=\"_blank\" style=\"color: #737272;border-color: #737272;font-size: 14px;font-weight: 300\" class=\"eltdf-btn eltdf-btn-small eltdf-btn-outline eltdf-btn-custom-hover-bg eltdf-btn-custom-border-hover eltdf-btn-custom-hover-color\" data-hover-color=\"#737272\" data-hover-bg-color=\"rgba(255,255,255,0.01)\" data-hover-border-color=\"#d16d25\" >\n    <span class=\"eltdf-btn-text\">FICHA T\u00c9CNICA<\/span>\n    <\/a>[vc_empty_space height=&#8221;27px&#8221;][vc_empty_space height=&#8221;27px&#8221;][vc_single_image image=&#8221;19650&#8243; img_size=&#8221;full&#8221; onclick=&#8221;custom_link&#8221; link=&#8221;https:\/\/durigutti.com\/reconocimientos\/&#8221;][vc_single_image image=&#8221;19655&#8243; img_size=&#8221;full&#8221; onclick=&#8221;custom_link&#8221; link=&#8221;\/certificaciones\/&#8221;][vc_separator][vc_empty_space height=&#8221;27px&#8221;][vc_single_image image=&#8221;19580&#8243; img_size=&#8221;medium&#8221; alignment=&#8221;center&#8221;][vc_column_text]<\/p>\n<h6><span style=\"color: #d16d25;\">2017-2018<\/span><\/h6>\n<p>[\/vc_column_text][vc_column_text css=&#8221;.vc_custom_1543190418084{margin-top: -24px !important;}&#8221;]<\/p>\n<h3>Ra\u00edces del Mi\u00f1o Cepas Aut\u00f3ctonas, D.O. Ribeiro<\/h3>\n<p>[\/vc_column_text][vc_column_text css=&#8221;.vc_custom_1543190449851{margin-top: -5px !important;}&#8221;]Este blend de blancas est\u00e1 compuesto por un 50% de Treixadura, 45% de Albari\u00f1o, 4% de Godello y solo un 1% de Loureira, logrando una perfecta integraci\u00f3n de las cepas tradicionales con car\u00e1cter local. De color amarillo p\u00e1lido con tonos verdosos, es arom\u00e1ticamente intenso con notas de c\u00edtricos frescos, frutos de carozo, manzana verde y anan\u00e1. Aborda el paladar con cuerpo medio, algo graso y acidez firme que define su frescura. Regusto tropical de final medio.[\/vc_column_text][vc_empty_space height=&#8221;27px&#8221;]<a itemprop=\"url\" href=\"\/descargas\/FT-RaicesDelMino-CepasAutoctonas_port.pdf\" target=\"_blank\" style=\"color: #737272;border-color: #737272;font-size: 14px;font-weight: 300\" class=\"eltdf-btn eltdf-btn-small eltdf-btn-outline eltdf-btn-custom-hover-bg eltdf-btn-custom-border-hover eltdf-btn-custom-hover-color\" data-hover-color=\"#737272\" data-hover-bg-color=\"rgba(255,255,255,0.01)\" data-hover-border-color=\"#d16d25\" >\n    <span class=\"eltdf-btn-text\">FICHA T\u00c9CNICA<\/span>\n    <\/a>[vc_empty_space height=&#8221;27px&#8221;][vc_single_image image=&#8221;19650&#8243; img_size=&#8221;full&#8221; onclick=&#8221;custom_link&#8221; link=&#8221;https:\/\/durigutti.com\/reconocimientos\/&#8221;][vc_empty_space height=&#8221;27px&#8221;][vc_single_image image=&#8221;19655&#8243; img_size=&#8221;full&#8221; onclick=&#8221;custom_link&#8221; link=&#8221;\/certificaciones\/&#8221;][vc_separator][vc_empty_space height=&#8221;27px&#8221;][vc_single_image image=&#8221;19584&#8243; img_size=&#8221;medium&#8221; alignment=&#8221;center&#8221;][vc_column_text]<\/p>\n<h6><span style=\"color: #d16d25;\">2018<\/span><\/h6>\n<p>[\/vc_column_text][vc_column_text css=&#8221;.vc_custom_1626898998916{margin-top: -24px !important;}&#8221;]<\/p>\n<h3>Ra\u00edces del Mi\u00f1o Tinto Galaico, D.O. Ribeiro<\/h3>\n<p>[\/vc_column_text][vc_column_text css=&#8221;.vc_custom_1638452495725{margin-top: -5px !important;}&#8221;]Corte tinto representativo del Ribeiro, combina un 50% de Brancellao con un 25% de Cai\u00f1o Longo y 25% de Sous\u00f3n.\u00a0\u00a0L\u00edmpido y brillante, aporta una nariz bien frutal y especiada, con una sabrosa boca llena de frescura, fiel al terru\u00f1o gallego.[\/vc_column_text][vc_empty_space height=&#8221;27px&#8221;]<a itemprop=\"url\" href=\"\/descargas\/FT-RaicesDelMino-Tinto-Galaico_port.pdf\" target=\"_blank\" style=\"color: #737272;border-color: #737272;font-size: 14px;font-weight: 300\" class=\"eltdf-btn eltdf-btn-small eltdf-btn-outline eltdf-btn-custom-hover-bg eltdf-btn-custom-border-hover eltdf-btn-custom-hover-color\" data-hover-color=\"#737272\" data-hover-bg-color=\"rgba(255,255,255,0.01)\" data-hover-border-color=\"#d16d25\" >\n    <span class=\"eltdf-btn-text\">FICHA T\u00c9CNICA<\/span>\n    <\/a>[vc_empty_space height=&#8221;27px&#8221;][vc_single_image image=&#8221;19650&#8243; img_size=&#8221;full&#8221; onclick=&#8221;custom_link&#8221; link=&#8221;https:\/\/durigutti.com\/reconocimientos\/&#8221;][vc_empty_space height=&#8221;27px&#8221;][vc_single_image image=&#8221;19655&#8243; img_size=&#8221;full&#8221; onclick=&#8221;custom_link&#8221; link=&#8221;\/certificaciones\/&#8221;][\/vc_column][\/vc_row][vc_row row_content_width=&#8221;grid&#8221; css=&#8221;.vc_custom_1517068570332{padding-bottom: 70px !important;}&#8221;][vc_column offset=&#8221;vc_hidden-sm vc_hidden-xs&#8221;][vc_row_inner][vc_column_inner offset=&#8221;vc_col-lg-3 vc_col-md-4&#8243;][vc_empty_space height=&#8221;95px&#8221;]<div class=\"eltdf-elements-holder eltdf-responsive-mode-768 eltdf-one-column-alignment-center\" ><div class=\"eltdf-eh-item \" data-item-class=\"eltdf-eh-custom-704673\" >\n\t<div class=\"eltdf-eh-item-inner\" >\n\t\t<div class=\"eltdf-eh-item-content eltdf-eh-custom-704673\" style=\"padding: 106px 0px 0px 0px\">\n\t\t\t<div class=\"eltdf-parallax-image\" style=\"height: 422px\">\n\t<img decoding=\"async\" src=\"https:\/\/durigutti.com\/wp-content\/uploads\/2018\/11\/raices_treixadura.jpg\" alt=\"raices_treixadura\" \/>\n<\/div>\t\t<\/div>\n\t<\/div>\n\t<\/div><\/div>[\/vc_column_inner][vc_column_inner offset=&#8221;vc_col-lg-9 vc_col-md-8&#8243;]<div class=\"eltdf-elements-holder eltdf-responsive-mode-768\" ><div class=\"eltdf-eh-item \" data-item-class=\"eltdf-eh-custom-166622\" data-1024-1280=\"129px 15% 150px 0px\" data-768-1024=\"137px 10% 150px 0px\" data-600-768=\"50px 6% 150px 0px\" data-480-600=\"50px 0% 150px 0px\" data-480=\"50px 0% 150px 0px\" >\n\t<div class=\"eltdf-eh-item-inner\" >\n\t\t<div class=\"eltdf-eh-item-content eltdf-eh-custom-166622\" style=\"padding: 129px 22% 150px 0px\">\n\t\t\t[vc_column_text]<\/p>\n<h6><span style=\"color: #d16d25;\">2017-2018<\/span><\/h6>\n<p>[\/vc_column_text][vc_column_text css=&#8221;.vc_custom_1543190389715{margin-top: -24px !important;}&#8221;]<\/p>\n<h3>Ra\u00edces del Mi\u00f1o Treixadura, D.O. Ribeiro<\/h3>\n<p>[\/vc_column_text][vc_column_text css=&#8221;.vc_custom_1543190372174{margin-top: -5px !important;}&#8221;]Este vino representa a la cepa blanca emblem\u00e1tica del Ribeiro, la reina de los vi\u00f1edos, distinguida y armoniosa, sensible a la altitud, por lo que su cultivo se extiende mayormente n las laderas bien orientadas. De color amarillo p\u00e1lido con tonos verdosos, en nariz este vino es profundo con notas que recuerdan a flores frescas, manzana verde, peras, damascos y pimienta blanca reci\u00e9n molida. En boca fluye \u00e1gil con acidez tensa que define rica frescura, mientras despliega un sabroso matiz frutal. Final medio a largo con regusto de frutos frescos.[\/vc_column_text][vc_empty_space height=&#8221;27px&#8221;]<a itemprop=\"url\" href=\"\/descargas\/FT-RaicesDelMino-Treixadura_port.pdf\" target=\"_blank\" style=\"color: #737272;border-color: #737272;font-size: 14px;font-weight: 300\" class=\"eltdf-btn eltdf-btn-small eltdf-btn-outline eltdf-btn-custom-hover-bg eltdf-btn-custom-border-hover eltdf-btn-custom-hover-color\" data-hover-color=\"#737272\" data-hover-bg-color=\"rgba(255,255,255,0.01)\" data-hover-border-color=\"#d16d25\" >\n    <span class=\"eltdf-btn-text\">FICHA T\u00c9CNICA<\/span>\n    <\/a>[vc_single_image image=&#8221;19544&#8243; img_size=&#8221;full&#8221; alignment=&#8221;right&#8221; onclick=&#8221;custom_link&#8221; link=&#8221;https:\/\/durigutti.com\/reconocimientos\/&#8221;]\t\t<\/div>\n\t<\/div>\n\t<\/div><\/div>[\/vc_column_inner][\/vc_row_inner][vc_row_inner][vc_column_inner offset=&#8221;vc_col-lg-9 vc_col-md-8&#8243;]<div class=\"eltdf-elements-holder eltdf-responsive-mode-768\" ><div class=\"eltdf-eh-item eltdf-horizontal-alignment-right\" data-item-class=\"eltdf-eh-custom-616212\" data-1024-1280=\"129px 0% 150px 15%\" data-768-1024=\"129px 0% 150px 10%\" data-600-768=\"150px 0% 0px 6%\" data-480-600=\"150px 0% 0px 0px\" data-480=\"150px 0% 0px 0px\" >\n\t<div class=\"eltdf-eh-item-inner\" >\n\t\t<div class=\"eltdf-eh-item-content eltdf-eh-custom-616212\" style=\"padding: 129px 0% 150px 22%\">\n\t\t\t[vc_column_text]<\/p>\n<h6><span style=\"color: #d16d25;\">2017-2018<\/span><\/h6>\n<p>[\/vc_column_text][vc_column_text css=&#8221;.vc_custom_1543190405307{margin-top: -24px !important;}&#8221;]<\/p>\n<h3>Ra\u00edces del Mi\u00f1o Cepas Aut\u00f3ctonas, D.O. Ribeiro<\/h3>\n<p>[\/vc_column_text][vc_column_text css=&#8221;.vc_custom_1543190463764{margin-top: -5px !important;}&#8221;]Este blend de blancas est\u00e1 compuesto por un 50% de Treixadura, 45% de Albari\u00f1o, 4% de Godello y solo un 1% de Loureira, logrando una perfecta integraci\u00f3n de las cepas tradicionales con car\u00e1cter local. De color amarillo p\u00e1lido con tonos verdosos, es arom\u00e1ticamente intenso con notas de c\u00edtricos frescos, frutos de carozo, manzana verde y anan\u00e1. Aborda el paladar con cuerpo medio, algo graso y acidez firme que define su frescura. Regusto tropical de final medio.[\/vc_column_text][vc_empty_space height=&#8221;27px&#8221;]<a itemprop=\"url\" href=\"\/descargas\/FT-RaicesDelMino-CepasAutoctonas_port.pdf\" target=\"_blank\" style=\"color: #737272;border-color: #737272;font-size: 14px;font-weight: 300\" class=\"eltdf-btn eltdf-btn-small eltdf-btn-outline eltdf-btn-custom-hover-bg eltdf-btn-custom-border-hover eltdf-btn-custom-hover-color\" data-hover-color=\"#737272\" data-hover-bg-color=\"rgba(255,255,255,0.01)\" data-hover-border-color=\"#d16d25\" >\n    <span class=\"eltdf-btn-text\">FICHA T\u00c9CNICA<\/span>\n    <\/a>[vc_single_image image=&#8221;19544&#8243; img_size=&#8221;full&#8221; onclick=&#8221;custom_link&#8221; link=&#8221;https:\/\/durigutti.com\/reconocimientos\/&#8221;]\t\t<\/div>\n\t<\/div>\n\t<\/div><\/div>[\/vc_column_inner][vc_column_inner offset=&#8221;vc_col-lg-3 vc_col-md-4&#8243;]<div class=\"eltdf-elements-holder eltdf-responsive-mode-768\" ><div class=\"eltdf-eh-item eltdf-horizontal-alignment-center\" data-item-class=\"eltdf-eh-custom-458434\" data-1280-1600=\"106px 0px 0px 0px\" data-1024-1280=\"106px 0px 0px 0px\" data-768-1024=\"88px 0px 0px 0px\" data-600-768=\"10px 0px 150px 0px\" data-480-600=\"96px 0px 150px 0px\" data-480=\"96px 0px 150px 0px\" >\n\t<div class=\"eltdf-eh-item-inner\" >\n\t\t<div class=\"eltdf-eh-item-content eltdf-eh-custom-458434\" style=\"padding: 106px 0px 0px 0px\">\n\t\t\t<div class=\"eltdf-parallax-image\" style=\"height: 422px\">\n\t<img decoding=\"async\" src=\"https:\/\/durigutti.com\/wp-content\/uploads\/2018\/11\/raices_cepa.jpg\" alt=\"raices_cepa\" \/>\n<\/div>\t\t<\/div>\n\t<\/div>\n\t<\/div><\/div>[\/vc_column_inner][\/vc_row_inner][vc_separator][vc_row_inner][vc_column_inner offset=&#8221;vc_col-lg-3 vc_col-md-4&#8243;][vc_empty_space height=&#8221;95px&#8221;]<div class=\"eltdf-elements-holder eltdf-responsive-mode-768 eltdf-one-column-alignment-center\" ><div class=\"eltdf-eh-item \" data-item-class=\"eltdf-eh-custom-680090\" >\n\t<div class=\"eltdf-eh-item-inner\" >\n\t\t<div class=\"eltdf-eh-item-content eltdf-eh-custom-680090\" style=\"padding: 106px 0px 0px 0px\">\n\t\t\t<div class=\"eltdf-parallax-image\" style=\"height: 422px\">\n\t<img decoding=\"async\" src=\"https:\/\/durigutti.com\/wp-content\/uploads\/2021\/07\/raices_tinto-galaico.jpg\" alt=\"raices_tinto-galaico\" \/>\n<\/div>\t\t<\/div>\n\t<\/div>\n\t<\/div><\/div>[\/vc_column_inner][vc_column_inner offset=&#8221;vc_col-lg-9 vc_col-md-8&#8243;]<div class=\"eltdf-elements-holder eltdf-responsive-mode-768\" ><div class=\"eltdf-eh-item \" data-item-class=\"eltdf-eh-custom-643373\" data-1024-1280=\"129px 15% 150px 0px\" data-768-1024=\"137px 10% 150px 0px\" data-600-768=\"50px 6% 150px 0px\" data-480-600=\"50px 0% 150px 0px\" data-480=\"50px 0% 150px 0px\" >\n\t<div class=\"eltdf-eh-item-inner\" >\n\t\t<div class=\"eltdf-eh-item-content eltdf-eh-custom-643373\" style=\"padding: 129px 22% 150px 0px\">\n\t\t\t[vc_column_text]<\/p>\n<h6><span style=\"color: #d16d25;\">2018<\/span><\/h6>\n<p>[\/vc_column_text][vc_column_text css=&#8221;.vc_custom_1626898479721{margin-top: -24px !important;}&#8221;]<\/p>\n<h3>Ra\u00edces del Mi\u00f1o Tinto Galaico, D.O. Ribeiro<\/h3>\n<p>[\/vc_column_text][vc_column_text css=&#8221;.vc_custom_1638452521258{margin-top: -5px !important;}&#8221;]Corte tinto representativo del Ribeiro, combina un 50% de Brancellao con un 25% de Cai\u00f1o Longo y 25% de Sous\u00f3n.\u00a0\u00a0L\u00edmpido y brillante, aporta una nariz bien frutal y especiada, con una sabrosa boca llena de frescura, fiel al terru\u00f1o gallego.[\/vc_column_text][vc_empty_space height=&#8221;27px&#8221;]<a itemprop=\"url\" href=\"\/descargas\/FT-RaicesDelMino-Tinto-Galaico_port.pdf\" target=\"_blank\" style=\"color: #737272;border-color: #737272;font-size: 14px;font-weight: 300\" class=\"eltdf-btn eltdf-btn-small eltdf-btn-outline eltdf-btn-custom-hover-bg eltdf-btn-custom-border-hover eltdf-btn-custom-hover-color\" data-hover-color=\"#737272\" data-hover-bg-color=\"rgba(255,255,255,0.01)\" data-hover-border-color=\"#d16d25\" >\n    <span class=\"eltdf-btn-text\">FICHA T\u00c9CNICA<\/span>\n    <\/a>[vc_single_image image=&#8221;19544&#8243; img_size=&#8221;full&#8221; alignment=&#8221;right&#8221; onclick=&#8221;custom_link&#8221; link=&#8221;https:\/\/durigutti.com\/reconocimientos\/&#8221;]\t\t<\/div>\n\t<\/div>\n\t<\/div><\/div>[\/vc_column_inner][\/vc_row_inner][vc_separator][\/vc_column][\/vc_row][vc_row row_content_width=&#8221;grid&#8221; content_text_aligment=&#8221;center&#8221; css=&#8221;.vc_custom_1510865302572{padding-top: 50px !important;padding-bottom: 50px !important;}&#8221;][vc_column width=&#8221;1\/4&#8243;][\/vc_column][vc_column width=&#8221;1\/4&#8243;][vc_empty_space height=&#8221;30px&#8221;]<a itemprop=\"url\" href=\"\/pt-br\/vinhos-e-bebidas\/castrelo-das-pedras\/\" target=\"_self\" style=\"color: #ffffff;background-color: #d16d25;border-color: #d16d25;font-size: 12px;font-weight: 300;margin: 0 20px 0 20px\" class=\"eltdf-btn eltdf-btn-small eltdf-btn-solid eltdf-btn-custom-hover-bg eltdf-btn-custom-border-hover eltdf-btn-custom-hover-color\" data-hover-color=\"#d16d25\" data-hover-bg-color=\"#ffffff\" data-hover-border-color=\"#d16d25\" >\n    <span class=\"eltdf-btn-text\">VOLTAR<\/span>\n    <\/a>[\/vc_column][vc_column width=&#8221;1\/4&#8243;][vc_empty_space height=&#8221;30px&#8221;]<a itemprop=\"url\" href=\"\/pt-br\/vinhos-e-bebidas\/\" target=\"_self\" style=\"color: #ffffff;background-color: #d16d25;border-color: #d16d25;font-size: 12px;font-weight: 300\" class=\"eltdf-btn eltdf-btn-small eltdf-btn-solid eltdf-btn-custom-hover-bg eltdf-btn-custom-border-hover eltdf-btn-custom-hover-color\" data-hover-color=\"#d16d25\" data-hover-bg-color=\"#ffffff\" data-hover-border-color=\"#d16d25\" >\n    <span class=\"eltdf-btn-text\">VER VINHOS E BEBIDAS<\/span>\n    <\/a>[\/vc_column][vc_column width=&#8221;1\/4&#8243;][\/vc_column][\/vc_row]<\/p>\n<\/div>","protected":false},"excerpt":{"rendered":"<p> [&hellip;]<\/p>\n","protected":false},"author":6,"featured_media":0,"parent":19561,"menu_order":0,"comment_status":"closed","ping_status":"closed","template":"full-width.php","meta":{"_seopress_robots_primary_cat":"","_seopress_titles_title":"","_seopress_titles_desc":"","_seopress_robots_index":"","_monsterinsights_skip_tracking":false,"_monsterinsights_sitenote_active":false,"_monsterinsights_sitenote_note":"","_monsterinsights_sitenote_category":0,"footnotes":""},"class_list":["post-19575","page","type-page","status-publish","hentry"],"_links":{"self":[{"href":"https:\/\/durigutti.com\/pt-br\/wp-json\/wp\/v2\/pages\/19575","targetHints":{"allow":["GET"]}}],"collection":[{"href":"https:\/\/durigutti.com\/pt-br\/wp-json\/wp\/v2\/pages"}],"about":[{"href":"https:\/\/durigutti.com\/pt-br\/wp-json\/wp\/v2\/types\/page"}],"author":[{"embeddable":true,"href":"https:\/\/durigutti.com\/pt-br\/wp-json\/wp\/v2\/users\/6"}],"replies":[{"embeddable":true,"href":"https:\/\/durigutti.com\/pt-br\/wp-json\/wp\/v2\/comments?post=19575"}],"version-history":[{"count":9,"href":"https:\/\/durigutti.com\/pt-br\/wp-json\/wp\/v2\/pages\/19575\/revisions"}],"predecessor-version":[{"id":25477,"href":"https:\/\/durigutti.com\/pt-br\/wp-json\/wp\/v2\/pages\/19575\/revisions\/25477"}],"up":[{"embeddable":true,"href":"https:\/\/durigutti.com\/pt-br\/wp-json\/wp\/v2\/pages\/19561"}],"wp:attachment":[{"href":"https:\/\/durigutti.com\/pt-br\/wp-json\/wp\/v2\/media?parent=19575"}],"curies":[{"name":"wp","href":"https:\/\/api.w.org\/{rel}","templated":true}]}}