{"id":19526,"date":"2020-03-04T19:05:04","date_gmt":"2020-03-04T19:05:04","guid":{"rendered":"https:\/\/durigutti.com\/nossa-colecao\/vinos-de-finca\/"},"modified":"2025-05-03T03:29:40","modified_gmt":"2025-05-03T03:29:40","slug":"vinhos-de-finca","status":"publish","type":"page","link":"https:\/\/durigutti.com\/pt-br\/vinhos-e-bebidas\/vinhos-de-finca\/","title":{"rendered":"Vinhos de Finca"},"content":{"rendered":"<div class=\"wpb-content-wrapper\"><p>[vc_row css=&#8221;.vc_custom_1510807090634{padding-top: 50px !important;padding-bottom: 50px !important;background-color: #1d1d1b !important;background-position: center !important;background-repeat: no-repeat !important;background-size: cover !important;}&#8221;][vc_column]<div class=\"eltdf-section-title-holder\" style=\"text-align: center\">\n\t\t\t<h3 class=\"eltdf-st-title\" style=\"color: #ffffff\">\n\t\t\t<span>LA EXPLORACI\u00d3N DEL ORIGEN<\/span>\n\t\t<\/h3>\n                    <div class=\"eltdf-st-separator clearfix\">\n                <div class=\"eltdf-separator\" style=\"border-color: #d16d25\"><\/div>\n            <\/div>\n        \t\t\t<\/div>[\/vc_column][\/vc_row][vc_row content_text_aligment=&#8221;center&#8221; css=&#8221;.vc_custom_1583348744247{padding-top: 50px !important;}&#8221;][vc_column width=&#8221;1\/3&#8243;]<div class=\"eltdf-section-title-holder\" style=\"text-align: center\">\n\t\t\t<h4 class=\"eltdf-st-title\" style=\"color: #ffffff\">\n\t\t\t<span>INFRAMUNDO<\/span>\n\t\t<\/h4>\n                    <div class=\"eltdf-st-separator clearfix\">\n                <div class=\"eltdf-separator\" style=\"border-color: #d16d25\"><\/div>\n            <\/div>\n        \t\t\t<\/div>[vc_empty_space height=&#8221;30px&#8221;]<div class=\"eltdf-banner-holder\">\n    <div class=\"eltdf-banner-image\">\n\t    <img decoding=\"async\" width=\"1000\" height=\"1123\" src=\"https:\/\/durigutti.com\/wp-content\/uploads\/2023\/09\/img_inframundo.jpg\" class=\"attachment-full size-full\" alt=\"linea inframundo\" srcset=\"https:\/\/durigutti.com\/wp-content\/uploads\/2023\/09\/img_inframundo.jpg 1000w, https:\/\/durigutti.com\/wp-content\/uploads\/2023\/09\/img_inframundo-267x300.jpg 267w, https:\/\/durigutti.com\/wp-content\/uploads\/2023\/09\/img_inframundo-912x1024.jpg 912w, https:\/\/durigutti.com\/wp-content\/uploads\/2023\/09\/img_inframundo-768x862.jpg 768w, https:\/\/durigutti.com\/wp-content\/uploads\/2023\/09\/img_inframundo-668x750.jpg 668w\" sizes=\"(max-width: 1000px) 100vw, 1000px\" \/>    <\/div>\n    <div class=\"eltdf-banner-text-holder\">\n\t    <div class=\"eltdf-banner-text-inner\">\n\t        \t        \t\t\t\t\t<\/div>\n\t<\/div>\n\t\t\t<a itemprop=\"url\" class=\"eltdf-banner-link\" href=\"\/pt-br\/vinhos-e-bebidas\/vinhos-de-finca\/inframundo\" target=\"_self\"><\/a>\n\t<\/div>[vc_empty_space height=&#8221;30px&#8221;][vc_custom_heading text=&#8221;Vinhos Naturais&#8221; font_container=&#8221;tag:h6|font_size:24|text_align:center|color:%23d16d25&#8243; use_theme_fonts=&#8221;yes&#8221; css=&#8221;&#8221;][vc_column_text css=&#8221;&#8221;]A vida que emerge da terra[\/vc_column_text][vc_empty_space height=&#8221;30px&#8221;]<a itemprop=\"url\" href=\"\/pt-br\/vinhos-e-bebidas\/vinhos-de-finca\/inframundo\" target=\"_self\" style=\"color: #ffffff;border-color: #ffffff;font-size: 14px;font-weight: 300\" class=\"eltdf-btn eltdf-btn-medium eltdf-btn-outline eltdf-btn-custom-hover-bg eltdf-btn-custom-border-hover eltdf-btn-custom-hover-color\" data-hover-color=\"#ffffff\" data-hover-bg-color=\"#d16d25\" data-hover-border-color=\"#d16d25\" >\n    <span class=\"eltdf-btn-text\">VER VARIETALES<\/span>\n    <\/a>[vc_empty_space height=&#8221;30px&#8221;][\/vc_column][vc_column width=&#8221;1\/3&#8243;]<div class=\"eltdf-section-title-holder\" style=\"text-align: center\">\n\t\t\t<h4 class=\"eltdf-st-title\" style=\"color: #ffffff\">\n\t\t\t<span>VICTORIA DURIGUTTI<\/span>\n\t\t<\/h4>\n                    <div class=\"eltdf-st-separator clearfix\">\n                <div class=\"eltdf-separator\" style=\"border-color: #d16d25\"><\/div>\n            <\/div>\n        \t\t\t<\/div>[vc_empty_space height=&#8221;30px&#8221;]<div class=\"eltdf-banner-holder\">\n    <div class=\"eltdf-banner-image\">\n\t    <img decoding=\"async\" width=\"1000\" height=\"1123\" src=\"https:\/\/durigutti.com\/wp-content\/uploads\/2019\/08\/du-victoria_durigutti.jpg\" class=\"attachment-full size-full\" alt=\"\" srcset=\"https:\/\/durigutti.com\/wp-content\/uploads\/2019\/08\/du-victoria_durigutti.jpg 1000w, https:\/\/durigutti.com\/wp-content\/uploads\/2019\/08\/du-victoria_durigutti-267x300.jpg 267w, https:\/\/durigutti.com\/wp-content\/uploads\/2019\/08\/du-victoria_durigutti-768x862.jpg 768w, https:\/\/durigutti.com\/wp-content\/uploads\/2019\/08\/du-victoria_durigutti-912x1024.jpg 912w\" sizes=\"(max-width: 1000px) 100vw, 1000px\" \/>    <\/div>\n    <div class=\"eltdf-banner-text-holder\">\n\t    <div class=\"eltdf-banner-text-inner\">\n\t        \t        \t\t\t\t\t<\/div>\n\t<\/div>\n\t\t\t<a itemprop=\"url\" class=\"eltdf-banner-link\" href=\"\/pt-br\/vinhos-e-bebidas\/vinhos-de-finca\/victoria-durigutti\/\" target=\"_self\"><\/a>\n\t<\/div>[vc_empty_space height=&#8221;30px&#8221;][vc_custom_heading text=&#8221;Blend de Finca&#8221; font_container=&#8221;tag:h6|font_size:24|text_align:center|color:%23d16d25&#8243; use_theme_fonts=&#8221;yes&#8221;][vc_column_text css=&#8221;&#8221;]Uma homenagem \u00e0 vida[\/vc_column_text][vc_empty_space height=&#8221;30px&#8221;]<a itemprop=\"url\" href=\"\/pt-br\/vinhos-e-bebidas\/vinhos-de-finca\/victoria-durigutti\/\" target=\"_self\" style=\"color: #ffffff;border-color: #ffffff;font-size: 14px;font-weight: 300\" class=\"eltdf-btn eltdf-btn-medium eltdf-btn-outline eltdf-btn-custom-hover-bg eltdf-btn-custom-border-hover eltdf-btn-custom-hover-color\" data-hover-color=\"#ffffff\" data-hover-bg-color=\"#d16d25\" data-hover-border-color=\"#d16d25\" >\n    <span class=\"eltdf-btn-text\">VER VARIETAL<\/span>\n    <\/a>[vc_empty_space height=&#8221;30px&#8221;][\/vc_column][vc_column width=&#8221;1\/3&#8243;]<div class=\"eltdf-section-title-holder\" style=\"text-align: center\">\n\t\t\t<h4 class=\"eltdf-st-title\" style=\"color: #ffffff\">\n\t\t\t<span>PROYECTO LAS COMPUERTAS<\/span>\n\t\t<\/h4>\n                    <div class=\"eltdf-st-separator clearfix\">\n                <div class=\"eltdf-separator\" style=\"border-color: #d16d25\"><\/div>\n            <\/div>\n        \t\t\t<\/div>[vc_empty_space height=&#8221;30px&#8221;]<div class=\"eltdf-banner-holder\">\n    <div class=\"eltdf-banner-image\">\n\t    <img decoding=\"async\" width=\"1000\" height=\"1123\" src=\"https:\/\/durigutti.com\/wp-content\/uploads\/2023\/05\/bg_vinos-finca-plc.jpg\" class=\"attachment-full size-full\" alt=\"Proyecto Las Compuertas\" srcset=\"https:\/\/durigutti.com\/wp-content\/uploads\/2023\/05\/bg_vinos-finca-plc.jpg 1000w, https:\/\/durigutti.com\/wp-content\/uploads\/2023\/05\/bg_vinos-finca-plc-267x300.jpg 267w, https:\/\/durigutti.com\/wp-content\/uploads\/2023\/05\/bg_vinos-finca-plc-912x1024.jpg 912w, https:\/\/durigutti.com\/wp-content\/uploads\/2023\/05\/bg_vinos-finca-plc-768x862.jpg 768w, https:\/\/durigutti.com\/wp-content\/uploads\/2023\/05\/bg_vinos-finca-plc-668x750.jpg 668w\" sizes=\"(max-width: 1000px) 100vw, 1000px\" \/>    <\/div>\n    <div class=\"eltdf-banner-text-holder\">\n\t    <div class=\"eltdf-banner-text-inner\">\n\t        \t        \t\t\t\t\t<\/div>\n\t<\/div>\n\t\t\t<a itemprop=\"url\" class=\"eltdf-banner-link\" href=\"\/pt-br\/vinhos-e-bebidas\/vinhos-de-finca\/proyecto-las-compuertas\/\" target=\"_self\"><\/a>\n\t<\/div>[vc_empty_space height=&#8221;30px&#8221;][vc_custom_heading text=&#8221;Finca Victoria&#8221; font_container=&#8221;tag:h6|font_size:24|text_align:center|color:%23d16d25&#8243; use_theme_fonts=&#8221;yes&#8221;][vc_column_text css=&#8221;&#8221;]Ao resgate de uma cidade e de uma terra com hist\u00f3ria[\/vc_column_text][vc_empty_space height=&#8221;30px&#8221;]<a itemprop=\"url\" href=\"\/pt-br\/vinhos-e-bebidas\/vinhos-de-finca\/proyecto-las-compuertas\/\" target=\"_self\" style=\"color: #ffffff;border-color: #ffffff;font-size: 14px;font-weight: 300\" class=\"eltdf-btn eltdf-btn-medium eltdf-btn-outline eltdf-btn-custom-hover-bg eltdf-btn-custom-border-hover eltdf-btn-custom-hover-color\" data-hover-color=\"#ffffff\" data-hover-bg-color=\"#d16d25\" data-hover-border-color=\"#d16d25\" >\n    <span class=\"eltdf-btn-text\">VER VARIETALES<\/span>\n    <\/a>[vc_empty_space height=&#8221;30px&#8221;][\/vc_column][\/vc_row][vc_row content_text_aligment=&#8221;center&#8221; css=&#8221;.vc_custom_1583348744247{padding-top: 50px !important;}&#8221;][vc_column width=&#8221;1\/3&#8243;]<div class=\"eltdf-section-title-holder\" style=\"text-align: center\">\n\t\t\t<h4 class=\"eltdf-st-title\" style=\"color: #ffffff\">\n\t\t\t<span>TINTO DEL PUEBLO LAS COMPUERTAS<\/span>\n\t\t<\/h4>\n                    <div class=\"eltdf-st-separator clearfix\">\n                <div class=\"eltdf-separator\" style=\"border-color: #d16d25\"><\/div>\n            <\/div>\n        \t\t\t<\/div>[vc_empty_space height=&#8221;30px&#8221;]<div class=\"eltdf-banner-holder\">\n    <div class=\"eltdf-banner-image\">\n\t    <img decoding=\"async\" width=\"1000\" height=\"1123\" src=\"https:\/\/durigutti.com\/wp-content\/uploads\/2024\/10\/bg_linea_tinto-del-pueblo-las-compuertas.jpg\" class=\"attachment-full size-full\" alt=\"tinto del pueblo las compuertas\" srcset=\"https:\/\/durigutti.com\/wp-content\/uploads\/2024\/10\/bg_linea_tinto-del-pueblo-las-compuertas.jpg 1000w, https:\/\/durigutti.com\/wp-content\/uploads\/2024\/10\/bg_linea_tinto-del-pueblo-las-compuertas-267x300.jpg 267w, https:\/\/durigutti.com\/wp-content\/uploads\/2024\/10\/bg_linea_tinto-del-pueblo-las-compuertas-912x1024.jpg 912w, https:\/\/durigutti.com\/wp-content\/uploads\/2024\/10\/bg_linea_tinto-del-pueblo-las-compuertas-768x862.jpg 768w\" sizes=\"(max-width: 1000px) 100vw, 1000px\" \/>    <\/div>\n    <div class=\"eltdf-banner-text-holder\">\n\t    <div class=\"eltdf-banner-text-inner\">\n\t        \t        \t\t\t\t\t<\/div>\n\t<\/div>\n\t\t\t<a itemprop=\"url\" class=\"eltdf-banner-link\" href=\"\/pt-br\/vinhos-e-bebidas\/vinhos-de-finca\/tinto-del-pueblo-las-compuertas\/\" target=\"_self\"><\/a>\n\t<\/div>[vc_empty_space height=&#8221;30px&#8221;][vc_custom_heading text=&#8221;Vinho de Pueblo&#8221; font_container=&#8221;tag:h6|font_size:24|text_align:center|color:%23d16d25&#8243; use_theme_fonts=&#8221;yes&#8221; css=&#8221;&#8221;][vc_column_text css=&#8221;&#8221;]Tradi\u00e7\u00f5es que voltam \u00e0 mesa[\/vc_column_text][vc_empty_space height=&#8221;30px&#8221;]<a itemprop=\"url\" href=\"\/pt-br\/vinhos-e-bebidas\/vinhos-de-finca\/tinto-del-pueblo-las-compuertas\/\" target=\"_self\" style=\"color: #ffffff;border-color: #ffffff;font-size: 14px;font-weight: 300\" class=\"eltdf-btn eltdf-btn-medium eltdf-btn-outline eltdf-btn-custom-hover-bg eltdf-btn-custom-border-hover eltdf-btn-custom-hover-color\" data-hover-color=\"#ffffff\" data-hover-bg-color=\"#d16d25\" data-hover-border-color=\"#d16d25\" >\n    <span class=\"eltdf-btn-text\">VER VARIETAL<\/span>\n    <\/a>[vc_empty_space height=&#8221;30px&#8221;][\/vc_column][vc_column width=&#8221;1\/3&#8243;]<div class=\"eltdf-section-title-holder\" style=\"text-align: center\">\n\t\t\t<h4 class=\"eltdf-st-title\" style=\"color: #ffffff\">\n\t\t\t<span>DURIGUTTI PIE DE MONTE VITICULTORES<\/span>\n\t\t<\/h4>\n                    <div class=\"eltdf-st-separator clearfix\">\n                <div class=\"eltdf-separator\" style=\"border-color: #d16d25\"><\/div>\n            <\/div>\n        \t\t\t<\/div>[vc_empty_space height=&#8221;30px&#8221;]<div class=\"eltdf-banner-holder\">\n    <div class=\"eltdf-banner-image\">\n\t    <img decoding=\"async\" width=\"1000\" height=\"1123\" src=\"https:\/\/durigutti.com\/wp-content\/uploads\/2021\/11\/bg_durigutti-pie-de-monte.jpg\" class=\"attachment-full size-full\" alt=\"Durigutti Pie de Monte\" srcset=\"https:\/\/durigutti.com\/wp-content\/uploads\/2021\/11\/bg_durigutti-pie-de-monte.jpg 1000w, https:\/\/durigutti.com\/wp-content\/uploads\/2021\/11\/bg_durigutti-pie-de-monte-267x300.jpg 267w, https:\/\/durigutti.com\/wp-content\/uploads\/2021\/11\/bg_durigutti-pie-de-monte-912x1024.jpg 912w, https:\/\/durigutti.com\/wp-content\/uploads\/2021\/11\/bg_durigutti-pie-de-monte-768x862.jpg 768w, https:\/\/durigutti.com\/wp-content\/uploads\/2021\/11\/bg_durigutti-pie-de-monte-668x750.jpg 668w\" sizes=\"(max-width: 1000px) 100vw, 1000px\" \/>    <\/div>\n    <div class=\"eltdf-banner-text-holder\">\n\t    <div class=\"eltdf-banner-text-inner\">\n\t        \t        \t\t\t\t\t<\/div>\n\t<\/div>\n\t\t\t<a itemprop=\"url\" class=\"eltdf-banner-link\" href=\"\/pt-br\/vinhos-e-bebidas\/vinhos-de-finca\/durigutti-pie-de-monte-viticultores\/\" target=\"_self\"><\/a>\n\t<\/div>[vc_empty_space height=&#8221;30px&#8221;][vc_custom_heading text=&#8221;Vinhos de montanha&#8221; font_container=&#8221;tag:h6|font_size:24|text_align:center|color:%23d16d25&#8243; use_theme_fonts=&#8221;yes&#8221; css=&#8221;&#8221;][vc_column_text css=&#8221;&#8221;]Pequenos viticultores dos Andes[\/vc_column_text][vc_empty_space height=&#8221;30px&#8221;]<a itemprop=\"url\" href=\"\/pt-br\/vinhos-e-bebidas\/vinhos-de-finca\/durigutti-pie-de-monte-viticultores\/\" target=\"_self\" style=\"color: #ffffff;border-color: #ffffff;font-size: 14px;font-weight: 300\" class=\"eltdf-btn eltdf-btn-medium eltdf-btn-outline eltdf-btn-custom-hover-bg eltdf-btn-custom-border-hover eltdf-btn-custom-hover-color\" data-hover-color=\"#ffffff\" data-hover-bg-color=\"#d16d25\" data-hover-border-color=\"#d16d25\" >\n    <span class=\"eltdf-btn-text\">VER VARIETALES<\/span>\n    <\/a>[vc_empty_space height=&#8221;30px&#8221;][\/vc_column][vc_column width=&#8221;1\/3&#8243;]<div class=\"eltdf-section-title-holder\" style=\"text-align: center\">\n\t\t\t<h4 class=\"eltdf-st-title\" style=\"color: #ffffff\">\n\t\t\t<span>DURIGUTTI PIE DE MONTE INMIGRANTES<\/span>\n\t\t<\/h4>\n                    <div class=\"eltdf-st-separator clearfix\">\n                <div class=\"eltdf-separator\" style=\"border-color: #d16d25\"><\/div>\n            <\/div>\n        \t\t\t<\/div>[vc_empty_space height=&#8221;30px&#8221;]<div class=\"eltdf-banner-holder\">\n    <div class=\"eltdf-banner-image\">\n\t    <img decoding=\"async\" width=\"1000\" height=\"1123\" src=\"https:\/\/durigutti.com\/wp-content\/uploads\/2025\/05\/bg_durigutti-pie-de-monte-inmigrantes.jpg\" class=\"attachment-full size-full\" alt=\"durigutti pie de monte inmigrantes\" srcset=\"https:\/\/durigutti.com\/wp-content\/uploads\/2025\/05\/bg_durigutti-pie-de-monte-inmigrantes.jpg 1000w, https:\/\/durigutti.com\/wp-content\/uploads\/2025\/05\/bg_durigutti-pie-de-monte-inmigrantes-267x300.jpg 267w, https:\/\/durigutti.com\/wp-content\/uploads\/2025\/05\/bg_durigutti-pie-de-monte-inmigrantes-912x1024.jpg 912w, https:\/\/durigutti.com\/wp-content\/uploads\/2025\/05\/bg_durigutti-pie-de-monte-inmigrantes-768x862.jpg 768w\" sizes=\"(max-width: 1000px) 100vw, 1000px\" \/>    <\/div>\n    <div class=\"eltdf-banner-text-holder\">\n\t    <div class=\"eltdf-banner-text-inner\">\n\t        \t        \t\t\t\t\t<\/div>\n\t<\/div>\n\t\t\t<a itemprop=\"url\" class=\"eltdf-banner-link\" href=\"\/pt-br\/vinhos-e-bebidas\/vinhos-de-finca\/durigutti-pie-de-monte-inmigrantes\/\" target=\"_self\"><\/a>\n\t<\/div>[vc_empty_space height=&#8221;30px&#8221;][vc_custom_heading text=&#8221;Vinhos de Imigrantes &#8221; font_container=&#8221;tag:h6|font_size:24|text_align:center|color:%23d16d25&#8243; use_theme_fonts=&#8221;yes&#8221; css=&#8221;&#8221;][vc_column_text css=&#8221;&#8221;]Tradi\u00e7\u00f5es Vivas[\/vc_column_text][vc_empty_space height=&#8221;30px&#8221;]<a itemprop=\"url\" href=\"\/pt-br\/vinhos-e-bebidas\/vinhos-de-finca\/durigutti-pie-de-monte-inmigrantes\/\" target=\"_self\" style=\"color: #ffffff;border-color: #ffffff;font-size: 14px;font-weight: 300\" class=\"eltdf-btn eltdf-btn-medium eltdf-btn-outline eltdf-btn-custom-hover-bg eltdf-btn-custom-border-hover eltdf-btn-custom-hover-color\" data-hover-color=\"#ffffff\" data-hover-bg-color=\"#d16d25\" data-hover-border-color=\"#d16d25\" >\n    <span class=\"eltdf-btn-text\">VER VARIETALES<\/span>\n    <\/a>[vc_empty_space height=&#8221;30px&#8221;][\/vc_column][\/vc_row][vc_row row_content_width=&#8221;grid&#8221; content_text_aligment=&#8221;center&#8221; css=&#8221;.vc_custom_1510872434322{padding-top: 50px !important;}&#8221;][vc_column width=&#8221;5\/6&#8243;][\/vc_column][vc_column width=&#8221;1\/6&#8243;]<a itemprop=\"url\" href=\"\/pt-br\/vinhos-e-bebidas\/\" target=\"_self\" style=\"color: #ffffff;background-color: #d16d25;border-color: #d16d25;font-size: 14px;font-weight: 300\" class=\"eltdf-btn eltdf-btn-small eltdf-btn-solid eltdf-btn-custom-hover-bg eltdf-btn-custom-border-hover eltdf-btn-custom-hover-color\" data-hover-color=\"#d16d25\" data-hover-bg-color=\"#222222\" data-hover-border-color=\"#d16d25\" >\n    <span class=\"eltdf-btn-text\">VOLTAR<\/span>\n    <\/a>[\/vc_column][\/vc_row]<\/p>\n<\/div>","protected":false},"excerpt":{"rendered":"<p> [&hellip;]<\/p>\n","protected":false},"author":6,"featured_media":0,"parent":19479,"menu_order":0,"comment_status":"closed","ping_status":"closed","template":"full-width.php","meta":{"_seopress_robots_primary_cat":"","_seopress_titles_title":"","_seopress_titles_desc":"","_seopress_robots_index":"","_monsterinsights_skip_tracking":false,"_monsterinsights_sitenote_active":false,"_monsterinsights_sitenote_note":"","_monsterinsights_sitenote_category":0,"footnotes":""},"class_list":["post-19526","page","type-page","status-publish","hentry"],"_links":{"self":[{"href":"https:\/\/durigutti.com\/pt-br\/wp-json\/wp\/v2\/pages\/19526","targetHints":{"allow":["GET"]}}],"collection":[{"href":"https:\/\/durigutti.com\/pt-br\/wp-json\/wp\/v2\/pages"}],"about":[{"href":"https:\/\/durigutti.com\/pt-br\/wp-json\/wp\/v2\/types\/page"}],"author":[{"embeddable":true,"href":"https:\/\/durigutti.com\/pt-br\/wp-json\/wp\/v2\/users\/6"}],"replies":[{"embeddable":true,"href":"https:\/\/durigutti.com\/pt-br\/wp-json\/wp\/v2\/comments?post=19526"}],"version-history":[{"count":12,"href":"https:\/\/durigutti.com\/pt-br\/wp-json\/wp\/v2\/pages\/19526\/revisions"}],"predecessor-version":[{"id":25639,"href":"https:\/\/durigutti.com\/pt-br\/wp-json\/wp\/v2\/pages\/19526\/revisions\/25639"}],"up":[{"embeddable":true,"href":"https:\/\/durigutti.com\/pt-br\/wp-json\/wp\/v2\/pages\/19479"}],"wp:attachment":[{"href":"https:\/\/durigutti.com\/pt-br\/wp-json\/wp\/v2\/media?parent=19526"}],"curies":[{"name":"wp","href":"https:\/\/api.w.org\/{rel}","templated":true}]}}