{"id":19514,"date":"2020-04-24T20:14:29","date_gmt":"2020-04-24T20:14:29","guid":{"rendered":"https:\/\/durigutti.com\/nossa-colecao\/durigutti\/durigutti-gran-reserva\/"},"modified":"2025-05-04T20:54:53","modified_gmt":"2025-05-04T20:54:53","slug":"durigutti-gran-reserva","status":"publish","type":"page","link":"https:\/\/durigutti.com\/pt-br\/vinhos-e-bebidas\/durigutti\/durigutti-gran-reserva\/","title":{"rendered":"Durigutti Gran Reserva"},"content":{"rendered":"<div class=\"wpb-content-wrapper\"><p>[vc_row content_text_aligment=&#8221;right&#8221; css=&#8221;.vc_custom_1520372524641{margin-top: 0px !important;padding-top: 50px !important;padding-bottom: 50px !important;background-color: #1d1d1b !important;background-position: center !important;background-repeat: no-repeat !important;background-size: cover !important;}&#8221;][vc_column]<div class=\"eltdf-section-title-holder\" style=\"text-align: center\">\n\t\t\t<h3 class=\"eltdf-st-title\" style=\"color: #ffffff\">\n\t\t\t<span>DURIGUTTI GRAN RESERVA<\/span>\n\t\t<\/h3>\n                    <div class=\"eltdf-st-separator clearfix\">\n                <div class=\"eltdf-separator\" style=\"border-color: #d16d25\"><\/div>\n            <\/div>\n        \t\t\t<\/div>[\/vc_column][\/vc_row][vc_row row_content_width=&#8221;grid&#8221; content_text_aligment=&#8221;center&#8221;][vc_column offset=&#8221;vc_hidden-lg vc_hidden-md&#8221;][vc_separator][vc_single_image image=&#8221;25737&#8243; img_size=&#8221;medium&#8221; alignment=&#8221;center&#8221; css=&#8221;&#8221;][vc_column_text css=&#8221;&#8221;]<\/p>\n<h6><span style=\"color: #d16d25;\">2021-2020-2019-2018-2017-2016-2015-2014-2013-2012<\/span><\/h6>\n<p>[\/vc_column_text][vc_column_text css=&#8221;.vc_custom_1510842527713{margin-top: -24px !important;}&#8221;]<\/p>\n<h3>DURIGUTTI Gran Reserva Malbec<\/h3>\n<p>[\/vc_column_text][vc_column_text css=&#8221;&#8221;]Um tributo \u00e0 variedade emblem\u00e1tica da Argentina, este Malbec de alta gama expressa o melhor do Valle de Uco e de Luj\u00e1n de Cuyo em sua m\u00e1xima tipicidade varietal.[\/vc_column_text][vc_empty_space height=&#8221;27px&#8221;]<a itemprop=\"url\" href=\"\/descargas\/FT-DU-Gran-Reserva-MALBEC_port.pdf\" target=\"_blank\" style=\"color: #737272;border-color: #737272;font-size: 14px;font-weight: 300\" class=\"eltdf-btn eltdf-btn-small eltdf-btn-outline eltdf-btn-custom-hover-bg eltdf-btn-custom-border-hover eltdf-btn-custom-hover-color\" data-hover-color=\"#737272\" data-hover-bg-color=\"rgba(255,255,255,0.01)\" data-hover-border-color=\"#d16d25\" >\n    <span class=\"eltdf-btn-text\">FICHA T\u00c9CNICA<\/span>\n    <\/a>[vc_empty_space height=&#8221;27px&#8221;][vc_single_image image=&#8221;19650&#8243; img_size=&#8221;full&#8221; alignment=&#8221;center&#8221; onclick=&#8221;custom_link&#8221; css=&#8221;&#8221; link=&#8221;\/pt-br\/reconhecimentos\/&#8221;][vc_empty_space height=&#8221;27px&#8221;][vc_single_image image=&#8221;19655&#8243; img_size=&#8221;full&#8221; alignment=&#8221;center&#8221; onclick=&#8221;custom_link&#8221; css=&#8221;&#8221; link=&#8221;\/pt-br\/certificacoes\/&#8221;][vc_separator][\/vc_column][\/vc_row][vc_row row_content_width=&#8221;grid&#8221; content_text_aligment=&#8221;center&#8221;][vc_column offset=&#8221;vc_hidden-lg vc_hidden-md&#8221;][vc_separator][vc_single_image image=&#8221;25734&#8243; img_size=&#8221;medium&#8221; alignment=&#8221;center&#8221; css=&#8221;&#8221;][vc_column_text css=&#8221;&#8221;]<\/p>\n<h6><span style=\"color: #d16d25;\">2020<\/span><\/h6>\n<p>[\/vc_column_text][vc_column_text css=&#8221;.vc_custom_1746375050146{margin-top: -24px !important;}&#8221;]<\/p>\n<h3>DURIGUTTI Gran Reserva Cabernet Sauvignon<\/h3>\n<p>[\/vc_column_text][vc_column_text css=&#8221;&#8221;]Este Sauvignon, elaborado com uvas de Agrelo, Vistalba e Altamira, apresenta bom corpo, taninos elegantes e equil\u00edbrio, unindo est\u00e1gio em barricas com a ess\u00eancia varietal.[\/vc_column_text][vc_empty_space height=&#8221;27px&#8221;]<a itemprop=\"url\" href=\"\/descargas\/Ficha-DU-Gran-Reserva-Cabernet-Sauvignon_ESP.pdf\" target=\"_blank\" style=\"color: #737272;border-color: #737272;font-size: 14px;font-weight: 300\" class=\"eltdf-btn eltdf-btn-small eltdf-btn-outline eltdf-btn-custom-hover-bg eltdf-btn-custom-border-hover eltdf-btn-custom-hover-color\" data-hover-color=\"#737272\" data-hover-bg-color=\"rgba(255,255,255,0.01)\" data-hover-border-color=\"#d16d25\" >\n    <span class=\"eltdf-btn-text\">FICHA T\u00c9CNICA<\/span>\n    <\/a>[vc_empty_space height=&#8221;27px&#8221;][vc_single_image image=&#8221;19655&#8243; img_size=&#8221;full&#8221; alignment=&#8221;center&#8221; onclick=&#8221;custom_link&#8221; css=&#8221;&#8221; link=&#8221;\/pt-br\/certificacoes\/&#8221;][vc_separator][\/vc_column][\/vc_row][vc_row row_content_width=&#8221;grid&#8221; content_text_aligment=&#8221;center&#8221;][vc_column offset=&#8221;vc_hidden-lg vc_hidden-md&#8221;][vc_separator][vc_single_image image=&#8221;25731&#8243; img_size=&#8221;medium&#8221; alignment=&#8221;center&#8221; css=&#8221;&#8221;][vc_column_text css=&#8221;&#8221;]<\/p>\n<h6><span style=\"color: #d16d25;\">2020<\/span><\/h6>\n<p>[\/vc_column_text][vc_column_text css=&#8221;.vc_custom_1746375192684{margin-top: -24px !important;}&#8221;]<\/p>\n<h3>DURIGUTTI Gran Reserva Cabernet Franc<\/h3>\n<p>[\/vc_column_text][vc_column_text css=&#8221;&#8221;]Este Cabernet Franc perfumado e de taninos finos combina uvas de Luj\u00e1n de Cuyo e do Valle de Uco, destacando-se pelas notas de frutas e chocolate.<br \/>\n[\/vc_column_text][vc_empty_space height=&#8221;27px&#8221;]<a itemprop=\"url\" href=\"\/descargas\/Ficha-DU-Gran-Reserva-Cabernet-Franc_ESP.pdf\" target=\"_blank\" style=\"color: #737272;border-color: #737272;font-size: 14px;font-weight: 300\" class=\"eltdf-btn eltdf-btn-small eltdf-btn-outline eltdf-btn-custom-hover-bg eltdf-btn-custom-border-hover eltdf-btn-custom-hover-color\" data-hover-color=\"#737272\" data-hover-bg-color=\"rgba(255,255,255,0.01)\" data-hover-border-color=\"#d16d25\" >\n    <span class=\"eltdf-btn-text\">FICHA T\u00c9CNICA<\/span>\n    <\/a>[vc_empty_space height=&#8221;27px&#8221;][vc_single_image image=&#8221;19655&#8243; img_size=&#8221;full&#8221; alignment=&#8221;center&#8221; onclick=&#8221;custom_link&#8221; css=&#8221;&#8221; link=&#8221;\/pt-br\/certificacoes\/&#8221;][vc_separator][\/vc_column][\/vc_row][vc_row row_content_width=&#8221;grid&#8221; content_text_aligment=&#8221;center&#8221;][vc_column offset=&#8221;vc_hidden-lg vc_hidden-md&#8221;][vc_separator][vc_single_image image=&#8221;25728&#8243; img_size=&#8221;medium&#8221; alignment=&#8221;center&#8221; css=&#8221;&#8221;][vc_column_text css=&#8221;&#8221;]<\/p>\n<h6><span style=\"color: #d16d25;\">2020<\/span><\/h6>\n<p>[\/vc_column_text][vc_column_text css=&#8221;.vc_custom_1746375248650{margin-top: -24px !important;}&#8221;]<\/p>\n<h3>DURIGUTTI Gran Reserva Blend<\/h3>\n<p>[\/vc_column_text][vc_column_text css=&#8221;&#8221;]Intenso no nariz e com muito sabor em boca, este corte re\u00fane diversidade de vinhedos e castas, com o melhor de Cabernet Franc, Cabernet Sauvignon, Malbec, Bonarda e Petit Verdot.[\/vc_column_text][vc_empty_space height=&#8221;27px&#8221;]<a itemprop=\"url\" href=\"\/descargas\/Ficha-DU-Gran-Reserva-Blend_ESP.pdf\" target=\"_blank\" style=\"color: #737272;border-color: #737272;font-size: 14px;font-weight: 300\" class=\"eltdf-btn eltdf-btn-small eltdf-btn-outline eltdf-btn-custom-hover-bg eltdf-btn-custom-border-hover eltdf-btn-custom-hover-color\" data-hover-color=\"#737272\" data-hover-bg-color=\"rgba(255,255,255,0.01)\" data-hover-border-color=\"#d16d25\" >\n    <span class=\"eltdf-btn-text\">FICHA T\u00c9CNICA<\/span>\n    <\/a>[vc_empty_space height=&#8221;27px&#8221;][vc_single_image image=&#8221;19655&#8243; img_size=&#8221;full&#8221; alignment=&#8221;center&#8221; onclick=&#8221;custom_link&#8221; css=&#8221;&#8221; link=&#8221;\/pt-br\/certificacoes\/&#8221;][vc_separator][\/vc_column][\/vc_row][vc_row row_content_width=&#8221;grid&#8221;][vc_column offset=&#8221;vc_hidden-sm vc_hidden-xs&#8221;][vc_separator][vc_row_inner][vc_column_inner offset=&#8221;vc_col-lg-3 vc_col-md-4&#8243;][vc_empty_space height=&#8221;95px&#8221;]<div class=\"eltdf-elements-holder eltdf-responsive-mode-768 eltdf-one-column-alignment-left\" ><div class=\"eltdf-eh-item \" data-item-class=\"eltdf-eh-custom-622508\" >\n\t<div class=\"eltdf-eh-item-inner\" >\n\t\t<div class=\"eltdf-eh-item-content eltdf-eh-custom-622508\" style=\"padding: 106px 0px 0px 0px\">\n\t\t\t<div class=\"eltdf-parallax-image\" style=\"height: 500px\">\n\t<img decoding=\"async\" src=\"https:\/\/durigutti.com\/wp-content\/uploads\/2025\/05\/durigutti-new-gran-reserva-malbec.jpg\" alt=\"durigutti gran reserva malbec\" \/>\n<\/div>\t\t<\/div>\n\t<\/div>\n\t<\/div><\/div>[\/vc_column_inner][vc_column_inner offset=&#8221;vc_col-lg-9 vc_col-md-8&#8243;]<div class=\"eltdf-elements-holder eltdf-responsive-mode-768\" ><div class=\"eltdf-eh-item \" data-item-class=\"eltdf-eh-custom-158333\" data-1024-1280=\"129px 15% 150px 0px\" data-768-1024=\"137px 10% 150px 0px\" data-600-768=\"50px 6% 150px 0px\" data-480-600=\"50px 0% 150px 0px\" data-480=\"50px 0% 150px 0px\" >\n\t<div class=\"eltdf-eh-item-inner\" >\n\t\t<div class=\"eltdf-eh-item-content eltdf-eh-custom-158333\" style=\"padding: 129px 22% 150px 0px\">\n\t\t\t[vc_column_text css=&#8221;&#8221;]<\/p>\n<h6><span style=\"color: #d16d25;\">2021-2020-2019-2018-2017-2016-2015-2014-2013-2012<\/span><\/h6>\n<p>[\/vc_column_text][vc_column_text css=&#8221;.vc_custom_1510842527713{margin-top: -24px !important;}&#8221;]<\/p>\n<h3>DURIGUTTI Gran Reserva Malbec<\/h3>\n<p>[\/vc_column_text][vc_column_text css=&#8221;&#8221;]Um tributo \u00e0 variedade emblem\u00e1tica da Argentina, este Malbec de alta gama expressa o melhor do Valle de Uco e de Luj\u00e1n de Cuyo em sua m\u00e1xima tipicidade varietal.[\/vc_column_text][vc_empty_space height=&#8221;27px&#8221;]<a itemprop=\"url\" href=\"\/descargas\/Ficha-DU-Gran-Reserva-Malbec_ESP.pdf\" target=\"_blank\" style=\"color: #737272;border-color: #737272;font-size: 14px;font-weight: 300\" class=\"eltdf-btn eltdf-btn-small eltdf-btn-outline eltdf-btn-custom-hover-bg eltdf-btn-custom-border-hover eltdf-btn-custom-hover-color\" data-hover-color=\"#737272\" data-hover-bg-color=\"rgba(255,255,255,0.01)\" data-hover-border-color=\"#d16d25\" >\n    <span class=\"eltdf-btn-text\">FICHA T\u00c9CNICA<\/span>\n    <\/a>[vc_single_image image=&#8221;19544&#8243; img_size=&#8221;full&#8221; alignment=&#8221;right&#8221; onclick=&#8221;custom_link&#8221; css=&#8221;&#8221; link=&#8221;\/pt-br\/reconhecimentos\/&#8221;]\t\t<\/div>\n\t<\/div>\n\t<\/div><\/div>[\/vc_column_inner][\/vc_row_inner][vc_separator][vc_row_inner][vc_column_inner offset=&#8221;vc_col-lg-9 vc_col-md-8&#8243;]<div class=\"eltdf-elements-holder eltdf-responsive-mode-768\" ><div class=\"eltdf-eh-item eltdf-horizontal-alignment-right\" data-item-class=\"eltdf-eh-custom-336301\" data-1024-1280=\"129px 15% 150px 0px\" data-768-1024=\"137px 10% 150px 0px\" data-600-768=\"50px 6% 150px 0px\" data-480-600=\"50px 0% 150px 0px\" data-480=\"50px 0% 150px 0px\" >\n\t<div class=\"eltdf-eh-item-inner\" >\n\t\t<div class=\"eltdf-eh-item-content eltdf-eh-custom-336301\" style=\"padding: 129px 22% 150px 0px\">\n\t\t\t[vc_column_text css=&#8221;&#8221;]<\/p>\n<h6 style=\"text-align: right;\"><span style=\"color: #d16d25;\">2020<\/span><\/h6>\n<p>[\/vc_column_text][vc_column_text css=&#8221;.vc_custom_1746381442841{margin-top: -24px !important;}&#8221;]<\/p>\n<h3 style=\"text-align: right;\">DURIGUTTI Gran Reserva Cabernet Sauvignon<\/h3>\n<p>[\/vc_column_text][vc_column_text css=&#8221;&#8221;]<\/p>\n<p style=\"text-align: right;\">Este Sauvignon, elaborado com uvas de Agrelo, Vistalba e Altamira, apresenta bom corpo, taninos elegantes e equil\u00edbrio, unindo est\u00e1gio em barricas com a ess\u00eancia varietal.<\/p>\n<p>[\/vc_column_text][vc_empty_space height=&#8221;27px&#8221;]<a itemprop=\"url\" href=\"\/descargas\/Ficha-DU-Gran-Reserva-Cabernet-Sauvignon_ESP.pdf\" target=\"_blank\" style=\"color: #737272;border-color: #737272;font-size: 14px;font-weight: 300\" class=\"eltdf-btn eltdf-btn-small eltdf-btn-outline eltdf-btn-custom-hover-bg eltdf-btn-custom-border-hover eltdf-btn-custom-hover-color\" data-hover-color=\"#737272\" data-hover-bg-color=\"rgba(255,255,255,0.01)\" data-hover-border-color=\"#d16d25\" >\n    <span class=\"eltdf-btn-text\">FICHA T\u00c9CNICA<\/span>\n    <\/a>[vc_single_image image=&#8221;19655&#8243; img_size=&#8221;full&#8221; onclick=&#8221;custom_link&#8221; css=&#8221;&#8221; link=&#8221;\/pt-br\/certificacoes\/&#8221;]\t\t<\/div>\n\t<\/div>\n\t<\/div><\/div>[\/vc_column_inner][vc_column_inner offset=&#8221;vc_col-lg-3 vc_col-md-4&#8243;][vc_empty_space height=&#8221;95px&#8221;]<div class=\"eltdf-elements-holder eltdf-responsive-mode-768 eltdf-one-column-alignment-left\" ><div class=\"eltdf-eh-item \" data-item-class=\"eltdf-eh-custom-330456\" >\n\t<div class=\"eltdf-eh-item-inner\" >\n\t\t<div class=\"eltdf-eh-item-content eltdf-eh-custom-330456\" style=\"padding: 106px 0px 0px 0px\">\n\t\t\t<div class=\"eltdf-parallax-image\" style=\"height: 500px\">\n\t<img decoding=\"async\" src=\"https:\/\/durigutti.com\/wp-content\/uploads\/2025\/05\/durigutti-new-gran-reserva_cabernet-sauvignon.jpg\" alt=\"durigutti gran reserva cabernet sauvignon\" \/>\n<\/div>\t\t<\/div>\n\t<\/div>\n\t<\/div><\/div>[\/vc_column_inner][\/vc_row_inner][vc_separator][vc_row_inner][vc_column_inner offset=&#8221;vc_col-lg-3 vc_col-md-4&#8243;][vc_empty_space height=&#8221;95px&#8221;]<div class=\"eltdf-elements-holder eltdf-responsive-mode-768 eltdf-one-column-alignment-left\" ><div class=\"eltdf-eh-item \" data-item-class=\"eltdf-eh-custom-880614\" >\n\t<div class=\"eltdf-eh-item-inner\" >\n\t\t<div class=\"eltdf-eh-item-content eltdf-eh-custom-880614\" style=\"padding: 106px 0px 0px 0px\">\n\t\t\t<div class=\"eltdf-parallax-image\" style=\"height: 500px\">\n\t<img decoding=\"async\" src=\"https:\/\/durigutti.com\/wp-content\/uploads\/2025\/05\/durigutti-new-gran-reserva_cabernet-franc.jpg\" alt=\"durigutti gran reserva cabernet franc\" \/>\n<\/div>\t\t<\/div>\n\t<\/div>\n\t<\/div><\/div>[\/vc_column_inner][vc_column_inner offset=&#8221;vc_col-lg-9 vc_col-md-8&#8243;]<div class=\"eltdf-elements-holder eltdf-responsive-mode-768\" ><div class=\"eltdf-eh-item \" data-item-class=\"eltdf-eh-custom-567527\" data-1024-1280=\"129px 15% 150px 0px\" data-768-1024=\"137px 10% 150px 0px\" data-600-768=\"50px 6% 150px 0px\" data-480-600=\"50px 0% 150px 0px\" data-480=\"50px 0% 150px 0px\" >\n\t<div class=\"eltdf-eh-item-inner\" >\n\t\t<div class=\"eltdf-eh-item-content eltdf-eh-custom-567527\" style=\"padding: 129px 22% 150px 0px\">\n\t\t\t[vc_column_text css=&#8221;&#8221;]<\/p>\n<h6><span style=\"color: #d16d25;\">2020<\/span><\/h6>\n<p>[\/vc_column_text][vc_column_text css=&#8221;.vc_custom_1746381529189{margin-top: -24px !important;}&#8221;]<\/p>\n<h3>DURIGUTTI Gran Reserva Cabernet Franc<\/h3>\n<p>[\/vc_column_text][vc_column_text css=&#8221;&#8221;]Este Cabernet Franc perfumado e de taninos finos combina uvas de Luj\u00e1n de Cuyo e do Valle de Uco, destacando-se pelas notas de frutas e chocolate.[\/vc_column_text][vc_empty_space height=&#8221;27px&#8221;]<a itemprop=\"url\" href=\"\/descargas\/Ficha-DU-Gran-Reserva-Cabernet-Franc_ESP.pdf\" target=\"_blank\" style=\"color: #737272;border-color: #737272;font-size: 14px;font-weight: 300\" class=\"eltdf-btn eltdf-btn-small eltdf-btn-outline eltdf-btn-custom-hover-bg eltdf-btn-custom-border-hover eltdf-btn-custom-hover-color\" data-hover-color=\"#737272\" data-hover-bg-color=\"rgba(255,255,255,0.01)\" data-hover-border-color=\"#d16d25\" >\n    <span class=\"eltdf-btn-text\">FICHA T\u00c9CNICA<\/span>\n    <\/a>[vc_single_image image=&#8221;19655&#8243; img_size=&#8221;full&#8221; alignment=&#8221;right&#8221; onclick=&#8221;custom_link&#8221; css=&#8221;&#8221; link=&#8221;\/pt-br\/certificacoes\/&#8221;]\t\t<\/div>\n\t<\/div>\n\t<\/div><\/div>[\/vc_column_inner][\/vc_row_inner][vc_separator][vc_row_inner][vc_column_inner offset=&#8221;vc_col-lg-9 vc_col-md-8&#8243;]<div class=\"eltdf-elements-holder eltdf-responsive-mode-768\" ><div class=\"eltdf-eh-item eltdf-horizontal-alignment-right\" data-item-class=\"eltdf-eh-custom-512396\" data-1024-1280=\"129px 15% 150px 0px\" data-768-1024=\"137px 10% 150px 0px\" data-600-768=\"50px 6% 150px 0px\" data-480-600=\"50px 0% 150px 0px\" data-480=\"50px 0% 150px 0px\" >\n\t<div class=\"eltdf-eh-item-inner\" >\n\t\t<div class=\"eltdf-eh-item-content eltdf-eh-custom-512396\" style=\"padding: 129px 22% 150px 0px\">\n\t\t\t[vc_column_text css=&#8221;&#8221;]<\/p>\n<h6 style=\"text-align: right;\"><span style=\"color: #d16d25;\">2020<\/span><\/h6>\n<p>[\/vc_column_text][vc_column_text css=&#8221;.vc_custom_1746381672860{margin-top: -24px !important;}&#8221;]<\/p>\n<h3 style=\"text-align: right;\">DURIGUTTI Gran Reserva Blend<\/h3>\n<p>[\/vc_column_text][vc_column_text css=&#8221;&#8221;]<\/p>\n<p style=\"text-align: right;\">Intenso no nariz e com muito sabor em boca, este corte re\u00fane diversidade de vinhedos e castas, com o melhor de Cabernet Franc, Cabernet Sauvignon, Malbec, Bonarda e Petit Verdot.<\/p>\n<p>[\/vc_column_text][vc_empty_space height=&#8221;27px&#8221;]<a itemprop=\"url\" href=\"\/descargas\/Ficha-DU-Gran-Reserva-Blend_ESP.pdf\" target=\"_blank\" style=\"color: #737272;border-color: #737272;font-size: 14px;font-weight: 300\" class=\"eltdf-btn eltdf-btn-small eltdf-btn-outline eltdf-btn-custom-hover-bg eltdf-btn-custom-border-hover eltdf-btn-custom-hover-color\" data-hover-color=\"#737272\" data-hover-bg-color=\"rgba(255,255,255,0.01)\" data-hover-border-color=\"#d16d25\" >\n    <span class=\"eltdf-btn-text\">FICHA T\u00c9CNICA<\/span>\n    <\/a>[vc_single_image image=&#8221;19655&#8243; img_size=&#8221;full&#8221; onclick=&#8221;custom_link&#8221; css=&#8221;&#8221; link=&#8221;\/pt-br\/certificacoes\/&#8221;]\t\t<\/div>\n\t<\/div>\n\t<\/div><\/div>[\/vc_column_inner][vc_column_inner offset=&#8221;vc_col-lg-3 vc_col-md-4&#8243;][vc_empty_space height=&#8221;95px&#8221;]<div class=\"eltdf-elements-holder eltdf-responsive-mode-768 eltdf-one-column-alignment-left\" ><div class=\"eltdf-eh-item \" data-item-class=\"eltdf-eh-custom-798849\" >\n\t<div class=\"eltdf-eh-item-inner\" >\n\t\t<div class=\"eltdf-eh-item-content eltdf-eh-custom-798849\" style=\"padding: 106px 0px 0px 0px\">\n\t\t\t<div class=\"eltdf-parallax-image\" style=\"height: 500px\">\n\t<img decoding=\"async\" src=\"https:\/\/durigutti.com\/wp-content\/uploads\/2025\/05\/durigutti-new-gran-reserva_blend.jpg\" alt=\"durigutti gran reserva blend\" \/>\n<\/div>\t\t<\/div>\n\t<\/div>\n\t<\/div><\/div>[\/vc_column_inner][\/vc_row_inner][\/vc_column][\/vc_row][vc_row row_content_width=&#8221;grid&#8221; content_text_aligment=&#8221;center&#8221; css=&#8221;.vc_custom_1517364854550{padding-bottom: 50px !important;}&#8221;][vc_column width=&#8221;1\/4&#8243;][\/vc_column][vc_column width=&#8221;1\/4&#8243;][vc_empty_space height=&#8221;30px&#8221;]<a itemprop=\"url\" href=\"\/pt-br\/vinhos-e-bebidas\/durigutti\/\" target=\"_self\" style=\"color: #ffffff;background-color: #d16d25;border-color: #d16d25;font-size: 12px;font-weight: 300;margin: 0 20px 0 20px\" class=\"eltdf-btn eltdf-btn-small eltdf-btn-solid eltdf-btn-custom-hover-bg eltdf-btn-custom-border-hover eltdf-btn-custom-hover-color\" data-hover-color=\"#d16d25\" data-hover-bg-color=\"#ffffff\" data-hover-border-color=\"#d16d25\" >\n    <span class=\"eltdf-btn-text\">VOLTAR<\/span>\n    <\/a>[\/vc_column][vc_column width=&#8221;1\/4&#8243;][vc_empty_space height=&#8221;30px&#8221;]<a itemprop=\"url\" href=\"\/pt-br\/vinhos-e-bebidas\/\" target=\"_self\" style=\"color: #ffffff;background-color: #d16d25;border-color: #d16d25;font-size: 12px;font-weight: 300\" class=\"eltdf-btn eltdf-btn-small eltdf-btn-solid eltdf-btn-custom-hover-bg eltdf-btn-custom-border-hover eltdf-btn-custom-hover-color\" data-hover-color=\"#d16d25\" data-hover-bg-color=\"#ffffff\" data-hover-border-color=\"#d16d25\" >\n    <span class=\"eltdf-btn-text\">VER VINHOS E BEBIDAS<\/span>\n    <\/a>[\/vc_column][vc_column width=&#8221;1\/4&#8243;][\/vc_column][\/vc_row]<\/p>\n<\/div>","protected":false},"excerpt":{"rendered":"<p> [&hellip;]<\/p>\n","protected":false},"author":6,"featured_media":0,"parent":19490,"menu_order":0,"comment_status":"closed","ping_status":"closed","template":"full-width.php","meta":{"_seopress_robots_primary_cat":"","_seopress_titles_title":"","_seopress_titles_desc":"","_seopress_robots_index":"","_monsterinsights_skip_tracking":false,"_monsterinsights_sitenote_active":false,"_monsterinsights_sitenote_note":"","_monsterinsights_sitenote_category":0,"footnotes":""},"class_list":["post-19514","page","type-page","status-publish","hentry"],"_links":{"self":[{"href":"https:\/\/durigutti.com\/pt-br\/wp-json\/wp\/v2\/pages\/19514","targetHints":{"allow":["GET"]}}],"collection":[{"href":"https:\/\/durigutti.com\/pt-br\/wp-json\/wp\/v2\/pages"}],"about":[{"href":"https:\/\/durigutti.com\/pt-br\/wp-json\/wp\/v2\/types\/page"}],"author":[{"embeddable":true,"href":"https:\/\/durigutti.com\/pt-br\/wp-json\/wp\/v2\/users\/6"}],"replies":[{"embeddable":true,"href":"https:\/\/durigutti.com\/pt-br\/wp-json\/wp\/v2\/comments?post=19514"}],"version-history":[{"count":12,"href":"https:\/\/durigutti.com\/pt-br\/wp-json\/wp\/v2\/pages\/19514\/revisions"}],"predecessor-version":[{"id":25748,"href":"https:\/\/durigutti.com\/pt-br\/wp-json\/wp\/v2\/pages\/19514\/revisions\/25748"}],"up":[{"embeddable":true,"href":"https:\/\/durigutti.com\/pt-br\/wp-json\/wp\/v2\/pages\/19490"}],"wp:attachment":[{"href":"https:\/\/durigutti.com\/pt-br\/wp-json\/wp\/v2\/media?parent=19514"}],"curies":[{"name":"wp","href":"https:\/\/api.w.org\/{rel}","templated":true}]}}