{"id":19479,"date":"2017-11-13T23:18:42","date_gmt":"2017-11-13T23:18:42","guid":{"rendered":"https:\/\/durigutti.com\/nuestra-coleccion\/"},"modified":"2025-03-05T01:48:54","modified_gmt":"2025-03-05T01:48:54","slug":"vinhos-e-bebidas","status":"publish","type":"page","link":"https:\/\/durigutti.com\/pt-br\/vinhos-e-bebidas\/","title":{"rendered":"Vinhos e Bebidas"},"content":{"rendered":"<div class=\"wpb-content-wrapper\"><p>[vc_row css=&#8221;.vc_custom_1587763795874{margin-top: 0px !important;margin-bottom: 50px !important;}&#8221;][vc_column css=&#8221;.vc_custom_1587763873570{padding-top: 100px !important;}&#8221;]<div class=\"eltdf-elements-holder eltdf-three-columns eltdf-responsive-mode-768 eltdf-one-column-alignment-center\" ><div class=\"eltdf-eh-item eltdf-vertical-alignment-top eltdf-horizontal-alignment-center\" data-item-class=\"eltdf-eh-custom-488109\" >\n\t<div class=\"eltdf-eh-item-inner\" >\n\t\t<div class=\"eltdf-eh-item-content eltdf-eh-custom-488109\" style=\"padding: 10px 10px 10px 10px\">\n\t\t\t<div class=\"eltdf-section-title-holder\" style=\"text-align: center\">\n\t\t\t<h4 class=\"eltdf-st-title\" style=\"color: #ffffff\">\n\t\t\t<span>DURIGUTTI<\/span>\n\t\t<\/h4>\n                    <div class=\"eltdf-st-separator clearfix\">\n                <div class=\"eltdf-separator\" style=\"border-color: #d16d25\"><\/div>\n            <\/div>\n        \t\t\t<\/div>[vc_empty_space height=&#8221;30px&#8221;]<div class=\"eltdf-banner-holder\">\n    <div class=\"eltdf-banner-image\">\n\t    <img decoding=\"async\" width=\"1024\" height=\"900\" src=\"https:\/\/durigutti.com\/wp-content\/uploads\/2024\/10\/bg_portada_durigutti.jpg\" class=\"attachment-full size-full\" alt=\"vinos Linea durigutti\" srcset=\"https:\/\/durigutti.com\/wp-content\/uploads\/2024\/10\/bg_portada_durigutti.jpg 1024w, https:\/\/durigutti.com\/wp-content\/uploads\/2024\/10\/bg_portada_durigutti-300x264.jpg 300w, https:\/\/durigutti.com\/wp-content\/uploads\/2024\/10\/bg_portada_durigutti-768x675.jpg 768w\" sizes=\"(max-width: 1024px) 100vw, 1024px\" \/>    <\/div>\n    <div class=\"eltdf-banner-text-holder\">\n\t    <div class=\"eltdf-banner-text-inner\">\n\t        \t        \t\t\t\t\t<\/div>\n\t<\/div>\n\t\t\t<a itemprop=\"url\" class=\"eltdf-banner-link\" href=\"\/pt-br\/vinhos-e-bebidas\/durigutti\/\" target=\"_self\"><\/a>\n\t<\/div>[vc_empty_space height=&#8221;30px&#8221;][vc_custom_heading text=&#8221;A express\u00e3o<br \/>\nDurigutti&#8221; font_container=&#8221;tag:h6|font_size:24|text_align:center|color:%23d16d25&#8243; use_theme_fonts=&#8221;yes&#8221; css=&#8221;&#8221;][vc_column_text css=&#8221;&#8221;]<\/p>\n<p style=\"text-align: center;\">O esp\u00edrito e o estilo<br \/>\ngenu\u00edno do<br \/>\nprojeto inicial.<\/p>\n<p>[\/vc_column_text][vc_empty_space height=&#8221;30px&#8221;]<a itemprop=\"url\" href=\"\/pt-br\/vinhos-e-bebidas\/durigutti\/\" target=\"_self\" style=\"color: #ffffff;border-color: #ffffff;font-size: 14px;font-weight: 300\" class=\"eltdf-btn eltdf-btn-medium eltdf-btn-outline eltdf-btn-custom-hover-bg eltdf-btn-custom-border-hover eltdf-btn-custom-hover-color\" data-hover-color=\"#ffffff\" data-hover-bg-color=\"#d16d25\" data-hover-border-color=\"#d16d25\" >\n    <span class=\"eltdf-btn-text\">VER LINHA<\/span>\n    <\/a>[vc_empty_space height=&#8221;30px&#8221;]\t\t<\/div>\n\t<\/div>\n\t<\/div><div class=\"eltdf-eh-item eltdf-vertical-alignment-top eltdf-horizontal-alignment-center\" data-item-class=\"eltdf-eh-custom-585009\" >\n\t<div class=\"eltdf-eh-item-inner\" >\n\t\t<div class=\"eltdf-eh-item-content eltdf-eh-custom-585009\" style=\"padding: 10px 10px 10px 10px\">\n\t\t\t<div class=\"eltdf-section-title-holder\" style=\"text-align: center\">\n\t\t\t<h4 class=\"eltdf-st-title\" style=\"color: #ffffff\">\n\t\t\t<span>VINHOS DE FINCA<\/span>\n\t\t<\/h4>\n                    <div class=\"eltdf-st-separator clearfix\">\n                <div class=\"eltdf-separator\" style=\"border-color: #d16d25\"><\/div>\n            <\/div>\n        \t\t\t<\/div>[vc_empty_space height=&#8221;30px&#8221;]<div class=\"eltdf-banner-holder\">\n    <div class=\"eltdf-banner-image\">\n\t    <img decoding=\"async\" width=\"1024\" height=\"900\" src=\"https:\/\/durigutti.com\/wp-content\/uploads\/2024\/10\/bg_portada_vinos-de-finca-1.jpg\" class=\"attachment-full size-full\" alt=\"vinos de finca\" srcset=\"https:\/\/durigutti.com\/wp-content\/uploads\/2024\/10\/bg_portada_vinos-de-finca-1.jpg 1024w, https:\/\/durigutti.com\/wp-content\/uploads\/2024\/10\/bg_portada_vinos-de-finca-1-300x264.jpg 300w, https:\/\/durigutti.com\/wp-content\/uploads\/2024\/10\/bg_portada_vinos-de-finca-1-768x675.jpg 768w\" sizes=\"(max-width: 1024px) 100vw, 1024px\" \/>    <\/div>\n    <div class=\"eltdf-banner-text-holder\">\n\t    <div class=\"eltdf-banner-text-inner\">\n\t        \t        \t\t\t\t\t<\/div>\n\t<\/div>\n\t\t\t<a itemprop=\"url\" class=\"eltdf-banner-link\" href=\"\/pt-br\/vinhos-e-bebidas\/vinhos-de-finca\/\" target=\"_self\"><\/a>\n\t<\/div>[vc_empty_space height=&#8221;30px&#8221;][vc_custom_heading text=&#8221;A explora\u00e7\u00e3o<br \/>\nda origem&#8221; font_container=&#8221;tag:h6|font_size:24|text_align:center|color:%23d16d25&#8243; use_theme_fonts=&#8221;yes&#8221; css=&#8221;&#8221;][vc_column_text css=&#8221;&#8221;]<\/p>\n<p style=\"text-align: center;\">Vinhos de Finca<br \/>\ncom a m\u00e1xima interpreta\u00e7\u00e3o<br \/>\nde seus solos.<\/p>\n<p>[\/vc_column_text][vc_empty_space height=&#8221;30px&#8221;]<a itemprop=\"url\" href=\"\/pt-br\/vinhos-e-bebidas\/vinhos-de-finca\/\" target=\"_self\" style=\"color: #ffffff;border-color: #ffffff;font-size: 14px;font-weight: 300\" class=\"eltdf-btn eltdf-btn-medium eltdf-btn-outline eltdf-btn-custom-hover-bg eltdf-btn-custom-border-hover eltdf-btn-custom-hover-color\" data-hover-color=\"#ffffff\" data-hover-bg-color=\"#d16d25\" data-hover-border-color=\"#d16d25\" >\n    <span class=\"eltdf-btn-text\">VER LINHA<\/span>\n    <\/a>[vc_empty_space height=&#8221;30px&#8221;]\t\t<\/div>\n\t<\/div>\n\t<\/div><div class=\"eltdf-eh-item eltdf-vertical-alignment-top eltdf-horizontal-alignment-center\" data-item-class=\"eltdf-eh-custom-842875\" >\n\t<div class=\"eltdf-eh-item-inner\" >\n\t\t<div class=\"eltdf-eh-item-content eltdf-eh-custom-842875\" style=\"padding: 10px 10px 10px 10px\">\n\t\t\t<div class=\"eltdf-section-title-holder\" style=\"text-align: center\">\n\t\t\t<h4 class=\"eltdf-st-title\" style=\"color: #ffffff\">\n\t\t\t<span>SINGLE VINEYARD<\/span>\n\t\t<\/h4>\n                    <div class=\"eltdf-st-separator clearfix\">\n                <div class=\"eltdf-separator\" style=\"border-color: #d16d25\"><\/div>\n            <\/div>\n        \t\t\t<\/div>[vc_empty_space height=&#8221;30px&#8221;]<div class=\"eltdf-banner-holder\">\n    <div class=\"eltdf-banner-image\">\n\t    <img decoding=\"async\" width=\"1024\" height=\"900\" src=\"https:\/\/durigutti.com\/wp-content\/uploads\/2024\/10\/bg_portada_single-vineyards.jpg\" class=\"attachment-full size-full\" alt=\"single vineyards\" srcset=\"https:\/\/durigutti.com\/wp-content\/uploads\/2024\/10\/bg_portada_single-vineyards.jpg 1024w, https:\/\/durigutti.com\/wp-content\/uploads\/2024\/10\/bg_portada_single-vineyards-300x264.jpg 300w, https:\/\/durigutti.com\/wp-content\/uploads\/2024\/10\/bg_portada_single-vineyards-768x675.jpg 768w\" sizes=\"(max-width: 1024px) 100vw, 1024px\" \/>    <\/div>\n    <div class=\"eltdf-banner-text-holder\">\n\t    <div class=\"eltdf-banner-text-inner\">\n\t        \t        \t\t\t\t\t<\/div>\n\t<\/div>\n\t\t\t<a itemprop=\"url\" class=\"eltdf-banner-link\" href=\"\/pt-br\/vinhos-e-bebidas\/single-vineyards\/\" target=\"_self\"><\/a>\n\t<\/div>[vc_empty_space height=&#8221;30px&#8221;][vc_custom_heading text=&#8221;Cria\u00e7\u00f5es<br \/>\npor autor&#8221; font_container=&#8221;tag:h6|font_size:24|text_align:center|color:%23d16d25&#8243; use_theme_fonts=&#8221;yes&#8221; css=&#8221;&#8221;][vc_column_text css=&#8221;&#8221;]<\/p>\n<p style=\"text-align: center;\">Os vinhos<br \/>\nde H\u00e9ctor e Pablo,<br \/>\nAltamira e Las Compuertas.<\/p>\n<p>[\/vc_column_text][vc_empty_space height=&#8221;30px&#8221;]<a itemprop=\"url\" href=\"\/pt-br\/vinhos-e-bebidas\/single-vineyards\/\" target=\"_self\" style=\"color: #ffffff;border-color: #ffffff;font-size: 14px;font-weight: 300\" class=\"eltdf-btn eltdf-btn-medium eltdf-btn-outline eltdf-btn-custom-hover-bg eltdf-btn-custom-border-hover eltdf-btn-custom-hover-color\" data-hover-color=\"#ffffff\" data-hover-bg-color=\"#d16d25\" data-hover-border-color=\"#d16d25\" >\n    <span class=\"eltdf-btn-text\">VER LINHA<\/span>\n    <\/a>[vc_empty_space height=&#8221;30px&#8221;]\t\t<\/div>\n\t<\/div>\n\t<\/div><\/div>[\/vc_column][\/vc_row][vc_row css=&#8221;.vc_custom_1510864632340{margin-top: 150px !important;margin-bottom: 50px !important;}&#8221;][vc_column]<div class=\"eltdf-elements-holder eltdf-three-columns eltdf-responsive-mode-768 eltdf-one-column-alignment-center\" ><div class=\"eltdf-eh-item eltdf-vertical-alignment-top eltdf-horizontal-alignment-center\" data-item-class=\"eltdf-eh-custom-323343\" >\n\t<div class=\"eltdf-eh-item-inner\" >\n\t\t<div class=\"eltdf-eh-item-content eltdf-eh-custom-323343\" style=\"padding: 10px 10px 10px 10px\">\n\t\t\t<div class=\"eltdf-section-title-holder\" style=\"text-align: center\">\n\t\t\t<h4 class=\"eltdf-st-title\" style=\"color: #ffffff\">\n\t\t\t<span>AGUIJON DE ABEJA<\/span>\n\t\t<\/h4>\n                    <div class=\"eltdf-st-separator clearfix\">\n                <div class=\"eltdf-separator\" style=\"border-color: #d16d25\"><\/div>\n            <\/div>\n        \t\t\t<\/div>[vc_empty_space height=&#8221;30px&#8221;]<div class=\"eltdf-banner-holder\">\n    <div class=\"eltdf-banner-image\">\n\t    <img decoding=\"async\" width=\"1024\" height=\"900\" src=\"https:\/\/durigutti.com\/wp-content\/uploads\/2024\/10\/bg_portada_aguijon-de-abeja.jpg\" class=\"attachment-full size-full\" alt=\"aguij\u00f3n de abeja\" srcset=\"https:\/\/durigutti.com\/wp-content\/uploads\/2024\/10\/bg_portada_aguijon-de-abeja.jpg 1024w, https:\/\/durigutti.com\/wp-content\/uploads\/2024\/10\/bg_portada_aguijon-de-abeja-300x264.jpg 300w, https:\/\/durigutti.com\/wp-content\/uploads\/2024\/10\/bg_portada_aguijon-de-abeja-768x675.jpg 768w\" sizes=\"(max-width: 1024px) 100vw, 1024px\" \/>    <\/div>\n    <div class=\"eltdf-banner-text-holder\">\n\t    <div class=\"eltdf-banner-text-inner\">\n\t        \t        \t\t\t\t\t<\/div>\n\t<\/div>\n\t\t\t<a itemprop=\"url\" class=\"eltdf-banner-link\" href=\"\/pt-br\/vinhos-e-bebidas\/aguijon-de-abeja\/\" target=\"_self\"><\/a>\n\t<\/div>[vc_empty_space height=&#8221;30px&#8221;][vc_custom_heading text=&#8221;O vinho<br \/>\nfederal&#8221; font_container=&#8221;tag:h6|font_size:24|text_align:center|color:%23d16d25&#8243; use_theme_fonts=&#8221;yes&#8221; css=&#8221;&#8221;][vc_column_text css=&#8221;&#8221;]<\/p>\n<p style=\"text-align: center;\">Variedades que mais nos conv\u00eam<br \/>\nrepresentam em cada<br \/>\nProv\u00edncia argentina.<\/p>\n<p>[\/vc_column_text][vc_empty_space height=&#8221;30px&#8221;]<a itemprop=\"url\" href=\"\/pt-br\/vinhos-e-bebidas\/aguijon-de-abeja\/\" target=\"_self\" style=\"color: #ffffff;border-color: #ffffff;font-size: 14px;font-weight: 300\" class=\"eltdf-btn eltdf-btn-medium eltdf-btn-outline eltdf-btn-custom-hover-bg eltdf-btn-custom-border-hover eltdf-btn-custom-hover-color\" data-hover-color=\"#ffffff\" data-hover-bg-color=\"#d16d25\" data-hover-border-color=\"#d16d25\" >\n    <span class=\"eltdf-btn-text\">VER LINHA<\/span>\n    <\/a>[vc_empty_space height=&#8221;30px&#8221;]\t\t<\/div>\n\t<\/div>\n\t<\/div><div class=\"eltdf-eh-item eltdf-vertical-alignment-top eltdf-horizontal-alignment-center\" data-item-class=\"eltdf-eh-custom-746080\" >\n\t<div class=\"eltdf-eh-item-inner\" >\n\t\t<div class=\"eltdf-eh-item-content eltdf-eh-custom-746080\" style=\"padding: 10px 10px 10px 10px\">\n\t\t\t<div class=\"eltdf-section-title-holder\" style=\"text-align: center\">\n\t\t\t<h4 class=\"eltdf-st-title\" style=\"color: #ffffff\">\n\t\t\t<span>CARA SUCIA<\/span>\n\t\t<\/h4>\n                    <div class=\"eltdf-st-separator clearfix\">\n                <div class=\"eltdf-separator\" style=\"border-color: #d16d25\"><\/div>\n            <\/div>\n        \t\t\t<\/div>[vc_empty_space height=&#8221;30px&#8221;]<div class=\"eltdf-banner-holder\">\n    <div class=\"eltdf-banner-image\">\n\t    <img decoding=\"async\" width=\"1024\" height=\"900\" src=\"https:\/\/durigutti.com\/wp-content\/uploads\/2024\/10\/bg_portada_cara-sucia.jpg\" class=\"attachment-full size-full\" alt=\"\" srcset=\"https:\/\/durigutti.com\/wp-content\/uploads\/2024\/10\/bg_portada_cara-sucia.jpg 1024w, https:\/\/durigutti.com\/wp-content\/uploads\/2024\/10\/bg_portada_cara-sucia-300x264.jpg 300w, https:\/\/durigutti.com\/wp-content\/uploads\/2024\/10\/bg_portada_cara-sucia-768x675.jpg 768w\" sizes=\"(max-width: 1024px) 100vw, 1024px\" \/>    <\/div>\n    <div class=\"eltdf-banner-text-holder\">\n\t    <div class=\"eltdf-banner-text-inner\">\n\t        \t        \t\t\t\t\t<\/div>\n\t<\/div>\n\t\t\t<a itemprop=\"url\" class=\"eltdf-banner-link\" href=\"\/pt-br\/vinhos-e-bebidas\/cara-sucia\/\" target=\"_self\"><\/a>\n\t<\/div>[vc_empty_space height=&#8221;30px&#8221;][vc_custom_heading text=&#8221;A terra que<br \/>\nos viu nascer&#8221; font_container=&#8221;tag:h6|font_size:24|text_align:center|color:%23d16d25&#8243; use_theme_fonts=&#8221;yes&#8221; css=&#8221;&#8221;][vc_column_text css=&#8221;&#8221;]<\/p>\n<p style=\"text-align: center;\">Vinhos que reivindicam<br \/>\nas variedades do<br \/>\neste mendocino.<\/p>\n<p>[\/vc_column_text][vc_empty_space height=&#8221;30px&#8221;]<a itemprop=\"url\" href=\"\/pt-br\/vinhos-e-bebidas\/cara-sucia\/\" target=\"_self\" style=\"color: #ffffff;border-color: #ffffff;font-size: 14px;font-weight: 300\" class=\"eltdf-btn eltdf-btn-medium eltdf-btn-outline eltdf-btn-custom-hover-bg eltdf-btn-custom-border-hover eltdf-btn-custom-hover-color\" data-hover-color=\"#ffffff\" data-hover-bg-color=\"#d16d25\" data-hover-border-color=\"#d16d25\" >\n    <span class=\"eltdf-btn-text\">VER LINHA<\/span>\n    <\/a>[vc_empty_space height=&#8221;30px&#8221;]\t\t<\/div>\n\t<\/div>\n\t<\/div><div class=\"eltdf-eh-item eltdf-vertical-alignment-top eltdf-horizontal-alignment-center\" data-item-class=\"eltdf-eh-custom-436617\" >\n\t<div class=\"eltdf-eh-item-inner\" >\n\t\t<div class=\"eltdf-eh-item-content eltdf-eh-custom-436617\" style=\"padding: 10px 10px 10px 10px\">\n\t\t\t<div class=\"eltdf-section-title-holder\" style=\"text-align: center\">\n\t\t\t<h4 class=\"eltdf-st-title\" style=\"color: #ffffff\">\n\t\t\t<span>EDI\u00c7\u00d5ES ESPECIAIS<\/span>\n\t\t<\/h4>\n                    <div class=\"eltdf-st-separator clearfix\">\n                <div class=\"eltdf-separator\" style=\"border-color: #d16d25\"><\/div>\n            <\/div>\n        \t\t\t<\/div>[vc_empty_space height=&#8221;30px&#8221;]<div class=\"eltdf-banner-holder\">\n    <div class=\"eltdf-banner-image\">\n\t    <img decoding=\"async\" width=\"1024\" height=\"900\" src=\"https:\/\/durigutti.com\/wp-content\/uploads\/2024\/10\/bg_portada_ediciones-especiales.jpg\" class=\"attachment-full size-full\" alt=\"ediciones especiales\" srcset=\"https:\/\/durigutti.com\/wp-content\/uploads\/2024\/10\/bg_portada_ediciones-especiales.jpg 1024w, https:\/\/durigutti.com\/wp-content\/uploads\/2024\/10\/bg_portada_ediciones-especiales-300x264.jpg 300w, https:\/\/durigutti.com\/wp-content\/uploads\/2024\/10\/bg_portada_ediciones-especiales-768x675.jpg 768w\" sizes=\"(max-width: 1024px) 100vw, 1024px\" \/>    <\/div>\n    <div class=\"eltdf-banner-text-holder\">\n\t    <div class=\"eltdf-banner-text-inner\">\n\t        \t        \t\t\t\t\t<\/div>\n\t<\/div>\n\t\t\t<a itemprop=\"url\" class=\"eltdf-banner-link\" href=\"\/pt-br\/vinhos-e-bebidas\/edicoes-especiais\/\" target=\"_self\"><\/a>\n\t<\/div>[vc_empty_space height=&#8221;30px&#8221;][vc_custom_heading text=&#8221;Grandes<br \/>\n\u00edcones&#8221; font_container=&#8221;tag:h6|font_size:24|text_align:center|color:%23d16d25&#8243; use_theme_fonts=&#8221;yes&#8221; css=&#8221;&#8221;][vc_column_text css=&#8221;&#8221;]<\/p>\n<p style=\"text-align: center;\">Vinhos exclusivos<br \/>\nde alta qualidade<br \/>\npara coletar.<\/p>\n<p>[\/vc_column_text][vc_empty_space height=&#8221;30px&#8221;]<a itemprop=\"url\" href=\"\/pt-br\/vinhos-e-bebidas\/edicoes-especiais\/\" target=\"_self\" style=\"color: #ffffff;border-color: #ffffff;font-size: 14px;font-weight: 300\" class=\"eltdf-btn eltdf-btn-medium eltdf-btn-outline eltdf-btn-custom-hover-bg eltdf-btn-custom-border-hover eltdf-btn-custom-hover-color\" data-hover-color=\"#ffffff\" data-hover-bg-color=\"#d16d25\" data-hover-border-color=\"#d16d25\" >\n    <span class=\"eltdf-btn-text\">VER LINHA<\/span>\n    <\/a>[vc_empty_space height=&#8221;30px&#8221;]\t\t<\/div>\n\t<\/div>\n\t<\/div><\/div>[\/vc_column][\/vc_row][vc_row css=&#8221;.vc_custom_1510864632340{margin-top: 150px !important;margin-bottom: 50px !important;}&#8221;][vc_column]<div class=\"eltdf-elements-holder eltdf-three-columns eltdf-responsive-mode-768 eltdf-one-column-alignment-center\" ><div class=\"eltdf-eh-item eltdf-vertical-alignment-top eltdf-horizontal-alignment-center\" data-item-class=\"eltdf-eh-custom-170961\" >\n\t<div class=\"eltdf-eh-item-inner\" >\n\t\t<div class=\"eltdf-eh-item-content eltdf-eh-custom-170961\" style=\"padding: 10px 10px 10px 10px\">\n\t\t\t<div class=\"eltdf-section-title-holder\" style=\"text-align: center\">\n\t\t\t<h4 class=\"eltdf-st-title\" style=\"color: #ffffff\">\n\t\t\t<span>IMPORTADO<\/span>\n\t\t<\/h4>\n                    <div class=\"eltdf-st-separator clearfix\">\n                <div class=\"eltdf-separator\" style=\"border-color: #d16d25\"><\/div>\n            <\/div>\n        \t\t\t<\/div>[vc_empty_space height=&#8221;30px&#8221;]<div class=\"eltdf-banner-holder\">\n    <div class=\"eltdf-banner-image\">\n\t    <img decoding=\"async\" width=\"1024\" height=\"900\" src=\"https:\/\/durigutti.com\/wp-content\/uploads\/2024\/10\/bg_portada_raices-del-mino.jpg\" class=\"attachment-full size-full\" alt=\"ra\u00edces del mi\u00f1o\" srcset=\"https:\/\/durigutti.com\/wp-content\/uploads\/2024\/10\/bg_portada_raices-del-mino.jpg 1024w, https:\/\/durigutti.com\/wp-content\/uploads\/2024\/10\/bg_portada_raices-del-mino-300x264.jpg 300w, https:\/\/durigutti.com\/wp-content\/uploads\/2024\/10\/bg_portada_raices-del-mino-768x675.jpg 768w\" sizes=\"(max-width: 1024px) 100vw, 1024px\" \/>    <\/div>\n    <div class=\"eltdf-banner-text-holder\">\n\t    <div class=\"eltdf-banner-text-inner\">\n\t        \t        \t\t\t\t\t<\/div>\n\t<\/div>\n\t\t\t<a itemprop=\"url\" class=\"eltdf-banner-link\" href=\"\/pt-br\/vinhos-e-bebidas\/castrelo-das-pedras\/\" target=\"_self\"><\/a>\n\t<\/div>[vc_empty_space height=&#8221;30px&#8221;][vc_custom_heading text=&#8221;O vinho<br \/>\nfederal&#8221; font_container=&#8221;tag:h6|font_size:24|text_align:center|color:%23d16d25&#8243; use_theme_fonts=&#8221;yes&#8221; css=&#8221;&#8221;][vc_column_text css=&#8221;&#8221;]<\/p>\n<p style=\"text-align: center;\">Vinhos de aldeia<br \/>\nna antiga tradi\u00e7\u00e3o<br \/>\nvitivin\u00edcola da Galicia<\/p>\n<p>[\/vc_column_text][vc_empty_space height=&#8221;30px&#8221;]<a itemprop=\"url\" href=\"\/pt-br\/vinhos-e-bebidas\/castrelo-das-pedras\/\" target=\"_self\" style=\"color: #ffffff;border-color: #ffffff;font-size: 14px;font-weight: 300\" class=\"eltdf-btn eltdf-btn-medium eltdf-btn-outline eltdf-btn-custom-hover-bg eltdf-btn-custom-border-hover eltdf-btn-custom-hover-color\" data-hover-color=\"#ffffff\" data-hover-bg-color=\"#d16d25\" data-hover-border-color=\"#d16d25\" >\n    <span class=\"eltdf-btn-text\">VER LINHA<\/span>\n    <\/a>[vc_empty_space height=&#8221;30px&#8221;]\t\t<\/div>\n\t<\/div>\n\t<\/div><div class=\"eltdf-eh-item eltdf-vertical-alignment-top eltdf-horizontal-alignment-center\" data-item-class=\"eltdf-eh-custom-319874\" >\n\t<div class=\"eltdf-eh-item-inner\" >\n\t\t<div class=\"eltdf-eh-item-content eltdf-eh-custom-319874\" style=\"padding: 10px 10px 10px 10px\">\n\t\t\t<div class=\"eltdf-section-title-holder\" style=\"text-align: center\">\n\t\t\t<h4 class=\"eltdf-st-title\" style=\"color: #ffffff\">\n\t\t\t<span>CURANDERO<\/span>\n\t\t<\/h4>\n                    <div class=\"eltdf-st-separator clearfix\">\n                <div class=\"eltdf-separator\" style=\"border-color: #d16d25\"><\/div>\n            <\/div>\n        \t\t\t<\/div>[vc_empty_space height=&#8221;30px&#8221;]<div class=\"eltdf-banner-holder\">\n    <div class=\"eltdf-banner-image\">\n\t    <img decoding=\"async\" width=\"1024\" height=\"900\" src=\"https:\/\/durigutti.com\/wp-content\/uploads\/2024\/10\/bg_portada_curandero_grappa.jpg\" class=\"attachment-full size-full\" alt=\"curandero grappa\" srcset=\"https:\/\/durigutti.com\/wp-content\/uploads\/2024\/10\/bg_portada_curandero_grappa.jpg 1024w, https:\/\/durigutti.com\/wp-content\/uploads\/2024\/10\/bg_portada_curandero_grappa-300x264.jpg 300w, https:\/\/durigutti.com\/wp-content\/uploads\/2024\/10\/bg_portada_curandero_grappa-768x675.jpg 768w\" sizes=\"(max-width: 1024px) 100vw, 1024px\" \/>    <\/div>\n    <div class=\"eltdf-banner-text-holder\">\n\t    <div class=\"eltdf-banner-text-inner\">\n\t        \t        \t\t\t\t\t<\/div>\n\t<\/div>\n\t\t\t<a itemprop=\"url\" class=\"eltdf-banner-link\" href=\"\/pt-br\/vinhos-e-bebidas\/curandero-grappa\/\" target=\"_self\"><\/a>\n\t<\/div>[vc_empty_space height=&#8221;30px&#8221;][vc_custom_heading text=&#8221;Grappa de los Andes&#8221; font_container=&#8221;tag:h6|font_size:24|text_align:center|color:%23d16d25&#8243; use_theme_fonts=&#8221;yes&#8221; css=&#8221;&#8221;][vc_column_text css=&#8221;&#8221;]<\/p>\n<p style=\"text-align: center;\">Uma bebida artesanal<br \/>\nque purifica a alma<br \/>\nvem das montanhas<\/p>\n<p>[\/vc_column_text][vc_empty_space height=&#8221;30px&#8221;]<a itemprop=\"url\" href=\"\/pt-br\/vinhos-e-bebidas\/curandero-grappa\/\" target=\"_self\" style=\"color: #ffffff;border-color: #ffffff;font-size: 14px;font-weight: 300\" class=\"eltdf-btn eltdf-btn-medium eltdf-btn-outline eltdf-btn-custom-hover-bg eltdf-btn-custom-border-hover eltdf-btn-custom-hover-color\" data-hover-color=\"#ffffff\" data-hover-bg-color=\"#d16d25\" data-hover-border-color=\"#d16d25\" >\n    <span class=\"eltdf-btn-text\">VER LINHA<\/span>\n    <\/a>[vc_empty_space height=&#8221;30px&#8221;]\t\t<\/div>\n\t<\/div>\n\t<\/div><div class=\"eltdf-eh-item eltdf-vertical-alignment-top eltdf-horizontal-alignment-center\" data-item-class=\"eltdf-eh-custom-704629\" >\n\t<div class=\"eltdf-eh-item-inner\" >\n\t\t<div class=\"eltdf-eh-item-content eltdf-eh-custom-704629\" style=\"padding: 10px 10px 10px 10px\">\n\t\t\t<div class=\"eltdf-section-title-holder\" style=\"text-align: center\">\n\t\t\t<h4 class=\"eltdf-st-title\" style=\"color: #ffffff\">\n\t\t\t<span>GUARDIANES DEL CERRO<\/span>\n\t\t<\/h4>\n                    <div class=\"eltdf-st-separator clearfix\">\n                <div class=\"eltdf-separator\" style=\"border-color: #d16d25\"><\/div>\n            <\/div>\n        \t\t\t<\/div>[vc_empty_space height=&#8221;30px&#8221;]<div class=\"eltdf-banner-holder\">\n    <div class=\"eltdf-banner-image\">\n\t    <img decoding=\"async\" width=\"1024\" height=\"900\" src=\"https:\/\/durigutti.com\/wp-content\/uploads\/2024\/10\/bg_portada_guardianes-del-cerro-vermut.jpg\" class=\"attachment-full size-full\" alt=\"guardianes del cerro vermut\" srcset=\"https:\/\/durigutti.com\/wp-content\/uploads\/2024\/10\/bg_portada_guardianes-del-cerro-vermut.jpg 1024w, https:\/\/durigutti.com\/wp-content\/uploads\/2024\/10\/bg_portada_guardianes-del-cerro-vermut-300x264.jpg 300w, https:\/\/durigutti.com\/wp-content\/uploads\/2024\/10\/bg_portada_guardianes-del-cerro-vermut-768x675.jpg 768w\" sizes=\"(max-width: 1024px) 100vw, 1024px\" \/>    <\/div>\n    <div class=\"eltdf-banner-text-holder\">\n\t    <div class=\"eltdf-banner-text-inner\">\n\t        \t        \t\t\t\t\t<\/div>\n\t<\/div>\n\t\t\t<a itemprop=\"url\" class=\"eltdf-banner-link\" href=\"\/pt-br\/vinhos-e-bebidas\/guardianes-del-cerro\/\" target=\"_self\"><\/a>\n\t<\/div>[vc_empty_space height=&#8221;30px&#8221;][vc_custom_heading text=&#8221;Vermut<br \/>\nde Monte&#8221; font_container=&#8221;tag:h6|font_size:24|text_align:center|color:%23d16d25&#8243; use_theme_fonts=&#8221;yes&#8221; css=&#8221;&#8221;][vc_column_text css=&#8221;&#8221;]<\/p>\n<p style=\"text-align: center;\">Magia<br \/>\nBot\u00e2nica<\/p>\n<p>[\/vc_column_text][vc_empty_space height=&#8221;30px&#8221;]<a itemprop=\"url\" href=\"\/pt-br\/vinhos-e-bebidas\/guardianes-del-cerro\/\" target=\"_self\" style=\"color: #ffffff;border-color: #ffffff;font-size: 14px;font-weight: 300\" class=\"eltdf-btn eltdf-btn-medium eltdf-btn-outline eltdf-btn-custom-hover-bg eltdf-btn-custom-border-hover eltdf-btn-custom-hover-color\" data-hover-color=\"#ffffff\" data-hover-bg-color=\"#d16d25\" data-hover-border-color=\"#d16d25\" >\n    <span class=\"eltdf-btn-text\">VER LINHA<\/span>\n    <\/a>[vc_empty_space height=&#8221;30px&#8221;]\t\t<\/div>\n\t<\/div>\n\t<\/div><\/div>[\/vc_column][\/vc_row]<\/p>\n<\/div>","protected":false},"excerpt":{"rendered":"<p> [&hellip;]<\/p>\n","protected":false},"author":6,"featured_media":0,"parent":0,"menu_order":0,"comment_status":"closed","ping_status":"closed","template":"full-width.php","meta":{"_seopress_robots_primary_cat":"","_seopress_titles_title":"","_seopress_titles_desc":"","_seopress_robots_index":"","_monsterinsights_skip_tracking":false,"_monsterinsights_sitenote_active":false,"_monsterinsights_sitenote_note":"","_monsterinsights_sitenote_category":0,"footnotes":""},"class_list":["post-19479","page","type-page","status-publish","hentry"],"_links":{"self":[{"href":"https:\/\/durigutti.com\/pt-br\/wp-json\/wp\/v2\/pages\/19479","targetHints":{"allow":["GET"]}}],"collection":[{"href":"https:\/\/durigutti.com\/pt-br\/wp-json\/wp\/v2\/pages"}],"about":[{"href":"https:\/\/durigutti.com\/pt-br\/wp-json\/wp\/v2\/types\/page"}],"author":[{"embeddable":true,"href":"https:\/\/durigutti.com\/pt-br\/wp-json\/wp\/v2\/users\/6"}],"replies":[{"embeddable":true,"href":"https:\/\/durigutti.com\/pt-br\/wp-json\/wp\/v2\/comments?post=19479"}],"version-history":[{"count":6,"href":"https:\/\/durigutti.com\/pt-br\/wp-json\/wp\/v2\/pages\/19479\/revisions"}],"predecessor-version":[{"id":25427,"href":"https:\/\/durigutti.com\/pt-br\/wp-json\/wp\/v2\/pages\/19479\/revisions\/25427"}],"wp:attachment":[{"href":"https:\/\/durigutti.com\/pt-br\/wp-json\/wp\/v2\/media?parent=19479"}],"curies":[{"name":"wp","href":"https:\/\/api.w.org\/{rel}","templated":true}]}}