{"id":18169,"date":"2017-10-30T21:29:33","date_gmt":"2017-10-30T21:29:33","guid":{"rendered":"https:\/\/durigutti.com\/durigutti-consulting\/"},"modified":"2022-02-09T23:15:52","modified_gmt":"2022-02-09T23:15:52","slug":"durigutti-consulting","status":"publish","type":"page","link":"https:\/\/durigutti.com\/pt-br\/durigutti-consulting\/","title":{"rendered":"Durigutti Consulting"},"content":{"rendered":"<div class=\"wpb-content-wrapper\"><p>[vc_row row_type=&#8221;parallax&#8221; parallax_section_height=&#8221;450&#8243; parallax_background_image=&#8221;11791&#8243; css=&#8221;.vc_custom_1513310127849{padding-top: 50px !important;padding-bottom: 50px !important;}&#8221;][vc_column][vc_empty_space height=&#8221;280px&#8221;][vc_custom_heading text=&#8221;\u201cCompreendemos a ess\u00eancia do vinho<br \/>\nem cada lugar\u201d&#8221; font_container=&#8221;tag:h6|text_align:right|color:%23ffffff&#8221; use_theme_fonts=&#8221;yes&#8221; css_animation=&#8221;fadeInDown&#8221; css=&#8221;.vc_custom_1644448419824{padding-right: 30px !important;}&#8221;][\/vc_column][\/vc_row][vc_row css=&#8221;.vc_custom_1510780792710{padding-top: 50px !important;}&#8221;][vc_column width=&#8221;1\/2&#8243; css=&#8221;.vc_custom_1520968978781{padding-top: 200px !important;padding-bottom: 200px !important;background-image: url(http:\/\/durigutti.com\/wp-content\/uploads\/2017\/10\/bg_consultoria.jpg?id=10877) !important;background-position: center !important;background-repeat: no-repeat !important;background-size: cover !important;}&#8221; offset=&#8221;vc_hidden-lg vc_hidden-md&#8221;][\/vc_column][\/vc_row][vc_row css=&#8221;.vc_custom_1510780792710{padding-top: 50px !important;}&#8221;][vc_column width=&#8221;1\/2&#8243; css=&#8221;.vc_custom_1520968722136{padding-top: 450px !important;padding-bottom: 450px !important;background-image: url(http:\/\/durigutti.com\/wp-content\/uploads\/2017\/10\/bg_consultoria.jpg?id=10877) !important;background-position: center !important;background-repeat: no-repeat !important;background-size: cover !important;}&#8221; offset=&#8221;vc_hidden-sm vc_hidden-xs&#8221;][\/vc_column][vc_column width=&#8221;1\/2&#8243;][vc_empty_space height=&#8221;140px&#8221;]<div class=\"eltdf-section-title-holder\" style=\"text-align: center\">\n\t\t\t<h3 class=\"eltdf-st-title\" style=\"color: #ffffff\">\n\t\t\t<span>CONSULTORIA<\/span>\n\t\t<\/h3>\n                    <div class=\"eltdf-st-separator clearfix\">\n                <div class=\"eltdf-separator\" style=\"border-color: #d16d25\"><\/div>\n            <\/div>\n        \t\t\t<\/div>[vc_empty_space height=&#8221;30px&#8221;][vc_column_text css=&#8221;.vc_custom_1644448441854{padding-right: 30px !important;padding-left: 30px !important;}&#8221;]<\/p>\n<p style=\"text-align: center;\">Durigutti Family Winemakers oferece servi\u00e7os integrais em consultoria enol\u00f3gica para diferentes projetos vitivin\u00edcolas, tanto da Argentina como de outras regi\u00f5es do mundo. O amplo know how de H\u00e9ctor e Pablo Durigutti os t\u00eam levado a acompanhar e assessorar m\u00faltiplos empreendimentos para elaborar vinhos da mais alta qualidade. Hoje, sua expertise se amalgama com um staff multidisciplinar, contando com profissionais altamente capacitados em diversas \u00e1reas de especializa\u00e7\u00e3o que se adaptam \u00e0s necessidades pontuais de cada projeto.<\/p>\n<p>[\/vc_column_text][vc_empty_space height=&#8221;100px&#8221;]<div class=\"eltdf-section-title-holder\" style=\"text-align: center\">\n\t\t\t<h3 class=\"eltdf-st-title\" style=\"color: #ffffff\">\n\t\t\t<span>SERVI\u00c7OS<\/span>\n\t\t<\/h3>\n                    <div class=\"eltdf-st-separator clearfix\">\n                <div class=\"eltdf-separator\" style=\"border-color: #d16d25\"><\/div>\n            <\/div>\n        \t\t\t<\/div>[vc_empty_space height=&#8221;30px&#8221;][vc_row_inner][vc_column_inner width=&#8221;1\/3&#8243;]<div class=\"eltdf-iwt clearfix eltdf-iwt-icon-top eltdf-iwt-icon-large\">\n    <div class=\"eltdf-iwt-icon\">\n                                    <img decoding=\"async\" width=\"125\" height=\"110\" src=\"https:\/\/durigutti.com\/wp-content\/uploads\/2017\/10\/ico-vid.png\" class=\"attachment-full size-full\" alt=\"\" \/>                        <\/div>\n    <div class=\"eltdf-iwt-content\" >\n\t    \t        <h5 class=\"eltdf-iwt-title\" style=\"color: #d16d25\">\n\t\t\t    \t               MANEJO DO VINHEDO\t\t\t                <\/h5>\n\t    \t\t    <\/div>\n<\/div>[\/vc_column_inner][vc_column_inner width=&#8221;1\/3&#8243;]<div class=\"eltdf-iwt clearfix eltdf-iwt-icon-top eltdf-iwt-icon-large\">\n    <div class=\"eltdf-iwt-icon\">\n                                    <img decoding=\"async\" width=\"125\" height=\"110\" src=\"https:\/\/durigutti.com\/wp-content\/uploads\/2017\/10\/ico-guarda.png\" class=\"attachment-full size-full\" alt=\"\" \/>                        <\/div>\n    <div class=\"eltdf-iwt-content\" >\n\t    \t        <h5 class=\"eltdf-iwt-title\" style=\"color: #d16d25\">\n\t\t\t    \t               ELABORA\u00c7\u00c3O DE VINHOS\t\t\t                <\/h5>\n\t    \t\t    <\/div>\n<\/div>[\/vc_column_inner][vc_column_inner width=&#8221;1\/3&#8243;]<div class=\"eltdf-iwt clearfix eltdf-iwt-icon-top eltdf-iwt-icon-large\">\n    <div class=\"eltdf-iwt-icon\">\n                                    <img decoding=\"async\" width=\"125\" height=\"110\" src=\"https:\/\/durigutti.com\/wp-content\/uploads\/2017\/10\/ico-copa.png\" class=\"attachment-full size-full\" alt=\"\" \/>                        <\/div>\n    <div class=\"eltdf-iwt-content\" >\n\t    \t        <h5 class=\"eltdf-iwt-title\" style=\"color: #d16d25\">\n\t\t\t    \t               AN\u00c1LISE SENSORIAL\t\t\t                <\/h5>\n\t    \t\t    <\/div>\n<\/div>[\/vc_column_inner][\/vc_row_inner][vc_row_inner content_text_aligment=&#8221;center&#8221;][vc_column_inner width=&#8221;1\/3&#8243;][\/vc_column_inner][vc_column_inner width=&#8221;1\/3&#8243;][vc_empty_space height=&#8221;30px&#8221;]<a itemprop=\"url\" href=\"mailto:info@durigutti.com\" target=\"_blank\" style=\"color: #d16d25;border-color: #d16d25;font-size: 16px;font-weight: 300\" class=\"eltdf-btn eltdf-btn-medium eltdf-btn-outline eltdf-btn-custom-hover-bg eltdf-btn-custom-border-hover eltdf-btn-custom-hover-color\" data-hover-color=\"#ffffff\" data-hover-bg-color=\"#222222\" data-hover-border-color=\"#d16d25\" >\n    <span class=\"eltdf-btn-text\">CONSULTAR<\/span>\n    <\/a>[\/vc_column_inner][vc_column_inner width=&#8221;1\/3&#8243;][\/vc_column_inner][\/vc_row_inner][\/vc_column][\/vc_row][vc_row][vc_column][vc_empty_space][\/vc_column][\/vc_row]<\/p>\n<\/div>","protected":false},"excerpt":{"rendered":"<p> [&hellip;]<\/p>\n","protected":false},"author":6,"featured_media":0,"parent":0,"menu_order":0,"comment_status":"closed","ping_status":"closed","template":"full-width.php","meta":{"_seopress_robots_primary_cat":"","_seopress_titles_title":"","_seopress_titles_desc":"","_seopress_robots_index":"","_monsterinsights_skip_tracking":false,"_monsterinsights_sitenote_active":false,"_monsterinsights_sitenote_note":"","_monsterinsights_sitenote_category":0,"footnotes":""},"class_list":["post-18169","page","type-page","status-publish","hentry"],"_links":{"self":[{"href":"https:\/\/durigutti.com\/pt-br\/wp-json\/wp\/v2\/pages\/18169","targetHints":{"allow":["GET"]}}],"collection":[{"href":"https:\/\/durigutti.com\/pt-br\/wp-json\/wp\/v2\/pages"}],"about":[{"href":"https:\/\/durigutti.com\/pt-br\/wp-json\/wp\/v2\/types\/page"}],"author":[{"embeddable":true,"href":"https:\/\/durigutti.com\/pt-br\/wp-json\/wp\/v2\/users\/6"}],"replies":[{"embeddable":true,"href":"https:\/\/durigutti.com\/pt-br\/wp-json\/wp\/v2\/comments?post=18169"}],"version-history":[{"count":2,"href":"https:\/\/durigutti.com\/pt-br\/wp-json\/wp\/v2\/pages\/18169\/revisions"}],"predecessor-version":[{"id":18172,"href":"https:\/\/durigutti.com\/pt-br\/wp-json\/wp\/v2\/pages\/18169\/revisions\/18172"}],"wp:attachment":[{"href":"https:\/\/durigutti.com\/pt-br\/wp-json\/wp\/v2\/media?parent=18169"}],"curies":[{"name":"wp","href":"https:\/\/api.w.org\/{rel}","templated":true}]}}