{"id":18100,"date":"2017-10-30T03:17:53","date_gmt":"2017-10-30T03:17:53","guid":{"rendered":"https:\/\/durigutti.com\/filosofia\/"},"modified":"2022-02-09T22:35:11","modified_gmt":"2022-02-09T22:35:11","slug":"filosofia","status":"publish","type":"page","link":"https:\/\/durigutti.com\/pt-br\/filosofia\/","title":{"rendered":"Filosofia"},"content":{"rendered":"<div class=\"wpb-content-wrapper\"><p>[vc_row content_text_aligment=&#8221;right&#8221; css=&#8221;.vc_custom_1513739240864{background-position: center !important;background-repeat: no-repeat !important;background-size: cover !important;}&#8221;][vc_column offset=&#8221;vc_hidden-xs&#8221; css=&#8221;.vc_custom_1520397644129{padding-top: 50px !important;padding-bottom: 50px !important;background-image: url(http:\/\/durigutti.com\/wp-content\/uploads\/2017\/03\/bg_filosofia.jpg?id=11752) !important;background-position: center !important;background-repeat: no-repeat !important;background-size: cover !important;}&#8221;][vc_empty_space height=&#8221;280px&#8221;][vc_custom_heading text=&#8221;\u201cInspira-nos e impulsiona o amor<br \/>\npor nossa terra\u201d&#8221; font_container=&#8221;tag:h6|text_align:right|color:%23ffffff&#8221; use_theme_fonts=&#8221;yes&#8221; css_animation=&#8221;fadeInDown&#8221; css=&#8221;.vc_custom_1644445846908{padding-right: 30px !important;}&#8221;][\/vc_column][\/vc_row][vc_row content_text_aligment=&#8221;right&#8221; css=&#8221;.vc_custom_1513739106707{background-position: center !important;background-repeat: no-repeat !important;background-size: cover !important;}&#8221;][vc_column css=&#8221;.vc_custom_1520397665371{padding-top: 20px !important;padding-bottom: 20px !important;background-image: url(http:\/\/durigutti.com\/wp-content\/uploads\/2017\/03\/bg_filosofia.jpg?id=11752) !important;background-position: center !important;background-repeat: no-repeat !important;background-size: cover !important;}&#8221; offset=&#8221;vc_hidden-lg vc_hidden-md vc_hidden-sm&#8221;][vc_empty_space height=&#8221;280px&#8221;][vc_custom_heading text=&#8221;\u201cInspira-nos e<br \/>\nimpulsiona o amor<br \/>\npor nossa terra\u201d&#8221; font_container=&#8221;tag:h6|text_align:right|color:%23ffffff&#8221; use_theme_fonts=&#8221;yes&#8221; css_animation=&#8221;fadeInDown&#8221; css=&#8221;.vc_custom_1644445858923{padding-right: 30px !important;}&#8221;][\/vc_column][\/vc_row][vc_row content_text_aligment=&#8221;center&#8221; css=&#8221;.vc_custom_1510125004060{background-position: center !important;background-repeat: no-repeat !important;background-size: cover !important;}&#8221;][vc_column][vc_row_inner row_content_width=&#8221;grid&#8221; content_text_aligment=&#8221;center&#8221; css=&#8221;.vc_custom_1490198824561{padding-top: 114px !important;padding-bottom: 150px !important;}&#8221;][vc_column_inner width=&#8221;1\/4&#8243;][\/vc_column_inner][vc_column_inner width=&#8221;1\/2&#8243;]<div class=\"eltdf-section-title-holder\" style=\"text-align: center\">\n\t\t\t<h3 class=\"eltdf-st-title\" style=\"color: #ffffff\">\n\t\t\t<span>NOSSA INSPIRA\u00c7\u00c3O<\/span>\n\t\t<\/h3>\n                    <div class=\"eltdf-st-separator clearfix\">\n                <div class=\"eltdf-separator\" style=\"border-color: #d16d25\"><\/div>\n            <\/div>\n        \t\t\t<\/div>[vc_empty_space][vc_column_text]<\/p>\n<p style=\"text-align: center;\">Ao conhecimento enol\u00f3gico e \u00e0 tecnologia aplicada soma-se a busca permanente da express\u00e3o da origem. Isso \u00e9 o que nos motiva a explorar a terra, interpretar o car\u00e1ter local e elaborar vinhos de grande qualidade.<\/p>\n<p style=\"text-align: center;\">Desejamos construir um legado com o esp\u00edrito de vin\u00edcola familiar, respeitando o lugar como parte de nossa hist\u00f3ria pessoal e do entorno natural da videira.<\/p>\n<p>[\/vc_column_text][\/vc_column_inner][vc_column_inner width=&#8221;1\/4&#8243;][\/vc_column_inner][\/vc_row_inner][\/vc_column][\/vc_row][vc_row row_type=&#8221;parallax&#8221; content_text_aligment=&#8221;center&#8221; parallax_background_image=&#8221;10859&#8243; css=&#8221;.vc_custom_1510242968736{background-position: center !important;background-repeat: no-repeat !important;background-size: cover !important;}&#8221;][vc_column][vc_row_inner row_content_width=&#8221;grid&#8221; content_text_aligment=&#8221;center&#8221; css=&#8221;.vc_custom_1490198824561{padding-top: 114px !important;padding-bottom: 150px !important;}&#8221;][vc_column_inner]<div class=\"eltdf-elements-holder eltdf-responsive-mode-768\" ><div class=\"eltdf-eh-item \" data-item-class=\"eltdf-eh-custom-290921\" data-1024-1280=\"0% 0%\" data-768-1024=\"0% 0%\" data-600-768=\"0% 0%\" data-480-600=\"0% 0%\" data-480=\"0% 0%\" >\n\t<div class=\"eltdf-eh-item-inner\" >\n\t\t<div class=\"eltdf-eh-item-content eltdf-eh-custom-290921\" style=\"padding: 0% 10%\">\n\t\t\t<div class=\"eltdf-section-title-holder\" style=\"text-align: center\">\n\t\t\t<h3 class=\"eltdf-st-title\" style=\"color: #ffffff\">\n\t\t\t<span>EM QUE ACREDITAMOS<\/span>\n\t\t<\/h3>\n                    <div class=\"eltdf-st-separator clearfix\">\n                <div class=\"eltdf-separator\" style=\"border-color: #d16d25\"><\/div>\n            <\/div>\n        \t\t\t<\/div>[vc_empty_space][vc_custom_heading text=&#8221;\u201cNosso trabalho se respalda em valores essenciais que nos ajudam a nos superarmos a cada dia\u201d&#8221; font_container=&#8221;tag:h6|text_align:center|color:%23ffffff&#8221; use_theme_fonts=&#8221;yes&#8221;]\t\t<\/div>\n\t<\/div>\n\t<\/div><\/div>[\/vc_column_inner][\/vc_row_inner][\/vc_column][\/vc_row][vc_row css=&#8221;.vc_custom_1491311408090{padding-top: 110px !important;padding-bottom: 105px !important;}&#8221;][vc_column][vc_row_inner row_content_width=&#8221;grid&#8221;][vc_column_inner css=&#8221;.vc_custom_1510125854383{margin-top: 0px !important;}&#8221;]<div class=\"eltdf-elements-holder eltdf-six-columns eltdf-responsive-mode-768\" ><div class=\"eltdf-eh-item eltdf-vertical-alignment-top\" data-item-class=\"eltdf-eh-custom-923235\" data-1280-1600=\"0px 26% 0px 1%\" data-1024-1280=\"0px 10% 0px 1%\" data-768-1024=\"0px 0% 0px 1%\" data-600-768=\"0px 0% 0px 1%\" data-480-600=\"0px 0% 0px 1%\" data-480=\"0px 0% 0px 1%\" >\n\t<div class=\"eltdf-eh-item-inner\" >\n\t\t<div class=\"eltdf-eh-item-content eltdf-eh-custom-923235\" style=\"padding: 0px 27% 0px 1%\">\n\t\t\t[vc_empty_space height=&#8221;45px&#8221;]<div class=\"eltdf-iwt clearfix eltdf-iwt-icon-top eltdf-iwt-icon-medium\">\n    <div class=\"eltdf-iwt-icon\">\n                                    <img decoding=\"async\" width=\"80\" height=\"80\" src=\"https:\/\/durigutti.com\/wp-content\/uploads\/2017\/03\/ico-respeto.png\" class=\"attachment-full size-full\" alt=\"\" \/>                        <\/div>\n    <div class=\"eltdf-iwt-content\" style=\"padding-top: 20px\">\n\t    \t\t    <\/div>\n<\/div>[vc_custom_heading text=&#8221;RESPEITO&#8221; font_container=&#8221;tag:h4|text_align:center|color:%23d16d25&#8243; use_theme_fonts=&#8221;yes&#8221;][vc_column_text]<\/p>\n<p style=\"text-align: center;\">pela origem e pelo lugar do qual a gente vem, ao p\u00e9 dos Andes, essa terra que nos entrega cada componente para transform\u00e1-lo em um vinho \u00fanico.<\/p>\n<p>[\/vc_column_text]\t\t<\/div>\n\t<\/div>\n\t<\/div><div class=\"eltdf-eh-item eltdf-vertical-alignment-top\" data-item-class=\"eltdf-eh-custom-329723\" data-1280-1600=\"0px 26% 0px 1%\" data-1024-1280=\"0px 10% 0px 1%\" data-768-1024=\"0px 0% 0px 1%\" data-600-768=\"0px 0% 0px 1%\" data-480-600=\"0px 0% 0px 1%\" data-480=\"0px 0% 0px 1%\" >\n\t<div class=\"eltdf-eh-item-inner\" >\n\t\t<div class=\"eltdf-eh-item-content eltdf-eh-custom-329723\" style=\"padding: 0px 27% 0px 1%\">\n\t\t\t[vc_empty_space height=&#8221;45px&#8221;]<div class=\"eltdf-iwt clearfix eltdf-iwt-icon-top eltdf-iwt-icon-medium\">\n    <div class=\"eltdf-iwt-icon\">\n                                    <img decoding=\"async\" width=\"80\" height=\"80\" src=\"https:\/\/durigutti.com\/wp-content\/uploads\/2017\/03\/ico-pasion.png\" class=\"attachment-full size-full\" alt=\"\" \/>                        <\/div>\n    <div class=\"eltdf-iwt-content\" style=\"padding-top: 20px\">\n\t    \t\t    <\/div>\n<\/div>[vc_custom_heading text=&#8221;PAIX\u00c3O&#8221; font_container=&#8221;tag:h4|text_align:center|color:%23d16d25&#8243; use_theme_fonts=&#8221;yes&#8221;][vc_column_text]<\/p>\n<p style=\"text-align: center;\">sem paix\u00e3o n\u00e3o h\u00e1 vida nem vinho. \u00c9 isso o que caracteriza toda nossa equipe, a que toca para a frente este trabalho.<\/p>\n<p>[\/vc_column_text]\t\t<\/div>\n\t<\/div>\n\t<\/div><div class=\"eltdf-eh-item eltdf-vertical-alignment-top\" data-item-class=\"eltdf-eh-custom-698264\" data-1280-1600=\"0px 26% 0px 1%\" data-1024-1280=\"0px 10% 0px 1%\" data-768-1024=\"0px 0% 0px 1%\" data-600-768=\"0px 0% 0px 1%\" data-480-600=\"0px 0% 0px 1%\" data-480=\"0px 0% 0px 1%\" >\n\t<div class=\"eltdf-eh-item-inner\" >\n\t\t<div class=\"eltdf-eh-item-content eltdf-eh-custom-698264\" style=\"padding: 0px 27% 0px 1%\">\n\t\t\t[vc_empty_space height=&#8221;45px&#8221;]<div class=\"eltdf-iwt clearfix eltdf-iwt-icon-top eltdf-iwt-icon-medium\">\n    <div class=\"eltdf-iwt-icon\">\n                                    <img decoding=\"async\" width=\"80\" height=\"80\" src=\"https:\/\/durigutti.com\/wp-content\/uploads\/2017\/03\/ico-compromiso.png\" class=\"attachment-full size-full\" alt=\"\" \/>                        <\/div>\n    <div class=\"eltdf-iwt-content\" style=\"padding-top: 20px\">\n\t    \t\t    <\/div>\n<\/div>[vc_custom_heading text=&#8221;COMPROMISSO&#8221; font_container=&#8221;tag:h4|text_align:center|color:%23d16d25&#8243; use_theme_fonts=&#8221;yes&#8221;][vc_column_text]<\/p>\n<p style=\"text-align: center;\">com a gente, no desafio pessoal de dar o melhor a cada dia; com o entorno, cuidando aquilo que a terra nos d\u00e1; com as pessoas, as que formam parte desta fam\u00edlia e as que bebem nossos vinhos a cada dia na Argentina e no mundo.<\/p>\n<p>[\/vc_column_text]\t\t<\/div>\n\t<\/div>\n\t<\/div><div class=\"eltdf-eh-item eltdf-vertical-alignment-top\" data-item-class=\"eltdf-eh-custom-580620\" data-1280-1600=\"0px 26% 0px 1%\" data-1024-1280=\"0px 10% 0px 1%\" data-768-1024=\"0px 0% 0px 1%\" data-600-768=\"0px 0% 0px 1%\" data-480-600=\"0px 0% 0px 1%\" data-480=\"0px 0% 0px 1%\" >\n\t<div class=\"eltdf-eh-item-inner\" >\n\t\t<div class=\"eltdf-eh-item-content eltdf-eh-custom-580620\" style=\"padding: 0px 27% 0px 1%\">\n\t\t\t[vc_empty_space height=&#8221;45px&#8221;]<div class=\"eltdf-iwt clearfix eltdf-iwt-icon-top eltdf-iwt-icon-medium\">\n    <div class=\"eltdf-iwt-icon\">\n                                    <img decoding=\"async\" width=\"80\" height=\"80\" src=\"https:\/\/durigutti.com\/wp-content\/uploads\/2017\/03\/ico-excelencia.png\" class=\"attachment-full size-full\" alt=\"\" \/>                        <\/div>\n    <div class=\"eltdf-iwt-content\" style=\"padding-top: 20px\">\n\t    \t\t    <\/div>\n<\/div>[vc_custom_heading text=&#8221;EXCEL\u00caNCIA&#8221; font_container=&#8221;tag:h4|text_align:center|color:%23d16d25&#8243; use_theme_fonts=&#8221;yes&#8221;][vc_column_text]<\/p>\n<p style=\"text-align: center;\">concentrados nos detalhes para obter um produto \u00edntegro, nobre; cuidando de todas as etapas do processo produtivo e da gest\u00e3o comercial.<\/p>\n<p>[\/vc_column_text]\t\t<\/div>\n\t<\/div>\n\t<\/div><div class=\"eltdf-eh-item eltdf-vertical-alignment-top\" data-item-class=\"eltdf-eh-custom-480780\" data-1280-1600=\"0px 26% 0px 1%\" data-1024-1280=\"0px 10% 0px 1%\" data-768-1024=\"0px 0% 0px 1%\" data-600-768=\"0px 0% 0px 1%\" data-480-600=\"0px 0% 0px 1%\" data-480=\"0px 0% 0px 1%\" >\n\t<div class=\"eltdf-eh-item-inner\" >\n\t\t<div class=\"eltdf-eh-item-content eltdf-eh-custom-480780\" style=\"padding: 0px 27% 0px 1%\">\n\t\t\t[vc_empty_space height=&#8221;45px&#8221;]<div class=\"eltdf-iwt clearfix eltdf-iwt-icon-top eltdf-iwt-icon-medium\">\n    <div class=\"eltdf-iwt-icon\">\n                                    <img decoding=\"async\" width=\"80\" height=\"80\" src=\"https:\/\/durigutti.com\/wp-content\/uploads\/2017\/03\/ico-singularidad.png\" class=\"attachment-full size-full\" alt=\"\" \/>                        <\/div>\n    <div class=\"eltdf-iwt-content\" style=\"padding-top: 20px\">\n\t    \t\t    <\/div>\n<\/div>[vc_custom_heading text=&#8221;SINGULARIDADE&#8221; font_container=&#8221;tag:h4|text_align:center|color:%23d16d25&#8243; use_theme_fonts=&#8221;yes&#8221;][vc_column_text]<\/p>\n<p style=\"text-align: center;\">destacando as qualidades distintivas do vinhedo de origem, do estilo de elabora\u00e7\u00e3o e de uma delicada mistura que equilibra tradi\u00e7\u00e3o e inova\u00e7\u00e3o.<\/p>\n<p>[\/vc_column_text]\t\t<\/div>\n\t<\/div>\n\t<\/div><div class=\"eltdf-eh-item eltdf-vertical-alignment-top\" data-item-class=\"eltdf-eh-custom-446676\" data-1280-1600=\"0px 26% 0px 1%\" data-1024-1280=\"0px 10% 0px 1%\" data-768-1024=\"0px 0% 0px 1%\" data-600-768=\"0px 0% 0px 1%\" data-480-600=\"0px 0% 0px 1%\" data-480=\"0px 0% 0px 1%\" >\n\t<div class=\"eltdf-eh-item-inner\" >\n\t\t<div class=\"eltdf-eh-item-content eltdf-eh-custom-446676\" style=\"padding: 0px 27% 0px 1%\">\n\t\t\t[vc_empty_space height=&#8221;45px&#8221;]<div class=\"eltdf-iwt clearfix eltdf-iwt-icon-top eltdf-iwt-icon-medium\">\n    <div class=\"eltdf-iwt-icon\">\n                                    <img decoding=\"async\" width=\"80\" height=\"80\" src=\"https:\/\/durigutti.com\/wp-content\/uploads\/2017\/10\/ico-evolucion.png\" class=\"attachment-full size-full\" alt=\"\" \/>                        <\/div>\n    <div class=\"eltdf-iwt-content\" style=\"padding-top: 20px\">\n\t    \t\t    <\/div>\n<\/div>[vc_custom_heading text=&#8221;EVOLU\u00c7\u00c3O&#8221; font_container=&#8221;tag:h4|text_align:center|color:%23d16d25&#8243; use_theme_fonts=&#8221;yes&#8221;][vc_column_text]<\/p>\n<p style=\"text-align: center;\">pelo aprendizado cont\u00ednuo e a inova\u00e7\u00e3o em perfeito balan\u00e7o com a preserva\u00e7\u00e3o das tradi\u00e7\u00f5es.<\/p>\n<p>[\/vc_column_text]\t\t<\/div>\n\t<\/div>\n\t<\/div><\/div>[\/vc_column_inner][\/vc_row_inner][\/vc_column][\/vc_row][vc_row css=&#8221;.vc_custom_1520905203412{padding-top: 50px !important;padding-bottom: 50px !important;background-color: rgba(0,0,0,0.01) !important;background-position: center !important;background-repeat: no-repeat !important;background-size: cover !important;*background-color: rgb(0,0,0) !important;}&#8221;][vc_column offset=&#8221;vc_hidden-lg vc_hidden-md vc_hidden-sm vc_hidden-xs&#8221;][vc_row_inner row_content_width=&#8221;grid&#8221; content_text_aligment=&#8221;center&#8221;][vc_column_inner width=&#8221;1\/4&#8243;][\/vc_column_inner][vc_column_inner width=&#8221;1\/2&#8243;][vc_empty_space height=&#8221;55px&#8221;]<div class=\"eltdf-section-title-holder\" >\n\t\t\t<h3 class=\"eltdf-st-title\" style=\"color: #ffffff\">\n\t\t\t<span>RSE<\/span>\n\t\t<\/h3>\n                    <div class=\"eltdf-st-separator clearfix\">\n                <div class=\"eltdf-separator\" style=\"border-color: #d16d25\"><\/div>\n            <\/div>\n        \t\t\t<\/div>[vc_empty_space height=&#8221;37px&#8221;][vc_column_text]Durigutti Family Winemakers colabora con distintas acciones solidarias. La responsabilidad social empresaria forma parte de nuestra cultura de trabajo.[\/vc_column_text][vc_empty_space height=&#8221;55px&#8221;][\/vc_column_inner][vc_column_inner width=&#8221;1\/4&#8243;][\/vc_column_inner][\/vc_row_inner][\/vc_column][\/vc_row]<\/p>\n<\/div>","protected":false},"excerpt":{"rendered":"<p> [&hellip;]<\/p>\n","protected":false},"author":6,"featured_media":0,"parent":0,"menu_order":0,"comment_status":"closed","ping_status":"closed","template":"full-width.php","meta":{"_seopress_robots_primary_cat":"","_seopress_titles_title":"","_seopress_titles_desc":"","_seopress_robots_index":"","_monsterinsights_skip_tracking":false,"_monsterinsights_sitenote_active":false,"_monsterinsights_sitenote_note":"","_monsterinsights_sitenote_category":0,"footnotes":""},"class_list":["post-18100","page","type-page","status-publish","hentry"],"_links":{"self":[{"href":"https:\/\/durigutti.com\/pt-br\/wp-json\/wp\/v2\/pages\/18100","targetHints":{"allow":["GET"]}}],"collection":[{"href":"https:\/\/durigutti.com\/pt-br\/wp-json\/wp\/v2\/pages"}],"about":[{"href":"https:\/\/durigutti.com\/pt-br\/wp-json\/wp\/v2\/types\/page"}],"author":[{"embeddable":true,"href":"https:\/\/durigutti.com\/pt-br\/wp-json\/wp\/v2\/users\/6"}],"replies":[{"embeddable":true,"href":"https:\/\/durigutti.com\/pt-br\/wp-json\/wp\/v2\/comments?post=18100"}],"version-history":[{"count":3,"href":"https:\/\/durigutti.com\/pt-br\/wp-json\/wp\/v2\/pages\/18100\/revisions"}],"predecessor-version":[{"id":18104,"href":"https:\/\/durigutti.com\/pt-br\/wp-json\/wp\/v2\/pages\/18100\/revisions\/18104"}],"wp:attachment":[{"href":"https:\/\/durigutti.com\/pt-br\/wp-json\/wp\/v2\/media?parent=18100"}],"curies":[{"name":"wp","href":"https:\/\/api.w.org\/{rel}","templated":true}]}}