{"id":18095,"date":"2017-03-23T11:30:54","date_gmt":"2017-03-23T11:30:54","guid":{"rendered":"https:\/\/durigutti.com\/origenes\/"},"modified":"2022-09-08T15:58:34","modified_gmt":"2022-09-08T15:58:34","slug":"origem","status":"publish","type":"page","link":"https:\/\/durigutti.com\/pt-br\/origem\/","title":{"rendered":"Origem"},"content":{"rendered":"<div class=\"wpb-content-wrapper\"><p>[vc_row content_text_aligment=&#8221;center&#8221; css=&#8221;.vc_custom_1510110833888{padding-top: 50px !important;padding-bottom: 50px !important;background-color: #000000 !important;background-position: center !important;background-repeat: no-repeat !important;background-size: cover !important;}&#8221;][vc_column width=&#8221;1\/2&#8243; css=&#8221;.vc_custom_1520899230240{padding-top: 400px !important;padding-bottom: 400px !important;background-image: url(http:\/\/durigutti.com\/wp-content\/uploads\/2017\/03\/img-origen-1.jpg?id=11774) !important;background-position: center !important;background-repeat: no-repeat !important;background-size: contain !important;}&#8221; offset=&#8221;vc_hidden-xs&#8221;][\/vc_column][vc_column width=&#8221;1\/2&#8243; offset=&#8221;vc_hidden-xs&#8221;]<div class=\"eltdf-elements-holder eltdf-responsive-mode-1280 eltdf-one-column-alignment-center\" ><div class=\"eltdf-eh-item eltdf-horizontal-alignment-center\" data-item-class=\"eltdf-eh-custom-281401\" data-1280-1600=\"0 70px 0 70px\" data-1024-1280=\"0 50px 0 50px\" data-768-1024=\"0 40px 0 40px\" data-600-768=\"0 40px 0 40px\" data-480-600=\"0 20px 0 20px\" data-480=\"0 10px 0 10px\" >\n\t<div class=\"eltdf-eh-item-inner\" >\n\t\t<div class=\"eltdf-eh-item-content eltdf-eh-custom-281401\" style=\"padding: 0 70px 0 70px\">\n\t\t\t[vc_single_image image=&#8221;10723&#8243; img_size=&#8221;full&#8221; alignment=&#8221;center&#8221; css_animation=&#8221;slideInDown&#8221;][vc_empty_space height=&#8221;60px&#8221;]<div class=\"eltdf-section-title-holder\" >\n\t\t\t<h3 class=\"eltdf-st-title\" style=\"color: #ffffff\">\n\t\t\t<span>NOSSA ORIGEM<\/span>\n\t\t<\/h3>\n                    <div class=\"eltdf-st-separator clearfix\">\n                <div class=\"eltdf-separator\" style=\"border-color: #d16d25\"><\/div>\n            <\/div>\n        \t\t\t<\/div>[vc_empty_space height=&#8221;55px&#8221;][vc_column_text]H\u00e9ctor e Pablo nasceram em terras mendocinas, ber\u00e7o do Malbec, e cresceram juntos no seio de sua fam\u00edlia. Sua inf\u00e2ncia esteve ligada a um mundo sensorial, com aromas, ingredientes e sabores que, com o tempo, levaram-nos a escolher o mesmo caminho profissional com o of\u00edcio de winemakers. Unidos pelas lembran\u00e7as e as mesmas paix\u00f5es, desde 2002 iniciaram seu projeto como pequena vin\u00edcola familiar e ambos se transformaram em ponta de lan\u00e7a para uma nova gera\u00e7\u00e3o de en\u00f3logos que consolidaram um caminho de evolu\u00e7\u00e3o na vitivinicultura argentina.<\/p>\n<p>Nascem assim os vinhos dos irm\u00e3os Durigutti, e dessa forma come\u00e7a uma hist\u00f3ria pr\u00f3pria, um legado familiar no lugar que escolheram para viver e para trabalhar com dedica\u00e7\u00e3o a cada dia.[\/vc_column_text][vc_empty_space height=&#8221;55px&#8221;][vc_single_image image=&#8221;10480&#8243; img_size=&#8221;200&#215;60&#8243; alignment=&#8221;center&#8221;]\t\t<\/div>\n\t<\/div>\n\t<\/div><\/div>[\/vc_column][\/vc_row][vc_row content_text_aligment=&#8221;center&#8221; css=&#8221;.vc_custom_1516808227379{margin-top: 0px !important;background-color: #000000 !important;background-position: center !important;background-repeat: no-repeat !important;background-size: cover !important;}&#8221;][vc_column css=&#8221;.vc_custom_1520899258327{padding-top: 150px !important;padding-bottom: 150px !important;background-image: url(http:\/\/durigutti.com\/wp-content\/uploads\/2017\/03\/img-origen-1.jpg?id=11774) !important;background-position: center !important;background-repeat: no-repeat !important;background-size: contain !important;}&#8221; offset=&#8221;vc_hidden-lg vc_hidden-md vc_hidden-sm&#8221;][\/vc_column][\/vc_row][vc_row content_text_aligment=&#8221;center&#8221; css=&#8221;.vc_custom_1516807973539{background-color: #000000 !important;background-position: center !important;background-repeat: no-repeat !important;background-size: cover !important;}&#8221;][vc_column css=&#8221;.vc_custom_1516808065601{padding-top: 20px !important;padding-bottom: 20px !important;background-position: center !important;background-repeat: no-repeat !important;background-size: contain !important;}&#8221; offset=&#8221;vc_hidden-lg vc_hidden-md vc_hidden-sm&#8221;]<div class=\"eltdf-elements-holder eltdf-responsive-mode-1280 eltdf-one-column-alignment-center\" ><div class=\"eltdf-eh-item eltdf-horizontal-alignment-center\" data-item-class=\"eltdf-eh-custom-418437\" data-1280-1600=\"0 20px 0 20px\" data-1024-1280=\"0 15px 0 15px\" data-768-1024=\"0 15px 0 15px\" data-600-768=\"0 10px 0 10px\" data-480-600=\"0 10px 0 10px\" data-480=\"0 10px 0 10px\" >\n\t<div class=\"eltdf-eh-item-inner\" >\n\t\t<div class=\"eltdf-eh-item-content eltdf-eh-custom-418437\" style=\"padding: 0 20px 0 20px\">\n\t\t\t[vc_single_image image=&#8221;10723&#8243; img_size=&#8221;full&#8221; alignment=&#8221;center&#8221; css_animation=&#8221;slideInDown&#8221;][vc_empty_space height=&#8221;60px&#8221;]<div class=\"eltdf-section-title-holder\" >\n\t\t\t<h3 class=\"eltdf-st-title\" style=\"color: #ffffff\">\n\t\t\t<span>NOSSA ORIGEM<\/span>\n\t\t<\/h3>\n                    <div class=\"eltdf-st-separator clearfix\">\n                <div class=\"eltdf-separator\" style=\"border-color: #d16d25\"><\/div>\n            <\/div>\n        \t\t\t<\/div>[vc_empty_space height=&#8221;55px&#8221;][vc_column_text]H\u00e9ctor e Pablo nasceram em terras mendocinas, ber\u00e7o do Malbec, e cresceram juntos no seio de sua fam\u00edlia. Sua inf\u00e2ncia esteve ligada a um mundo sensorial, com aromas, ingredientes e sabores que, com o tempo, levaram-nos a escolher o mesmo caminho profissional com o of\u00edcio de winemakers. Unidos pelas lembran\u00e7as e as mesmas paix\u00f5es, desde 2002 iniciaram seu projeto como pequena vin\u00edcola familiar e ambos se transformaram em ponta de lan\u00e7a para uma nova gera\u00e7\u00e3o de en\u00f3logos que consolidaram um caminho de evolu\u00e7\u00e3o na vitivinicultura argentina.<\/p>\n<p>Nascem assim os vinhos dos irm\u00e3os Durigutti, e dessa forma come\u00e7a uma hist\u00f3ria pr\u00f3pria, um legado familiar no lugar que escolheram para viver e para trabalhar com dedica\u00e7\u00e3o a cada dia.[\/vc_column_text][vc_empty_space height=&#8221;55px&#8221;][vc_single_image image=&#8221;10480&#8243; img_size=&#8221;200&#215;60&#8243; alignment=&#8221;center&#8221;]\t\t<\/div>\n\t<\/div>\n\t<\/div><\/div>[\/vc_column][\/vc_row][vc_row content_text_aligment=&#8221;center&#8221; css=&#8221;.vc_custom_1510118116009{padding-top: 50px !important;padding-bottom: 50px !important;background-color: #ffffff !important;}&#8221;][vc_column css=&#8221;.vc_custom_1509320482555{background-position: center !important;background-repeat: no-repeat !important;background-size: cover !important;}&#8221;][vc_row_inner row_content_width=&#8221;grid&#8221;][vc_column_inner]<div class=\"eltdf-elements-holder eltdf-responsive-mode-768 eltdf-one-column-alignment-center\" ><div class=\"eltdf-eh-item \" data-item-class=\"eltdf-eh-custom-168588\" >\n\t<div class=\"eltdf-eh-item-inner\" >\n\t\t<div class=\"eltdf-eh-item-content eltdf-eh-custom-168588\" >\n\t\t\t[vc_single_image image=&#8221;10743&#8243; img_size=&#8221;full&#8221; alignment=&#8221;center&#8221; css_animation=&#8221;slideInDown&#8221; css=&#8221;.vc_custom_1510118448258{margin-bottom: -2px !important;}&#8221;][vc_empty_space height=&#8221;37px&#8221;]<div class=\"eltdf-section-title-holder\" style=\"text-align: center\">\n\t\t\t<h3 class=\"eltdf-st-title\" style=\"color: #222222\">\n\t\t\t<span>NOSSA HIST\u00d3RIA<\/span>\n\t\t<\/h3>\n                    <div class=\"eltdf-st-separator clearfix\">\n                <div class=\"eltdf-separator\" style=\"border-color: #d16d25\"><\/div>\n            <\/div>\n        \t\t\t<\/div>[vc_empty_space height=&#8221;37px&#8221;][vc_separator][vc_empty_space height=&#8221;37px&#8221;]<div class=\"eltdf-workflow eltdf-workflow-animate\">\n    <div class=\"eltdf-workflow-item eltdf-workflow-item-equal\">\n    <div class=\"eltdf-workflow-item-inner\">\n        <div class=\"eltdf-workflow-text-left\">\n                            <h6 class=\"eltdf-wfi-subtitle\">o in\u00edcio<\/h6>\n                        <span class=\"circle\"><\/span>\n                            <h3 class=\"eltdf-wfi-title\">2002<\/h3>\n                                        <p class=\"text\">Nasce o projeto familiar. Os irm\u00e3os Durigutti elaboram seu primeiro vinho juntos, Durigutti Familia, emblema de alta gama ao longo de toda a hist\u00f3ria da vin\u00edcola.<\/p>\n                    <\/div>\n        <div class=\"eltdf-workflow-image\">\n            <img decoding=\"async\" width=\"350\" height=\"175\" src=\"https:\/\/durigutti.com\/wp-content\/uploads\/2017\/03\/linea-tiempo01.jpg\" class=\"attachment-full size-full\" alt=\"\" srcset=\"https:\/\/durigutti.com\/wp-content\/uploads\/2017\/03\/linea-tiempo01.jpg 350w, https:\/\/durigutti.com\/wp-content\/uploads\/2017\/03\/linea-tiempo01-300x150.jpg 300w\" sizes=\"(max-width: 350px) 100vw, 350px\" \/>        <\/div>\n        <div class=\"eltdf-workflow-text-right\">\n            <span class=\"circle\"><\/span>\n                            <h6 class=\"eltdf-wfi-subtitle\">vinhedos<\/h6>\n                                        <h3 class=\"eltdf-wfi-title\">2007<\/h3>\n                                        <p class=\"text\">A fam\u00edlia adquire os primeiros 5 hectares de vinhedos pr\u00f3prios em Las Compuertas, Luj\u00e1n de Cuyo.<\/p>\n                    <\/div>\n    <\/div>\n<\/div><div class=\"eltdf-workflow-item eltdf-workflow-item-equal\">\n    <div class=\"eltdf-workflow-item-inner\">\n        <div class=\"eltdf-workflow-text-left\">\n                            <h6 class=\"eltdf-wfi-subtitle\">inaugura a primeira vin\u00edcola<\/h6>\n                        <span class=\"circle\"><\/span>\n                            <h3 class=\"eltdf-wfi-title\">2008<\/h3>\n                                        <p class=\"text\">Em uma antiga vin\u00edcola recuperada em Las Compuertas s\u00e3o elaborados os vinhos Durigutti Family Winemakers.<\/p>\n                    <\/div>\n        <div class=\"eltdf-workflow-image\">\n            <img decoding=\"async\" width=\"350\" height=\"175\" src=\"https:\/\/durigutti.com\/wp-content\/uploads\/2022\/03\/linea-tiempo02.jpg\" class=\"attachment-full size-full\" alt=\"\" srcset=\"https:\/\/durigutti.com\/wp-content\/uploads\/2022\/03\/linea-tiempo02.jpg 350w, https:\/\/durigutti.com\/wp-content\/uploads\/2022\/03\/linea-tiempo02-300x150.jpg 300w\" sizes=\"(max-width: 350px) 100vw, 350px\" \/>        <\/div>\n        <div class=\"eltdf-workflow-text-right\">\n            <span class=\"circle\"><\/span>\n                            <h6 class=\"eltdf-wfi-subtitle\">celebrando<\/h6>\n                                        <h3 class=\"eltdf-wfi-title\">2010<\/h3>\n                                        <p class=\"text\">Durigutti Malbec 2008 \u00e9 reconhecido na posi\u00e7\u00e3o 74 entre os melhores vinhos do ano no Top 100 da Wine Spectator, ao passo que os irm\u00e3os Durigutti adquirem mais vinhedos pr\u00f3prios.<\/p>\n                    <\/div>\n    <\/div>\n<\/div><div class=\"eltdf-workflow-item eltdf-workflow-item-equal\">\n    <div class=\"eltdf-workflow-item-inner\">\n        <div class=\"eltdf-workflow-text-left\">\n                            <h6 class=\"eltdf-wfi-subtitle\">uma d\u00e9cada<\/h6>\n                        <span class=\"circle\"><\/span>\n                            <h3 class=\"eltdf-wfi-title\">2012<\/h3>\n                                        <p class=\"text\">Comemoram-se os primeiros 10 anos de vida do projeto e com isso a chegada do vinho homenagem: Durigutti 10 A\u00f1os.<\/p>\n                    <\/div>\n        <div class=\"eltdf-workflow-image\">\n            <img decoding=\"async\" width=\"350\" height=\"175\" src=\"https:\/\/durigutti.com\/wp-content\/uploads\/2022\/09\/linea-tiempo03.jpg\" class=\"attachment-full size-full\" alt=\"\" srcset=\"https:\/\/durigutti.com\/wp-content\/uploads\/2022\/09\/linea-tiempo03.jpg 350w, https:\/\/durigutti.com\/wp-content\/uploads\/2022\/09\/linea-tiempo03-300x150.jpg 300w\" sizes=\"(max-width: 350px) 100vw, 350px\" \/>        <\/div>\n        <div class=\"eltdf-workflow-text-right\">\n            <span class=\"circle\"><\/span>\n                            <h6 class=\"eltdf-wfi-subtitle\">novos desafios<\/h6>\n                                        <h3 class=\"eltdf-wfi-title\">2017<\/h3>\n                                        <p class=\"text\">A vin\u00edcola apresenta ao mercado novos projetos \u00e0 procura de vinhos com estilo e alta express\u00e3o. Nasce Proyecto Las Compuertas.<\/p>\n                    <\/div>\n    <\/div>\n<\/div><div class=\"eltdf-workflow-item eltdf-workflow-item-equal\">\n    <div class=\"eltdf-workflow-item-inner\">\n        <div class=\"eltdf-workflow-text-left\">\n                            <h6 class=\"eltdf-wfi-subtitle\">o exterior<\/h6>\n                        <span class=\"circle\"><\/span>\n                            <h3 class=\"eltdf-wfi-title\">2018<\/h3>\n                                        <p class=\"text\">Encaminham-se novos projetos vitivin\u00edcolas no exterior estabelecendo as bases em uma pequena aldeia de As Bouzas, Gal\u00edcia, e criando com isso uma pequena vin\u00edcola, Castelo Das Pedras, concebida junto a dois s\u00f3cios estrat\u00e9gicos, Attilio Pagli e Francisco Cernadas.<\/p>\n                    <\/div>\n        <div class=\"eltdf-workflow-image\">\n            <img decoding=\"async\" width=\"350\" height=\"175\" src=\"https:\/\/durigutti.com\/wp-content\/uploads\/2022\/02\/linea-tiempo05.jpg\" class=\"attachment-full size-full\" alt=\"\" srcset=\"https:\/\/durigutti.com\/wp-content\/uploads\/2022\/02\/linea-tiempo05.jpg 350w, https:\/\/durigutti.com\/wp-content\/uploads\/2022\/02\/linea-tiempo05-300x150.jpg 300w\" sizes=\"(max-width: 350px) 100vw, 350px\" \/>        <\/div>\n        <div class=\"eltdf-workflow-text-right\">\n            <span class=\"circle\"><\/span>\n                            <h6 class=\"eltdf-wfi-subtitle\">renova\u00e7\u00f5es<\/h6>\n                                        <h3 class=\"eltdf-wfi-title\">2019<\/h3>\n                                        <p class=\"text\">Apresenta-se ao mercado um amplo portf\u00f3lio de linhas com importantes renova\u00e7\u00f5es de marca e novos lan\u00e7amentos.<\/p>\n                    <\/div>\n    <\/div>\n<\/div><div class=\"eltdf-workflow-item eltdf-workflow-item-equal\">\n    <div class=\"eltdf-workflow-item-inner\">\n        <div class=\"eltdf-workflow-text-left\">\n                            <h6 class=\"eltdf-wfi-subtitle\">inaugura-se Finca Victoria e sua primeira nave de vin\u00edcola<\/h6>\n                        <span class=\"circle\"><\/span>\n                            <h3 class=\"eltdf-wfi-title\">2020<\/h3>\n                                        <p class=\"text\">Ap\u00f3s muitos anos de dedica\u00e7\u00e3o um grande sonho se torna realidade: inaugura-se a primeira nave da vin\u00edcola boutique na fazenda pr\u00f3pria e a \u00e1rea de turismo.<\/p>\n                    <\/div>\n        <div class=\"eltdf-workflow-image\">\n            <img decoding=\"async\" width=\"350\" height=\"175\" src=\"https:\/\/durigutti.com\/wp-content\/uploads\/2022\/02\/linea-tiempo06.jpg\" class=\"attachment-full size-full\" alt=\"\" srcset=\"https:\/\/durigutti.com\/wp-content\/uploads\/2022\/02\/linea-tiempo06.jpg 350w, https:\/\/durigutti.com\/wp-content\/uploads\/2022\/02\/linea-tiempo06-300x150.jpg 300w\" sizes=\"(max-width: 350px) 100vw, 350px\" \/>        <\/div>\n        <div class=\"eltdf-workflow-text-right\">\n            <span class=\"circle\"><\/span>\n                            <h6 class=\"eltdf-wfi-subtitle\">equipe<\/h6>\n                                        <h3 class=\"eltdf-wfi-title\">2021<\/h3>\n                                        <p class=\"text\">Consolida-se uma grande equipe de trabalho para crescer em \u00e1reas chave: enol\u00f3gica, vitivin\u00edcola, comercial, de marketing e comunica\u00e7\u00e3o, turismo e hospitalidade, administra\u00e7\u00e3o e finan\u00e7as, log\u00edstica e produ\u00e7\u00e3o.&lt;br \/&gt;\nCertifica-se vegano e org\u00e2nico.<\/p>\n                    <\/div>\n    <\/div>\n<\/div><div class=\"eltdf-workflow-item eltdf-workflow-item-equal\">\n    <div class=\"eltdf-workflow-item-inner\">\n        <div class=\"eltdf-workflow-text-left\">\n                            <h6 class=\"eltdf-wfi-subtitle\">o futuro<\/h6>\n                        <span class=\"circle\"><\/span>\n                            <h3 class=\"eltdf-wfi-title\">2022<\/h3>\n                                        <p class=\"text\">Festejam-se 20 anos de hist\u00f3ria da vin\u00edcola com a inaugura\u00e7\u00e3o do novo restaurante \u201c5 Suelos \u2013 Cocina de Finca\u201d e o lan\u00e7amento de um vinho homenagem Durigutti Familia 20 A\u00f1os.<\/p>\n                    <\/div>\n        <div class=\"eltdf-workflow-image\">\n            <img decoding=\"async\" width=\"350\" height=\"175\" src=\"https:\/\/durigutti.com\/wp-content\/uploads\/2022\/02\/linea-tiempo07.jpg\" class=\"attachment-full size-full\" alt=\"\" srcset=\"https:\/\/durigutti.com\/wp-content\/uploads\/2022\/02\/linea-tiempo07.jpg 350w, https:\/\/durigutti.com\/wp-content\/uploads\/2022\/02\/linea-tiempo07-300x150.jpg 300w\" sizes=\"(max-width: 350px) 100vw, 350px\" \/>        <\/div>\n        <div class=\"eltdf-workflow-text-right\">\n            <span class=\"circle\"><\/span>\n                                                    <p class=\"text\">H\u00e1 sempre uma nova p\u00e1gina a ser escrita em uma hist\u00f3ria viva, com sonhos por vir.<\/p>\n                    <\/div>\n    <\/div>\n<\/div><\/div>\t\t<\/div>\n\t<\/div>\n\t<\/div><\/div>[\/vc_column_inner][\/vc_row_inner][\/vc_column][\/vc_row]<\/p>\n<\/div>","protected":false},"excerpt":{"rendered":"<p> [&hellip;]<\/p>\n","protected":false},"author":6,"featured_media":0,"parent":0,"menu_order":0,"comment_status":"closed","ping_status":"closed","template":"full-width.php","meta":{"_seopress_robots_primary_cat":"","_seopress_titles_title":"","_seopress_titles_desc":"","_seopress_robots_index":"","_monsterinsights_skip_tracking":false,"_monsterinsights_sitenote_active":false,"_monsterinsights_sitenote_note":"","_monsterinsights_sitenote_category":0,"footnotes":""},"class_list":["post-18095","page","type-page","status-publish","hentry"],"_links":{"self":[{"href":"https:\/\/durigutti.com\/pt-br\/wp-json\/wp\/v2\/pages\/18095","targetHints":{"allow":["GET"]}}],"collection":[{"href":"https:\/\/durigutti.com\/pt-br\/wp-json\/wp\/v2\/pages"}],"about":[{"href":"https:\/\/durigutti.com\/pt-br\/wp-json\/wp\/v2\/types\/page"}],"author":[{"embeddable":true,"href":"https:\/\/durigutti.com\/pt-br\/wp-json\/wp\/v2\/users\/6"}],"replies":[{"embeddable":true,"href":"https:\/\/durigutti.com\/pt-br\/wp-json\/wp\/v2\/comments?post=18095"}],"version-history":[{"count":5,"href":"https:\/\/durigutti.com\/pt-br\/wp-json\/wp\/v2\/pages\/18095\/revisions"}],"predecessor-version":[{"id":20253,"href":"https:\/\/durigutti.com\/pt-br\/wp-json\/wp\/v2\/pages\/18095\/revisions\/20253"}],"wp:attachment":[{"href":"https:\/\/durigutti.com\/pt-br\/wp-json\/wp\/v2\/media?parent=18095"}],"curies":[{"name":"wp","href":"https:\/\/api.w.org\/{rel}","templated":true}]}}