{"id":18031,"date":"2018-02-04T20:30:39","date_gmt":"2018-02-04T20:30:39","guid":{"rendered":"https:\/\/durigutti.com\/multimedia\/brochures\/"},"modified":"2024-10-02T18:40:43","modified_gmt":"2024-10-02T18:40:43","slug":"brochures","status":"publish","type":"page","link":"https:\/\/durigutti.com\/pt-br\/multimidia\/brochures\/","title":{"rendered":"Brochures"},"content":{"rendered":"<div class=\"wpb-content-wrapper\"><p>[vc_row content_text_aligment=&#8221;center&#8221;][vc_column width=&#8221;1\/2&#8243;][vc_empty_space height=&#8221;40px&#8221;]<div class=\"eltdf-iwt clearfix eltdf-iwt-icon-left eltdf-iwt-icon-medium\">\n    <div class=\"eltdf-iwt-icon\">\n                    <a itemprop=\"url\" href=\"\/descargas\/FolhetoComercial_DFW_low-res.pdf\" target=\"_blank\">\n                                        <span class=\"eltdf-icon-shortcode eltdf-normal eltdf-icon-medium\"  >\n                    <i class=\"eltdf-icon-font-awesome fa  eltdf-icon-element\" style=\"\" ><\/i>            <\/span>\n                                <\/a>\n            <\/div>\n    <div class=\"eltdf-iwt-content\" style=\"padding-left: 10px\">\n\t    \t        <h5 class=\"eltdf-iwt-title\" style=\"color: #d16d25;margin-top: 10px\">\n\t\t\t    \t\t\t\t    <a itemprop=\"url\" href=\"\/descargas\/FolhetoComercial_DFW_low-res.pdf\" target=\"_blank\">\n\t\t\t    \t               Folheto comercial DURIGUTTI FAMILY WINEMAKERS\t\t\t    \t\t\t\t    <\/a>\n                            <\/h5>\n\t    \t\t            <p class=\"eltdf-iwt-text\" style=\"color: #5d5d5d\">Vers\u00e3o .PDF (low res)<\/p>\n\t\t    <\/div>\n<\/div>[vc_empty_space height=&#8221;20px&#8221;][\/vc_column][vc_column width=&#8221;1\/2&#8243;][vc_empty_space height=&#8221;40px&#8221;]<div class=\"eltdf-iwt clearfix eltdf-iwt-icon-left eltdf-iwt-icon-medium\">\n    <div class=\"eltdf-iwt-icon\">\n                    <a itemprop=\"url\" href=\"\/descargas\/FolhetoComercial_DFW_high-res.pdf\" target=\"_blank\">\n                                        <span class=\"eltdf-icon-shortcode eltdf-normal eltdf-icon-medium\"  >\n                    <i class=\"eltdf-icon-font-awesome fa  eltdf-icon-element\" style=\"\" ><\/i>            <\/span>\n                                <\/a>\n            <\/div>\n    <div class=\"eltdf-iwt-content\" style=\"padding-left: 10px\">\n\t    \t        <h5 class=\"eltdf-iwt-title\" style=\"color: #d16d25;margin-top: 10px\">\n\t\t\t    \t\t\t\t    <a itemprop=\"url\" href=\"\/descargas\/FolhetoComercial_DFW_high-res.pdf\" target=\"_blank\">\n\t\t\t    \t               Folheto comercial DURIGUTTI FAMILY WINEMAKERS\t\t\t    \t\t\t\t    <\/a>\n                            <\/h5>\n\t    \t\t            <p class=\"eltdf-iwt-text\" style=\"color: #5d5d5d\">Vers\u00e3o .PDF (high res)<\/p>\n\t\t    <\/div>\n<\/div>[vc_empty_space height=&#8221;20px&#8221;][\/vc_column][\/vc_row][vc_row content_text_aligment=&#8221;center&#8221;][vc_column width=&#8221;1\/2&#8243;][vc_empty_space height=&#8221;40px&#8221;]<div class=\"eltdf-iwt clearfix eltdf-iwt-icon-left eltdf-iwt-icon-medium\">\n    <div class=\"eltdf-iwt-icon\">\n                    <a itemprop=\"url\" href=\"\/descargas\/VinhosPremiados_DFW.pdf\" target=\"_blank\">\n                                        <span class=\"eltdf-icon-shortcode eltdf-normal eltdf-icon-medium\"  >\n                    <i class=\"eltdf-icon-font-awesome fa  eltdf-icon-element\" style=\"\" ><\/i>            <\/span>\n                                <\/a>\n            <\/div>\n    <div class=\"eltdf-iwt-content\" style=\"padding-left: 10px\">\n\t    \t        <h5 class=\"eltdf-iwt-title\" style=\"color: #d16d25;margin-top: 10px\">\n\t\t\t    \t\t\t\t    <a itemprop=\"url\" href=\"\/descargas\/VinhosPremiados_DFW.pdf\" target=\"_blank\">\n\t\t\t    \t               Vinhos Premiados DURIGUTTI FAMILY WINEMAKERS\t\t\t    \t\t\t\t    <\/a>\n                            <\/h5>\n\t    \t\t            <p class=\"eltdf-iwt-text\" style=\"color: #5d5d5d\">Vers\u00e3o .PDF<\/p>\n\t\t    <\/div>\n<\/div>[vc_empty_space height=&#8221;20px&#8221;][\/vc_column][vc_column width=&#8221;1\/2&#8243;][vc_empty_space height=&#8221;40px&#8221;]<div class=\"eltdf-iwt clearfix eltdf-iwt-icon-left eltdf-iwt-icon-medium\">\n    <div class=\"eltdf-iwt-icon\">\n                    <a itemprop=\"url\" href=\"\/descargas\/Folheto_FincaVictoria_completo_port.pdf\" target=\"_blank\">\n                                        <span class=\"eltdf-icon-shortcode eltdf-normal eltdf-icon-medium\"  >\n                    <i class=\"eltdf-icon-font-awesome fa  eltdf-icon-element\" style=\"\" ><\/i>            <\/span>\n                                <\/a>\n            <\/div>\n    <div class=\"eltdf-iwt-content\" style=\"padding-left: 10px\">\n\t    \t        <h5 class=\"eltdf-iwt-title\" style=\"color: #d16d25;margin-top: 10px\">\n\t\t\t    \t\t\t\t    <a itemprop=\"url\" href=\"\/descargas\/Folheto_FincaVictoria_completo_port.pdf\" target=\"_blank\">\n\t\t\t    \t               Folheto Finca Victoria (completo)\t\t\t    \t\t\t\t    <\/a>\n                            <\/h5>\n\t    \t\t            <p class=\"eltdf-iwt-text\" style=\"color: #5d5d5d\">Vers\u00e3o .PDF<\/p>\n\t\t    <\/div>\n<\/div>[vc_empty_space height=&#8221;20px&#8221;][\/vc_column][\/vc_row][vc_row content_text_aligment=&#8221;center&#8221;][vc_column width=&#8221;1\/2&#8243;][vc_empty_space height=&#8221;40px&#8221;]<div class=\"eltdf-iwt clearfix eltdf-iwt-icon-left eltdf-iwt-icon-medium\">\n    <div class=\"eltdf-iwt-icon\">\n                    <a itemprop=\"url\" href=\"\/descargas\/Folheto_FincaVictoria_intro_port.pdf\" target=\"_blank\">\n                                        <span class=\"eltdf-icon-shortcode eltdf-normal eltdf-icon-medium\"  >\n                    <i class=\"eltdf-icon-font-awesome fa  eltdf-icon-element\" style=\"\" ><\/i>            <\/span>\n                                <\/a>\n            <\/div>\n    <div class=\"eltdf-iwt-content\" style=\"padding-left: 10px\">\n\t    \t        <h5 class=\"eltdf-iwt-title\" style=\"color: #d16d25;margin-top: 10px\">\n\t\t\t    \t\t\t\t    <a itemprop=\"url\" href=\"\/descargas\/Folheto_FincaVictoria_intro_port.pdf\" target=\"_blank\">\n\t\t\t    \t               Folheto Finca Victoria\t\t\t    \t\t\t\t    <\/a>\n                            <\/h5>\n\t    \t\t            <p class=\"eltdf-iwt-text\" style=\"color: #5d5d5d\">Vers\u00e3o .PDF<\/p>\n\t\t    <\/div>\n<\/div>[vc_empty_space height=&#8221;20px&#8221;][\/vc_column][vc_column width=&#8221;1\/2&#8243;][vc_empty_space height=&#8221;40px&#8221;]<div class=\"eltdf-iwt clearfix eltdf-iwt-icon-left eltdf-iwt-icon-medium\">\n    <div class=\"eltdf-iwt-icon\">\n                    <a itemprop=\"url\" href=\"\/descargas\/Folheto_FincaVictoria_Casa-de-Hospedes_port.pdf\" target=\"_blank\">\n                                        <span class=\"eltdf-icon-shortcode eltdf-normal eltdf-icon-medium\"  >\n                    <i class=\"eltdf-icon-font-awesome fa  eltdf-icon-element\" style=\"\" ><\/i>            <\/span>\n                                <\/a>\n            <\/div>\n    <div class=\"eltdf-iwt-content\" style=\"padding-left: 10px\">\n\t    \t        <h5 class=\"eltdf-iwt-title\" style=\"color: #d16d25;margin-top: 10px\">\n\t\t\t    \t\t\t\t    <a itemprop=\"url\" href=\"\/descargas\/Folheto_FincaVictoria_Casa-de-Hospedes_port.pdf\" target=\"_blank\">\n\t\t\t    \t               Folheto Casa de H\u00f3spedes\t\t\t    \t\t\t\t    <\/a>\n                            <\/h5>\n\t    \t\t            <p class=\"eltdf-iwt-text\" style=\"color: #5d5d5d\">Vers\u00e3o .PDF<\/p>\n\t\t    <\/div>\n<\/div>[vc_empty_space height=&#8221;20px&#8221;][\/vc_column][\/vc_row][vc_row content_text_aligment=&#8221;center&#8221;][vc_column width=&#8221;1\/2&#8243;][vc_empty_space height=&#8221;40px&#8221;]<div class=\"eltdf-iwt clearfix eltdf-iwt-icon-left eltdf-iwt-icon-medium\">\n    <div class=\"eltdf-iwt-icon\">\n                    <a itemprop=\"url\" href=\"\/descargas\/Folheto_WineTasting.pdf\" target=\"_blank\">\n                                        <span class=\"eltdf-icon-shortcode eltdf-normal eltdf-icon-medium\"  >\n                    <i class=\"eltdf-icon-font-awesome fa  eltdf-icon-element\" style=\"\" ><\/i>            <\/span>\n                                <\/a>\n            <\/div>\n    <div class=\"eltdf-iwt-content\" style=\"padding-left: 10px\">\n\t    \t        <h5 class=\"eltdf-iwt-title\" style=\"color: #d16d25;margin-top: 10px\">\n\t\t\t    \t\t\t\t    <a itemprop=\"url\" href=\"\/descargas\/Folheto_WineTasting.pdf\" target=\"_blank\">\n\t\t\t    \t               Folheto Wine Tasting\t\t\t    \t\t\t\t    <\/a>\n                            <\/h5>\n\t    \t\t            <p class=\"eltdf-iwt-text\" style=\"color: #5d5d5d\">Vers\u00e3o .PDF<\/p>\n\t\t    <\/div>\n<\/div>[vc_empty_space height=&#8221;20px&#8221;][\/vc_column][vc_column width=&#8221;1\/2&#8243;][vc_empty_space height=&#8221;40px&#8221;]<div class=\"eltdf-iwt clearfix eltdf-iwt-icon-left eltdf-iwt-icon-medium\">\n    <div class=\"eltdf-iwt-icon\">\n                    <a itemprop=\"url\" href=\"\/descargas\/Folheto_FincaVictoria_Eventos_port.pdf\" target=\"_blank\">\n                                        <span class=\"eltdf-icon-shortcode eltdf-normal eltdf-icon-medium\"  >\n                    <i class=\"eltdf-icon-font-awesome fa  eltdf-icon-element\" style=\"\" ><\/i>            <\/span>\n                                <\/a>\n            <\/div>\n    <div class=\"eltdf-iwt-content\" style=\"padding-left: 10px\">\n\t    \t        <h5 class=\"eltdf-iwt-title\" style=\"color: #d16d25;margin-top: 10px\">\n\t\t\t    \t\t\t\t    <a itemprop=\"url\" href=\"\/descargas\/Folheto_FincaVictoria_Eventos_port.pdf\" target=\"_blank\">\n\t\t\t    \t               Folheto Eventos Finca Victoria\t\t\t    \t\t\t\t    <\/a>\n                            <\/h5>\n\t    \t\t            <p class=\"eltdf-iwt-text\" style=\"color: #5d5d5d\">Vers\u00e3o .PDF<\/p>\n\t\t    <\/div>\n<\/div>[vc_empty_space height=&#8221;20px&#8221;][\/vc_column][\/vc_row][vc_row content_text_aligment=&#8221;center&#8221;][vc_column width=&#8221;1\/2&#8243;][vc_empty_space height=&#8221;40px&#8221;]<div class=\"eltdf-iwt clearfix eltdf-iwt-icon-left eltdf-iwt-icon-medium\">\n    <div class=\"eltdf-iwt-icon\">\n                    <a itemprop=\"url\" href=\"\/descargas\/Flyers_premios_13-best-vineyards-2023.jpg\" target=\"_blank\">\n                                        <span class=\"eltdf-icon-shortcode eltdf-normal eltdf-icon-medium\"  >\n                    <i class=\"eltdf-icon-font-awesome fa  eltdf-icon-element\" style=\"\" ><\/i>            <\/span>\n                                <\/a>\n            <\/div>\n    <div class=\"eltdf-iwt-content\" style=\"padding-left: 10px\">\n\t    \t        <h5 class=\"eltdf-iwt-title\" style=\"color: #d16d25;margin-top: 10px\">\n\t\t\t    \t\t\t\t    <a itemprop=\"url\" href=\"\/descargas\/Flyers_premios_13-best-vineyards-2023.jpg\" target=\"_blank\">\n\t\t\t    \t               Flyer Pr\u00e9mio #13 Melhores Vin\u00edcolas e Vinhedos do Mundo 2023\t\t\t    \t\t\t\t    <\/a>\n                            <\/h5>\n\t    \t\t            <p class=\"eltdf-iwt-text\" style=\"color: #5d5d5d\">Vers\u00e3o .JPG<\/p>\n\t\t    <\/div>\n<\/div>[vc_empty_space height=&#8221;20px&#8221;][\/vc_column][vc_column width=&#8221;1\/2&#8243;][vc_empty_space height=&#8221;40px&#8221;]<div class=\"eltdf-iwt clearfix eltdf-iwt-icon-left eltdf-iwt-icon-medium\">\n    <div class=\"eltdf-iwt-icon\">\n                    <a itemprop=\"url\" href=\"\/descargas\/Flyers_premios_enologos-do-ano2023_port.jpg\" target=\"_blank\">\n                                        <span class=\"eltdf-icon-shortcode eltdf-normal eltdf-icon-medium\"  >\n                    <i class=\"eltdf-icon-font-awesome fa  eltdf-icon-element\" style=\"\" ><\/i>            <\/span>\n                                <\/a>\n            <\/div>\n    <div class=\"eltdf-iwt-content\" style=\"padding-left: 10px\">\n\t    \t        <h5 class=\"eltdf-iwt-title\" style=\"color: #d16d25;margin-top: 10px\">\n\t\t\t    \t\t\t\t    <a itemprop=\"url\" href=\"\/descargas\/Flyers_premios_enologos-do-ano2023_port.jpg\" target=\"_blank\">\n\t\t\t    \t               Flyer Pr\u00e9mio En\u00f3logos do Ano 2023\t\t\t    \t\t\t\t    <\/a>\n                            <\/h5>\n\t    \t\t            <p class=\"eltdf-iwt-text\" style=\"color: #5d5d5d\">Vers\u00e3o .JPG<\/p>\n\t\t    <\/div>\n<\/div>[vc_empty_space height=&#8221;20px&#8221;][\/vc_column][\/vc_row][vc_row content_text_aligment=&#8221;center&#8221;][vc_column width=&#8221;1\/2&#8243;][vc_empty_space height=&#8221;40px&#8221;]<div class=\"eltdf-iwt clearfix eltdf-iwt-icon-left eltdf-iwt-icon-medium\">\n    <div class=\"eltdf-iwt-icon\">\n                    <a itemprop=\"url\" href=\"\/descargas\/Flyers_premios_excelencia-en-restaurantes-2023_port.jpg\" target=\"_blank\">\n                                        <span class=\"eltdf-icon-shortcode eltdf-normal eltdf-icon-medium\"  >\n                    <i class=\"eltdf-icon-font-awesome fa  eltdf-icon-element\" style=\"\" ><\/i>            <\/span>\n                                <\/a>\n            <\/div>\n    <div class=\"eltdf-iwt-content\" style=\"padding-left: 10px\">\n\t    \t        <h5 class=\"eltdf-iwt-title\" style=\"color: #d16d25;margin-top: 10px\">\n\t\t\t    \t\t\t\t    <a itemprop=\"url\" href=\"\/descargas\/Flyers_premios_excelencia-en-restaurantes-2023_port.jpg\" target=\"_blank\">\n\t\t\t    \t               Flyer Pr\u00e9mio Excel\u00eancia em Restaurantes 2023 - Pr\u00e9mio de Prata\t\t\t    \t\t\t\t    <\/a>\n                            <\/h5>\n\t    \t\t            <p class=\"eltdf-iwt-text\" style=\"color: #5d5d5d\">Vers\u00e3o .JPG<\/p>\n\t\t    <\/div>\n<\/div>[vc_empty_space height=&#8221;20px&#8221;][\/vc_column][vc_column width=&#8221;1\/2&#8243;][vc_empty_space height=&#8221;40px&#8221;]<div class=\"eltdf-iwt clearfix eltdf-iwt-icon-left eltdf-iwt-icon-medium\">\n    <div class=\"eltdf-iwt-icon\">\n                    <a itemprop=\"url\" href=\"\/descargas\/Flyers_premios_pdm-lasjarillas-decanter-2023-best-in-show-platimun.jpg\" target=\"_blank\">\n                                        <span class=\"eltdf-icon-shortcode eltdf-normal eltdf-icon-medium\"  >\n                    <i class=\"eltdf-icon-font-awesome fa  eltdf-icon-element\" style=\"\" ><\/i>            <\/span>\n                                <\/a>\n            <\/div>\n    <div class=\"eltdf-iwt-content\" style=\"padding-left: 10px\">\n\t    \t        <h5 class=\"eltdf-iwt-title\" style=\"color: #d16d25;margin-top: 10px\">\n\t\t\t    \t\t\t\t    <a itemprop=\"url\" href=\"\/descargas\/Flyers_premios_pdm-lasjarillas-decanter-2023-best-in-show-platimun.jpg\" target=\"_blank\">\n\t\t\t    \t               Flyer Pr\u00e9mio Decanter 2023 - Best in Show - Platinum - Durigutti Pie de Monte Finca Las Jarillas\t\t\t    \t\t\t\t    <\/a>\n                            <\/h5>\n\t    \t\t            <p class=\"eltdf-iwt-text\" style=\"color: #5d5d5d\">Vers\u00e3o .JPG<\/p>\n\t\t    <\/div>\n<\/div>[vc_empty_space height=&#8221;20px&#8221;][\/vc_column][\/vc_row][vc_row content_text_aligment=&#8221;center&#8221;][vc_column][vc_empty_space height=&#8221;40px&#8221;][vc_row_inner row_content_width=&#8221;grid&#8221; content_text_aligment=&#8221;center&#8221;][vc_column_inner]<div class=\"eltdf-section-title-holder\" style=\"text-align: left\">\n\t\t\t<h5 class=\"eltdf-st-title\" style=\"color: #1d1d1d\">\n\t\t\t<span>+ DOWNLOADS<\/span>\n\t\t<\/h5>\n                    <div class=\"eltdf-st-separator clearfix\">\n                <div class=\"eltdf-separator\" style=\"border-color: #d16d25\"><\/div>\n            <\/div>\n        \t\t\t<\/div><div class=\"eltdf-elements-holder eltdf-four-columns eltdf-responsive-mode-768 eltdf-one-column-alignment-center\" ><div class=\"eltdf-eh-item eltdf-horizontal-alignment-center eltdf-item-clickable\" data-item-class=\"eltdf-eh-custom-376328\" >\n\t<div class=\"eltdf-eh-item-inner\" >\n\t\t<div class=\"eltdf-eh-item-content eltdf-eh-custom-376328\" style=\"padding: 30% 0 10% 0\">\n\t\t\t[vc_custom_heading text=&#8221;fotos&#8221; font_container=&#8221;tag:h6|font_size:20|text_align:center|color:%23ffffff&#8221; use_theme_fonts=&#8221;yes&#8221; link=&#8221;url:https%3A%2F%2Fdurigutti.com%2Fpt-br%2Fmultimidia%2Ffotos%2F|title:Fotos&#8221;]\t\t<\/div>\n\t<\/div>\n\t\t\t<a class=\"eltdf-eh-item-link\" href=\"\/pt-br\/multimidia\/fotos\/\" target=\"_self\"><\/a>\n\t\t<div class=\"eltdf-eh-item-background\" style=\"background-image: url(https:\/\/durigutti.com\/wp-content\/uploads\/2016\/09\/btn-fotos.jpg);background-size: cover\"><\/div>\n\t<\/div><div class=\"eltdf-eh-item eltdf-horizontal-alignment-center eltdf-item-clickable\" data-item-class=\"eltdf-eh-custom-199941\" >\n\t<div class=\"eltdf-eh-item-inner\" >\n\t\t<div class=\"eltdf-eh-item-content eltdf-eh-custom-199941\" style=\"padding: 30% 0 10% 0\">\n\t\t\t[vc_custom_heading text=&#8221;videos&#8221; font_container=&#8221;tag:h6|font_size:20|text_align:center|color:%23ffffff&#8221; use_theme_fonts=&#8221;yes&#8221; link=&#8221;url:https%3A%2F%2Fdurigutti.com%2Fpt-br%2Fmultimidia%2Fvideos%2F|title:V%C3%ADdeos&#8221;]\t\t<\/div>\n\t<\/div>\n\t\t\t<a class=\"eltdf-eh-item-link\" href=\"\/pt-br\/multimidia\/videos\/\" target=\"_self\"><\/a>\n\t\t<div class=\"eltdf-eh-item-background\" style=\"background-image: url(https:\/\/durigutti.com\/wp-content\/uploads\/2016\/09\/btn-videos.jpg);background-size: cover\"><\/div>\n\t<\/div><div class=\"eltdf-eh-item eltdf-horizontal-alignment-center eltdf-item-clickable\" data-item-class=\"eltdf-eh-custom-379221\" >\n\t<div class=\"eltdf-eh-item-inner\" >\n\t\t<div class=\"eltdf-eh-item-content eltdf-eh-custom-379221\" style=\"padding: 30% 0 10% 0\">\n\t\t\t[vc_custom_heading text=&#8221;logos&#8221; font_container=&#8221;tag:h6|font_size:20|text_align:center|color:%23ffffff&#8221; use_theme_fonts=&#8221;yes&#8221; link=&#8221;url:https%3A%2F%2Fdurigutti.com%2Fpt-br%2Fmultimidia%2Flogos%2F|title:Logos&#8221;]\t\t<\/div>\n\t<\/div>\n\t\t\t<a class=\"eltdf-eh-item-link\" href=\"\/pt-br\/multimidia\/logos\/\" target=\"_self\"><\/a>\n\t\t<div class=\"eltdf-eh-item-background\" style=\"background-image: url(https:\/\/durigutti.com\/wp-content\/uploads\/2016\/09\/btn-logos.jpg);background-size: cover\"><\/div>\n\t<\/div><div class=\"eltdf-eh-item eltdf-horizontal-alignment-center eltdf-item-clickable\" data-item-class=\"eltdf-eh-custom-999531\" >\n\t<div class=\"eltdf-eh-item-inner\" >\n\t\t<div class=\"eltdf-eh-item-content eltdf-eh-custom-999531\" style=\"padding: 30% 0 10% 0\">\n\t\t\t[vc_custom_heading text=&#8221;fichas t\u00e9cnicas&#8221; font_container=&#8221;tag:h6|font_size:20|text_align:center|color:%23ffffff&#8221; use_theme_fonts=&#8221;yes&#8221; link=&#8221;url:https%3A%2F%2Fdurigutti.com%2Fpt-br%2Fmultimidia%2Ffichas-tecnicas%2F|title:Fichas%20T%C3%A9cnicas&#8221;]\t\t<\/div>\n\t<\/div>\n\t\t\t<a class=\"eltdf-eh-item-link\" href=\"\/pt-br\/multimidia\/fichas-tecnicas\/\" target=\"_self\"><\/a>\n\t\t<div class=\"eltdf-eh-item-background\" style=\"background-image: url(https:\/\/durigutti.com\/wp-content\/uploads\/2016\/09\/btn-fichas.jpg);background-size: cover\"><\/div>\n\t<\/div><\/div>[\/vc_column_inner][\/vc_row_inner][vc_empty_space height=&#8221;140px&#8221;][\/vc_column][\/vc_row]<\/p>\n<\/div>","protected":false},"excerpt":{"rendered":"<p> [&hellip;]<\/p>\n","protected":false},"author":6,"featured_media":0,"parent":18003,"menu_order":0,"comment_status":"closed","ping_status":"closed","template":"","meta":{"_seopress_robots_primary_cat":"","_seopress_titles_title":"","_seopress_titles_desc":"","_seopress_robots_index":"","_monsterinsights_skip_tracking":false,"_monsterinsights_sitenote_active":false,"_monsterinsights_sitenote_note":"","_monsterinsights_sitenote_category":0,"footnotes":""},"class_list":["post-18031","page","type-page","status-publish","hentry"],"_links":{"self":[{"href":"https:\/\/durigutti.com\/pt-br\/wp-json\/wp\/v2\/pages\/18031","targetHints":{"allow":["GET"]}}],"collection":[{"href":"https:\/\/durigutti.com\/pt-br\/wp-json\/wp\/v2\/pages"}],"about":[{"href":"https:\/\/durigutti.com\/pt-br\/wp-json\/wp\/v2\/types\/page"}],"author":[{"embeddable":true,"href":"https:\/\/durigutti.com\/pt-br\/wp-json\/wp\/v2\/users\/6"}],"replies":[{"embeddable":true,"href":"https:\/\/durigutti.com\/pt-br\/wp-json\/wp\/v2\/comments?post=18031"}],"version-history":[{"count":11,"href":"https:\/\/durigutti.com\/pt-br\/wp-json\/wp\/v2\/pages\/18031\/revisions"}],"predecessor-version":[{"id":24602,"href":"https:\/\/durigutti.com\/pt-br\/wp-json\/wp\/v2\/pages\/18031\/revisions\/24602"}],"up":[{"embeddable":true,"href":"https:\/\/durigutti.com\/pt-br\/wp-json\/wp\/v2\/pages\/18003"}],"wp:attachment":[{"href":"https:\/\/durigutti.com\/pt-br\/wp-json\/wp\/v2\/media?parent=18031"}],"curies":[{"name":"wp","href":"https:\/\/api.w.org\/{rel}","templated":true}]}}