{"id":14405,"date":"2018-11-26T00:03:06","date_gmt":"2018-11-26T00:03:06","guid":{"rendered":"https:\/\/durigutti.com\/our-collection\/family-estate-wines\/castrelo-das-pedras\/vinos-castrelo-das-pedras\/"},"modified":"2025-03-31T16:38:44","modified_gmt":"2025-03-31T16:38:44","slug":"castrelo-das-pedras-wines","status":"publish","type":"page","link":"https:\/\/durigutti.com\/en\/wines-drinks\/castrelo-das-pedras\/castrelo-das-pedras-wines\/","title":{"rendered":"Castrelo das Pedras Wines"},"content":{"rendered":"<div class=\"wpb-content-wrapper\"><p>[vc_row content_text_aligment=&#8221;center&#8221; css=&#8221;.vc_custom_1543241304931{padding-bottom: 600px !important;background-image: url(http:\/\/durigutti.com\/wp-content\/uploads\/2018\/11\/img_galicia_aldea_600-2.jpg?id=13911) !important;background-position: center !important;background-repeat: no-repeat !important;background-size: cover !important;}&#8221;][vc_column width=&#8221;1\/6&#8243;][\/vc_column][vc_column width=&#8221;2\/3&#8243;][\/vc_column][vc_column width=&#8221;1\/6&#8243;][\/vc_column][\/vc_row][vc_row content_text_aligment=&#8221;center&#8221; css=&#8221;.vc_custom_1520992245288{padding-top: 50px !important;padding-bottom: 10px !important;background-color: #1d1d1b !important;background-position: center !important;background-repeat: no-repeat !important;background-size: cover !important;}&#8221;][vc_column width=&#8221;1\/4&#8243;][\/vc_column][vc_column width=&#8221;1\/2&#8243;]<div class=\"eltdf-section-title-holder\" style=\"text-align: center\">\n\t\t\t<h3 class=\"eltdf-st-title\" style=\"color: #ffffff\">\n\t\t\t<span>RA\u00cdCES DEL MI\u00d1O<\/span>\n\t\t<\/h3>\n                    <div class=\"eltdf-st-separator clearfix\">\n                <div class=\"eltdf-separator\" style=\"border-color: #d16d25\"><\/div>\n            <\/div>\n        \t\t\t<\/div>[vc_empty_space height=&#8221;27px&#8221;][vc_column_text]<\/p>\n<p style=\"text-align: center;\">The<strong> Ra\u00edces del Mi\u00f1o<\/strong> village wines pay homage to the community work of family \u201cminifundios\u201d (smallholdings) which are helping Galicia\u2019s ancient wine-making tradition shine once again. The sparsely populated towns, the small rock soil villages surrounded by vineyards, the terraced views facing the winding Mi\u00f1o river, and the valleys defined by the Avia and the Arnoia rivers in the Ribeiro region, all contribute to making wines of exceptional quality.<\/p>\n<p style=\"text-align: center;\">The first wines of this project are two whites of regional varieties which are produced in limited batches, but there are plans for the near future to produce other wines from the Ribeiro and Ribeira Sacra.<\/p>\n<p>[\/vc_column_text][vc_empty_space height=&#8221;50px&#8221;][\/vc_column][vc_column width=&#8221;1\/4&#8243;][\/vc_column][\/vc_row][vc_row row_content_width=&#8221;grid&#8221; content_text_aligment=&#8221;center&#8221; css=&#8221;.vc_custom_1520992282073{padding-bottom: 70px !important;}&#8221;][vc_column offset=&#8221;vc_hidden-lg vc_hidden-md&#8221;][vc_single_image image=&#8221;13891&#8243; img_size=&#8221;medium&#8221; alignment=&#8221;center&#8221;][vc_column_text]<\/p>\n<h6><span style=\"color: #d16d25;\">2017-2018<\/span><\/h6>\n<p>[\/vc_column_text][vc_column_text css=&#8221;.vc_custom_1543190060760{margin-top: -24px !important;}&#8221;]<\/p>\n<h3>Ra\u00edces del Mi\u00f1o Treixadura, D.O. Ribeiro.<\/h3>\n<p>[\/vc_column_text][vc_column_text css=&#8221;.vc_custom_1562010472118{margin-top: -5px !important;}&#8221;]This wine represents the iconic white variety of the Ribeiro. It is the queen of vineyards, distinguished and harmonious, and sensitive to altitude, which is why it is mainly grown on hillsides with good orientation. With a pale yellow color and green hues, this wine has a deep nose with notes of fresh flowers, green apple, pears, apricot, and freshly-ground white pepper. The mouthfeel is light with a tense acidity that defines a rich freshness, while displaying a flavorful fruity taste. Medium to long lasting finish with a fresh fruit aftertaste.[\/vc_column_text][vc_empty_space height=&#8221;27px&#8221;]<a itemprop=\"url\" href=\"\/downloads\/TN-RaicesDelMino-Treixadura_ENG.pdf\" target=\"_blank\" style=\"color: #737272;border-color: #737272;font-size: 14px;font-weight: 300\" class=\"eltdf-btn eltdf-btn-small eltdf-btn-outline eltdf-btn-custom-hover-bg eltdf-btn-custom-border-hover eltdf-btn-custom-hover-color\" data-hover-color=\"#737272\" data-hover-bg-color=\"rgba(255,255,255,0.01)\" data-hover-border-color=\"#d16d25\" >\n    <span class=\"eltdf-btn-text\">DATA SHEET<\/span>\n    <\/a>[vc_empty_space height=&#8221;27px&#8221;][vc_single_image image=&#8221;13184&#8243; img_size=&#8221;full&#8221; onclick=&#8221;custom_link&#8221; link=&#8221;https:\/\/durigutti.com\/en\/recognition\/&#8221;][vc_empty_space height=&#8221;27px&#8221;][vc_single_image image=&#8221;16626&#8243; img_size=&#8221;full&#8221; onclick=&#8221;custom_link&#8221; link=&#8221;\/https:\/\/durigutti.com\/en\/certificates\/&#8221;][vc_separator][vc_empty_space height=&#8221;27px&#8221;][vc_single_image image=&#8221;13889&#8243; img_size=&#8221;medium&#8221; alignment=&#8221;center&#8221;][vc_column_text]<\/p>\n<h6><span style=\"color: #d16d25;\">2017-2018<\/span><\/h6>\n<p>[\/vc_column_text][vc_column_text css=&#8221;.vc_custom_1543190418084{margin-top: -24px !important;}&#8221;]<\/p>\n<h3>Ra\u00edces del Mi\u00f1o Cepas Aut\u00f3ctonas, D.O. Ribeiro<\/h3>\n<p>[\/vc_column_text][vc_column_text css=&#8221;.vc_custom_1562010740211{margin-top: -5px !important;}&#8221;]This white blend features 50% of Treixadura, 45% of Albari\u00f1o, 4% of Godello and only 1% of Loureira, with a smooth combination of the local traditional varieties. With a pale yellow color and green hues, it is intense on the nose, with notes of fresh citrus, stone fruits, green apple and pineapple. On the palate, it is medium-bodied, slightly oily, and with a strong acidity that defines its freshness. Tropical aftertaste with a medium finish.[\/vc_column_text][vc_empty_space height=&#8221;27px&#8221;]<a itemprop=\"url\" href=\"\/downloads\/TN-RaicesDelMino-CepasAutoctonas_ENG.pdf\" target=\"_blank\" style=\"color: #737272;border-color: #737272;font-size: 14px;font-weight: 300\" class=\"eltdf-btn eltdf-btn-small eltdf-btn-outline eltdf-btn-custom-hover-bg eltdf-btn-custom-border-hover eltdf-btn-custom-hover-color\" data-hover-color=\"#737272\" data-hover-bg-color=\"rgba(255,255,255,0.01)\" data-hover-border-color=\"#d16d25\" >\n    <span class=\"eltdf-btn-text\">DATA SHEET<\/span>\n    <\/a>[vc_empty_space height=&#8221;27px&#8221;][vc_single_image image=&#8221;13184&#8243; img_size=&#8221;full&#8221; onclick=&#8221;custom_link&#8221; link=&#8221;https:\/\/durigutti.com\/en\/recognition\/&#8221;][vc_empty_space height=&#8221;27px&#8221;][vc_single_image image=&#8221;16626&#8243; img_size=&#8221;full&#8221; onclick=&#8221;custom_link&#8221; link=&#8221;\/https:\/\/durigutti.com\/en\/certificates\/&#8221;][vc_separator][vc_empty_space height=&#8221;27px&#8221;][vc_single_image image=&#8221;17261&#8243; img_size=&#8221;medium&#8221; alignment=&#8221;center&#8221;][vc_column_text]<\/p>\n<h6><span style=\"color: #d16d25;\">2018<\/span><\/h6>\n<p>[\/vc_column_text][vc_column_text css=&#8221;.vc_custom_1626899251627{margin-top: -24px !important;}&#8221;]<\/p>\n<h3>Ra\u00edces del Mi\u00f1o Tinto Galaico, D.O. Ribeiro<\/h3>\n<p>[\/vc_column_text][vc_column_text css=&#8221;.vc_custom_1638452564466{margin-top: -5px !important;}&#8221;]A representative red blend from Ribeiro, it combines 50% Brancellao with 25% Cai\u00f1o Longo and 25% Sous\u00f3n. Clean and bright, it provides a very fruity and spicy nose, with a tasty mouth full of freshness, faithful to the Galician terroir.[\/vc_column_text][vc_empty_space height=&#8221;27px&#8221;]<a itemprop=\"url\" href=\"\/downloads\/TN-RaicesDelMino-Tinto-Galaico_ENG.pdf\" target=\"_blank\" style=\"color: #737272;border-color: #737272;font-size: 14px;font-weight: 300\" class=\"eltdf-btn eltdf-btn-small eltdf-btn-outline eltdf-btn-custom-hover-bg eltdf-btn-custom-border-hover eltdf-btn-custom-hover-color\" data-hover-color=\"#737272\" data-hover-bg-color=\"rgba(255,255,255,0.01)\" data-hover-border-color=\"#d16d25\" >\n    <span class=\"eltdf-btn-text\">DATA SHEET<\/span>\n    <\/a>[vc_empty_space height=&#8221;27px&#8221;][vc_single_image image=&#8221;13184&#8243; img_size=&#8221;full&#8221; onclick=&#8221;custom_link&#8221; link=&#8221;https:\/\/durigutti.com\/en\/recognition\/&#8221;][vc_empty_space height=&#8221;27px&#8221;][vc_single_image image=&#8221;16626&#8243; img_size=&#8221;full&#8221; onclick=&#8221;custom_link&#8221; link=&#8221;\/https:\/\/durigutti.com\/en\/certificates\/&#8221;][\/vc_column][\/vc_row][vc_row row_content_width=&#8221;grid&#8221; css=&#8221;.vc_custom_1517068570332{padding-bottom: 70px !important;}&#8221;][vc_column offset=&#8221;vc_hidden-sm vc_hidden-xs&#8221;][vc_row_inner][vc_column_inner offset=&#8221;vc_col-lg-3 vc_col-md-4&#8243;][vc_empty_space height=&#8221;95px&#8221;]<div class=\"eltdf-elements-holder eltdf-responsive-mode-768 eltdf-one-column-alignment-center\" ><div class=\"eltdf-eh-item \" data-item-class=\"eltdf-eh-custom-688386\" >\n\t<div class=\"eltdf-eh-item-inner\" >\n\t\t<div class=\"eltdf-eh-item-content eltdf-eh-custom-688386\" style=\"padding: 106px 0px 0px 0px\">\n\t\t\t<div class=\"eltdf-parallax-image\" style=\"height: 422px\">\n\t<img decoding=\"async\" src=\"https:\/\/durigutti.com\/wp-content\/uploads\/2018\/11\/raices_treixadura.jpg\" alt=\"raices_treixadura\" \/>\n<\/div>\t\t<\/div>\n\t<\/div>\n\t<\/div><\/div>[\/vc_column_inner][vc_column_inner offset=&#8221;vc_col-lg-9 vc_col-md-8&#8243;]<div class=\"eltdf-elements-holder eltdf-responsive-mode-768\" ><div class=\"eltdf-eh-item \" data-item-class=\"eltdf-eh-custom-494799\" data-1024-1280=\"129px 15% 150px 0px\" data-768-1024=\"137px 10% 150px 0px\" data-600-768=\"50px 6% 150px 0px\" data-480-600=\"50px 0% 150px 0px\" data-480=\"50px 0% 150px 0px\" >\n\t<div class=\"eltdf-eh-item-inner\" >\n\t\t<div class=\"eltdf-eh-item-content eltdf-eh-custom-494799\" style=\"padding: 129px 22% 150px 0px\">\n\t\t\t[vc_column_text]<\/p>\n<h6><span style=\"color: #d16d25;\">2017-2018<\/span><\/h6>\n<p>[\/vc_column_text][vc_column_text css=&#8221;.vc_custom_1543190389715{margin-top: -24px !important;}&#8221;]<\/p>\n<h3>Ra\u00edces del Mi\u00f1o Treixadura, D.O. Ribeiro<\/h3>\n<p>[\/vc_column_text][vc_column_text css=&#8221;.vc_custom_1562010713402{margin-top: -5px !important;}&#8221;]This wine represents the iconic white variety of the Ribeiro. It is the queen of vineyards, distinguished and harmonious, and sensitive to altitude, which is why it is mainly grown on hillsides with good orientation. With a pale yellow color and green hues, this wine has a deep nose with notes of fresh flowers, green apple, pears, apricot, and freshly-ground white pepper. The mouthfeel is light with a tense acidity that defines a rich freshness, while displaying a flavorful fruity taste. Medium to long lasting finish with a fresh fruit aftertaste.[\/vc_column_text][vc_empty_space height=&#8221;27px&#8221;]<a itemprop=\"url\" href=\"\/downloads\/TN-RaicesDelMino-Treixadura_ENG.pdf\" target=\"_blank\" style=\"color: #737272;border-color: #737272;font-size: 14px;font-weight: 300\" class=\"eltdf-btn eltdf-btn-small eltdf-btn-outline eltdf-btn-custom-hover-bg eltdf-btn-custom-border-hover eltdf-btn-custom-hover-color\" data-hover-color=\"#737272\" data-hover-bg-color=\"rgba(255,255,255,0.01)\" data-hover-border-color=\"#d16d25\" >\n    <span class=\"eltdf-btn-text\">DATA SHEET<\/span>\n    <\/a>[vc_single_image image=&#8221;16638&#8243; img_size=&#8221;full&#8221; alignment=&#8221;right&#8221; onclick=&#8221;custom_link&#8221; link=&#8221;https:\/\/durigutti.com\/en\/recognition\/&#8221;]\t\t<\/div>\n\t<\/div>\n\t<\/div><\/div>[\/vc_column_inner][\/vc_row_inner][vc_separator][vc_row_inner][vc_column_inner offset=&#8221;vc_col-lg-9 vc_col-md-8&#8243;]<div class=\"eltdf-elements-holder eltdf-responsive-mode-768\" ><div class=\"eltdf-eh-item eltdf-horizontal-alignment-right\" data-item-class=\"eltdf-eh-custom-281971\" data-1024-1280=\"129px 0% 150px 15%\" data-768-1024=\"129px 0% 150px 10%\" data-600-768=\"150px 0% 0px 6%\" data-480-600=\"150px 0% 0px 0px\" data-480=\"150px 0% 0px 0px\" >\n\t<div class=\"eltdf-eh-item-inner\" >\n\t\t<div class=\"eltdf-eh-item-content eltdf-eh-custom-281971\" style=\"padding: 129px 0% 150px 22%\">\n\t\t\t[vc_column_text]<\/p>\n<h6><span style=\"color: #d16d25;\">2017-2018<\/span><\/h6>\n<p>[\/vc_column_text][vc_column_text css=&#8221;.vc_custom_1543190405307{margin-top: -24px !important;}&#8221;]<\/p>\n<h3>Ra\u00edces del Mi\u00f1o Cepas Aut\u00f3ctonas, D.O. Ribeiro<\/h3>\n<p>[\/vc_column_text][vc_column_text css=&#8221;.vc_custom_1562010731109{margin-top: -5px !important;}&#8221;]This white blend features 50% of Treixadura, 45% of Albari\u00f1o, 4% of Godello and only 1% of Loureira, with a smooth combination of the local traditional varieties. With a pale yellow color and green hues, it is intense on the nose, with notes of fresh citrus, stone fruits, green apple and pineapple. On the palate, it is medium-bodied, slightly oily, and with a strong acidity that defines its freshness. Tropical aftertaste with a medium finish.[\/vc_column_text][vc_empty_space height=&#8221;27px&#8221;]<a itemprop=\"url\" href=\"\/downloads\/TN-RaicesDelMino-CepasAutoctonas_ENG.pdf\" target=\"_blank\" style=\"color: #737272;border-color: #737272;font-size: 14px;font-weight: 300\" class=\"eltdf-btn eltdf-btn-small eltdf-btn-outline eltdf-btn-custom-hover-bg eltdf-btn-custom-border-hover eltdf-btn-custom-hover-color\" data-hover-color=\"#737272\" data-hover-bg-color=\"rgba(255,255,255,0.01)\" data-hover-border-color=\"#d16d25\" >\n    <span class=\"eltdf-btn-text\">DATA SHEET<\/span>\n    <\/a>[vc_single_image image=&#8221;16638&#8243; img_size=&#8221;full&#8221; onclick=&#8221;custom_link&#8221; link=&#8221;https:\/\/durigutti.com\/en\/recognition\/&#8221;]\t\t<\/div>\n\t<\/div>\n\t<\/div><\/div>[\/vc_column_inner][vc_column_inner offset=&#8221;vc_col-lg-3 vc_col-md-4&#8243;]<div class=\"eltdf-elements-holder eltdf-responsive-mode-768\" ><div class=\"eltdf-eh-item eltdf-horizontal-alignment-center\" data-item-class=\"eltdf-eh-custom-601274\" data-1280-1600=\"106px 0px 0px 0px\" data-1024-1280=\"106px 0px 0px 0px\" data-768-1024=\"88px 0px 0px 0px\" data-600-768=\"10px 0px 150px 0px\" data-480-600=\"96px 0px 150px 0px\" data-480=\"96px 0px 150px 0px\" >\n\t<div class=\"eltdf-eh-item-inner\" >\n\t\t<div class=\"eltdf-eh-item-content eltdf-eh-custom-601274\" style=\"padding: 106px 0px 0px 0px\">\n\t\t\t<div class=\"eltdf-parallax-image\" style=\"height: 422px\">\n\t<img decoding=\"async\" src=\"https:\/\/durigutti.com\/wp-content\/uploads\/2018\/11\/raices_cepa.jpg\" alt=\"raices_cepa\" \/>\n<\/div>\t\t<\/div>\n\t<\/div>\n\t<\/div><\/div>[\/vc_column_inner][\/vc_row_inner][vc_separator][vc_row_inner][vc_column_inner offset=&#8221;vc_col-lg-3 vc_col-md-4&#8243;][vc_empty_space height=&#8221;95px&#8221;]<div class=\"eltdf-elements-holder eltdf-responsive-mode-768 eltdf-one-column-alignment-center\" ><div class=\"eltdf-eh-item \" data-item-class=\"eltdf-eh-custom-646308\" >\n\t<div class=\"eltdf-eh-item-inner\" >\n\t\t<div class=\"eltdf-eh-item-content eltdf-eh-custom-646308\" style=\"padding: 106px 0px 0px 0px\">\n\t\t\t<div class=\"eltdf-parallax-image\" style=\"height: 422px\">\n\t<img decoding=\"async\" src=\"https:\/\/durigutti.com\/wp-content\/uploads\/2021\/07\/raices_tinto-galaico.jpg\" alt=\"raices_tinto-galaico\" \/>\n<\/div>\t\t<\/div>\n\t<\/div>\n\t<\/div><\/div>[\/vc_column_inner][vc_column_inner offset=&#8221;vc_col-lg-9 vc_col-md-8&#8243;]<div class=\"eltdf-elements-holder eltdf-responsive-mode-768\" ><div class=\"eltdf-eh-item \" data-item-class=\"eltdf-eh-custom-993280\" data-1024-1280=\"129px 15% 150px 0px\" data-768-1024=\"137px 10% 150px 0px\" data-600-768=\"50px 6% 150px 0px\" data-480-600=\"50px 0% 150px 0px\" data-480=\"50px 0% 150px 0px\" >\n\t<div class=\"eltdf-eh-item-inner\" >\n\t\t<div class=\"eltdf-eh-item-content eltdf-eh-custom-993280\" style=\"padding: 129px 22% 150px 0px\">\n\t\t\t[vc_column_text]<\/p>\n<h6><span style=\"color: #d16d25;\">2018<\/span><\/h6>\n<p>[\/vc_column_text][vc_column_text css=&#8221;.vc_custom_1626899327482{margin-top: -24px !important;}&#8221;]<\/p>\n<h3>Ra\u00edces del Mi\u00f1o Tinto Galaico, D.O. Ribeiro<\/h3>\n<p>[\/vc_column_text][vc_column_text css=&#8221;.vc_custom_1638452581363{margin-top: -5px !important;}&#8221;]A representative red blend from Ribeiro, it combines 50% Brancellao with 25% Cai\u00f1o Longo and 25% Sous\u00f3n. Clean and bright, it provides a very fruity and spicy nose, with a tasty mouth full of freshness, faithful to the Galician terroir.[\/vc_column_text][vc_empty_space height=&#8221;27px&#8221;]<a itemprop=\"url\" href=\"\/downloads\/TN-RaicesDelMino-Tinto-Galaico_ENG.pdf\" target=\"_blank\" style=\"color: #737272;border-color: #737272;font-size: 14px;font-weight: 300\" class=\"eltdf-btn eltdf-btn-small eltdf-btn-outline eltdf-btn-custom-hover-bg eltdf-btn-custom-border-hover eltdf-btn-custom-hover-color\" data-hover-color=\"#737272\" data-hover-bg-color=\"rgba(255,255,255,0.01)\" data-hover-border-color=\"#d16d25\" >\n    <span class=\"eltdf-btn-text\">DATA SHEET<\/span>\n    <\/a>[vc_single_image image=&#8221;16638&#8243; img_size=&#8221;full&#8221; alignment=&#8221;right&#8221; onclick=&#8221;custom_link&#8221; link=&#8221;https:\/\/durigutti.com\/en\/recognition\/&#8221;]\t\t<\/div>\n\t<\/div>\n\t<\/div><\/div>[\/vc_column_inner][\/vc_row_inner][\/vc_column][\/vc_row][vc_row row_content_width=&#8221;grid&#8221; content_text_aligment=&#8221;center&#8221; css=&#8221;.vc_custom_1510865302572{padding-top: 50px !important;padding-bottom: 50px !important;}&#8221;][vc_column width=&#8221;1\/4&#8243;][\/vc_column][vc_column width=&#8221;1\/4&#8243;][vc_empty_space height=&#8221;30px&#8221;]<a itemprop=\"url\" href=\"\/en\/wines-drinks\/castrelo-das-pedras\/\" target=\"_self\" style=\"color: #ffffff;background-color: #d16d25;border-color: #d16d25;font-size: 12px;font-weight: 300;margin: 0 20px 0 20px\" class=\"eltdf-btn eltdf-btn-small eltdf-btn-solid eltdf-btn-custom-hover-bg eltdf-btn-custom-border-hover eltdf-btn-custom-hover-color\" data-hover-color=\"#d16d25\" data-hover-bg-color=\"#ffffff\" data-hover-border-color=\"#d16d25\" >\n    <span class=\"eltdf-btn-text\">RETURN<\/span>\n    <\/a>[\/vc_column][vc_column width=&#8221;1\/4&#8243;][vc_empty_space height=&#8221;30px&#8221;]<a itemprop=\"url\" href=\"\/en\/wines-drinks\/\" target=\"_self\" style=\"color: #ffffff;background-color: #d16d25;border-color: #d16d25;font-size: 12px;font-weight: 300\" class=\"eltdf-btn eltdf-btn-small eltdf-btn-solid eltdf-btn-custom-hover-bg eltdf-btn-custom-border-hover eltdf-btn-custom-hover-color\" data-hover-color=\"#d16d25\" data-hover-bg-color=\"#ffffff\" data-hover-border-color=\"#d16d25\" >\n    <span class=\"eltdf-btn-text\">SEE WINES &amp; DRINKS<\/span>\n    <\/a>[\/vc_column][vc_column width=&#8221;1\/4&#8243;][\/vc_column][\/vc_row]<\/p>\n<\/div>","protected":false},"excerpt":{"rendered":"<p> [&hellip;]<\/p>\n","protected":false},"author":6,"featured_media":0,"parent":14403,"menu_order":0,"comment_status":"closed","ping_status":"closed","template":"full-width.php","meta":{"_seopress_robots_primary_cat":"","_seopress_titles_title":"","_seopress_titles_desc":"","_seopress_robots_index":"","_monsterinsights_skip_tracking":false,"_monsterinsights_sitenote_active":false,"_monsterinsights_sitenote_note":"","_monsterinsights_sitenote_category":0,"footnotes":""},"class_list":["post-14405","page","type-page","status-publish","hentry"],"_links":{"self":[{"href":"https:\/\/durigutti.com\/en\/wp-json\/wp\/v2\/pages\/14405","targetHints":{"allow":["GET"]}}],"collection":[{"href":"https:\/\/durigutti.com\/en\/wp-json\/wp\/v2\/pages"}],"about":[{"href":"https:\/\/durigutti.com\/en\/wp-json\/wp\/v2\/types\/page"}],"author":[{"embeddable":true,"href":"https:\/\/durigutti.com\/en\/wp-json\/wp\/v2\/users\/6"}],"replies":[{"embeddable":true,"href":"https:\/\/durigutti.com\/en\/wp-json\/wp\/v2\/comments?post=14405"}],"version-history":[{"count":16,"href":"https:\/\/durigutti.com\/en\/wp-json\/wp\/v2\/pages\/14405\/revisions"}],"predecessor-version":[{"id":25476,"href":"https:\/\/durigutti.com\/en\/wp-json\/wp\/v2\/pages\/14405\/revisions\/25476"}],"up":[{"embeddable":true,"href":"https:\/\/durigutti.com\/en\/wp-json\/wp\/v2\/pages\/14403"}],"wp:attachment":[{"href":"https:\/\/durigutti.com\/en\/wp-json\/wp\/v2\/media?parent=14405"}],"curies":[{"name":"wp","href":"https:\/\/api.w.org\/{rel}","templated":true}]}}